{"id":106,"date":"2018-04-05T10:32:35","date_gmt":"2018-04-05T08:32:35","guid":{"rendered":"http:\/\/www.afasi.se\/foreningshandbok\/?page_id=106"},"modified":"2026-04-17T15:22:55","modified_gmt":"2026-04-17T13:22:55","slug":"driva-forening","status":"publish","type":"page","link":"https:\/\/www.afasi.se\/foreningshandbok\/driva-forening\/","title":{"rendered":"Driva f\u00f6rening"},"content":{"rendered":"<!-- RS_MODULE_CODE_2.4.4 --><div id=\"readspeaker_button106\" class=\"rs_skip rsbtn rs_preserve\"><a class=\"rsbtn_play\" title=\"Lyssna p&aring; sidans text med ReadSpeaker\" accesskey=\"L\" href=\"\/\/app-eu.readspeaker.com\/cgi-bin\/rsent?customerid=7782&amp;lang=sv_se&amp;readid=rspeak_read_106&amp;url=https%3A%2F%2Fwww.afasi.se%2Fforeningshandbok%2Fwp-json%2Fwp%2Fv2%2Fpages%2F106\">\n        <span class=\"rsbtn_left rsimg rspart\"><span class=\"rsbtn_text\"><span>Lyssna<\/span><\/span><\/span>\n        <span class=\"rsbtn_right rsimg rsplay rspart\"><\/span>\n        <\/a><\/div><div id=\"rspeak_read_106\"><div class=\"breadcrumbs align top-page-breadcrumb wp-block-bcn-breadcrumb-trail has-text-color has-background\" vocab=\"https:\/\/schema.org\/\" typeof=\"BreadcrumbList\">\n\t<span><\/span>\n\t<span class=\"breadcrumbs-title\">Du \u00e4r h\u00e4r: <\/span><span property=\"itemListElement\" typeof=\"ListItem\"><a property=\"item\" typeof=\"WebPage\" title=\"G\u00e5 till F\u00f6reningshandboken.\" href=\"https:\/\/www.afasi.se\/foreningshandbok\" class=\"home\" aria-current=\"page\"><span property=\"name\">F\u00f6reningshandboken<\/span><\/a><meta property=\"position\" content=\"1\"><\/span><\/div>\n\n\n<div class=\"alignwide-wrap\" data-block=\"columns\">\n<div class=\"wp-block-columns alignwide\">\n<div class=\"wp-block-column\" style=\"flex-basis:30%\"><div id='iksm-695' class='iksm iksm-695 iksm-container '  data-id='695' data-is-pro='0' data-source='menu'><div class='iksm-terms'><div class='iksm-terms-tree iksm-terms-tree--level-1 iksm-terms-tree--parents' style=''><div class=\"iksm-terms-tree__inner\">\n        <div class=\"iksm-term iksm-term--id-677 iksm-term--parent\" data-id=\"677\">\n            <div class=\"iksm-term__inner\" tabindex='0'>\n                <a class=\"iksm-term__link\" href='https:\/\/www.afasi.se\/foreningshandbok\/driva-forening\/arsmoten\/' target='_self' tabindex='-1'>\n\t\t\t\t        <span class=\"iksm-term__text\">\u00c5rsm\u00f6ten<\/span>\n\t\t            <\/a>\n\t\t\t        <\/div>\n\t\t        <\/div>\n\n\t\t\n        <div class=\"iksm-term iksm-term--id-678 iksm-term--parent\" data-id=\"678\">\n            <div class=\"iksm-term__inner\" tabindex='0'>\n                <a class=\"iksm-term__link\" href='https:\/\/www.afasi.se\/foreningshandbok\/driva-forening\/arssammanstallning\/' target='_self' tabindex='-1'>\n\t\t\t\t        <span class=\"iksm-term__text\">\u00c5rssammanst\u00e4llning<\/span>\n\t\t            <\/a>\n\t\t\t        <\/div>\n\t\t        <\/div>\n\n\t\t\n        <div class=\"iksm-term iksm-term--id-679 iksm-term--parent\" data-id=\"679\">\n            <div class=\"iksm-term__inner\" tabindex='0'>\n                <a class=\"iksm-term__link\" href='https:\/\/www.afasi.se\/foreningshandbok\/driva-forening\/avsluta-forening\/' target='_self' tabindex='-1'>\n\t\t\t\t        <span class=\"iksm-term__text\">Avsluta f\u00f6rening<\/span>\n\t\t            <\/a>\n\t\t\t        <\/div>\n\t\t        <\/div>\n\n\t\t\n        <div class=\"iksm-term iksm-term--id-683 iksm-term--parent\" data-id=\"683\">\n            <div class=\"iksm-term__inner\" tabindex='0'>\n                <a class=\"iksm-term__link\" href='https:\/\/www.afasi.se\/foreningshandbok\/driva-forening\/skapa-delaktighet\/' target='_self' tabindex='-1'>\n\t\t\t\t        <span class=\"iksm-term__text\">Skapa delaktighet<\/span>\n\t\t            <\/a>\n\t\t\t        <\/div>\n\t\t        <\/div>\n\n\t\t\n        <div class=\"iksm-term iksm-term--id-680 iksm-term--parent\" data-id=\"680\">\n            <div class=\"iksm-term__inner\" tabindex='0'>\n                <a class=\"iksm-term__link\" href='https:\/\/www.afasi.se\/foreningshandbok\/driva-forening\/fa-fler-medlemmar-och-behalla-de-som-finns\/' target='_self' tabindex='-1'>\n\t\t\t\t        <span class=\"iksm-term__text\">F\u00e5 fler medlemmar<\/span>\n\t\t            <\/a>\n\t\t\t        <\/div>\n\t\t        <\/div>\n\n\t\t\n        <div class=\"iksm-term iksm-term--id-682 iksm-term--parent\" data-id=\"682\">\n            <div class=\"iksm-term__inner\" tabindex='0'>\n                <a class=\"iksm-term__link\" href='https:\/\/www.afasi.se\/foreningshandbok\/driva-forening\/paverkan\/' target='_self' tabindex='-1'>\n\t\t\t\t        <span class=\"iksm-term__text\">P\u00e5verkan<\/span>\n\t\t            <\/a>\n\t\t\t        <\/div>\n\t\t        <\/div>\n\n\t\t\n        <div class=\"iksm-term iksm-term--id-676 iksm-term--parent\" data-id=\"676\">\n            <div class=\"iksm-term__inner\" tabindex='0'>\n                <a class=\"iksm-term__link\" href='https:\/\/www.afasi.se\/foreningshandbok\/driva-forening\/aktiviteter-for-medlemmar\/' target='_self' tabindex='-1'>\n\t\t\t\t        <span class=\"iksm-term__text\">Aktiviteter<\/span>\n\t\t            <\/a>\n\t\t\t        <\/div>\n\t\t        <\/div>\n\n\t\t\n        <div class=\"iksm-term iksm-term--id-675 iksm-term--parent\" data-id=\"675\">\n            <div class=\"iksm-term__inner\" tabindex='0'>\n                <a class=\"iksm-term__link\" href='https:\/\/www.afasi.se\/foreningshandbok\/driva-forening\/afasidagen\/' target='_self' tabindex='-1'>\n\t\t\t\t        <span class=\"iksm-term__text\">Afasidagen<\/span>\n\t\t            <\/a>\n\t\t\t        <\/div>\n\t\t        <\/div>\n\n\t\t\n        <div class=\"iksm-term iksm-term--id-681 iksm-term--parent\" data-id=\"681\">\n            <div class=\"iksm-term__inner\" tabindex='0'>\n                <a class=\"iksm-term__link\" href='https:\/\/www.afasi.se\/foreningshandbok\/driva-forening\/motesplats-afasi\/' target='_self' tabindex='-1'>\n\t\t\t\t        <span class=\"iksm-term__text\">M\u00f6tesplats Afasi<\/span>\n\t\t            <\/a>\n\t\t\t        <\/div>\n\t\t        <\/div>\n\n\t\t\n        <div class=\"iksm-term iksm-term--id-684 iksm-term--parent\" data-id=\"684\">\n            <div class=\"iksm-term__inner\" tabindex='0'>\n                <a class=\"iksm-term__link\" href='https:\/\/www.afasi.se\/foreningshandbok\/driva-forening\/talknuten\/' target='_self' tabindex='-1'>\n\t\t\t\t        <span class=\"iksm-term__text\">Talknuten<\/span>\n\t\t            <\/a>\n\t\t\t        <\/div>\n\t\t        <\/div>\n\n\t\t<\/div><\/div><\/div><div id=\"iksm_data_args\" class=\"data-args\"  data-collapse_children_terms='1' data-collapse_other_terms='1' data-collapse_animation_duration='400' data-expand_animation_duration='400'><\/div><\/div><script id=\"styles-copier-69ecdc5419c25\">\n\t\t\t\/\/ Finding styles element\n\t        var element = document.getElementById(\"iksm-dynamic-style\");\n\t        if (!element) { \/\/ If no element (Cache plugins can remove tag), then creating a new one\n                element = document.createElement('style');\n                var head = document.getElementsByTagName(\"head\")\n                if (head && head[0]) {\n                \thead[0].appendChild(element);\n                } else {\n                  \tconsole.warn(\"Iks Menu | Error while printing styles. Please contact technical support.\");\n                }\n\t        }\n\t\t\t\/\/ Copying styles to <styles> tag\n\t        element.innerHTML += \".iksm-695 .iksm-terms{transition:all 400ms;animation:iks-fade-in 1000ms;}.iksm-695 .iksm-term__inner{background-color:rgba(255,255,255,1);min-height:44px;transition:all 400ms;}.iksm-695 .iksm-term__inner:hover{background-color:rgba(236,236,236,1);}.iksm-695 .iksm-term--current > .iksm-term__inner{background-color:rgba(212,212,212,1);}.iksm-695 .iksm-term__link{color:rgba(0,0,0,1);font-size:15px;line-height:15px;font-weight:400;text-decoration:none;padding-top:5px;padding-right:15px;padding-bottom:5px;padding-left:15px;transition:all 400ms;}.iksm-695 .iksm-term__inner:hover .iksm-term__link{color:rgba(50,50,50,1);}.iksm-695 .iksm-term__toggle__inner{transition:transform 400ms}.iksm-695 .iksm-term--expanded > .iksm-term__inner > .iksm-term__toggle > .iksm-term__toggle__inner{transform:rotate(180deg);}.iksm-695 .iksm-term__toggle{color:rgba(133,133,133,1);font-size:22px;align-self:stretch;height:unset;;width:40px;transition:all 400ms;}.iksm-695 .iksm-term__toggle:hover{color:rgba(0,0,0,1);}.iksm-695 .iksm-term__image-container{width:30px;min-width:30px;height:30px;min-height:30px;margin-right:15px;transition:all 400ms;}.iksm-695 .iksm-term__image{background-size:contain;background-position:center;background-repeat:no-repeat;}.iksm-695 .iksm-term__image-container:hover{background-size:contain;background-position:center;background-repeat:no-repeat;}.iksm-695 .iksm-term__inner:hover .iksm-term__image-container{background-size:contain;background-position:center;background-repeat:no-repeat;}.iksm-695 .iksm-term__inner:focus .iksm-term__image-container{background-size:contain;background-position:center;background-repeat:no-repeat;}.iksm-695 .iksm-term--current > .iksm-term__inner .iksm-term__image-container{background-size:contain;background-position:center;background-repeat:no-repeat;}.iksm-695 .iksm-term--child .iksm-term__inner .iksm-term__image-container{background-size:contain;background-position:center;background-repeat:no-repeat;}.iksm-695 .iksm-term--child .iksm-term__inner .iksm-term__image-container:hover{background-size:contain;background-position:center;background-repeat:no-repeat;}.iksm-695 .iksm-term--child .iksm-term__inner .iksm-term__image-container:focus{background-size:contain;background-position:center;background-repeat:no-repeat;}.iksm-695 .iksm-term--child.iksm-term--current > .iksm-term__inner .iksm-term__image-container{background-size:contain;background-position:center;background-repeat:no-repeat;}.iksm-695  .iksm-term__text{flex: unset}.iksm-695 .iksm-term__posts-count{color:rgba(133,133,133,1);font-size:16px;margin-left:12px;font-weight:400;transition:all 400ms;}\";\n\t        \/\/ Removing this script\n            var this_script = document.getElementById(\"styles-copier-69ecdc5419c25\");\n            if (this_script) { \/\/ Cache plugins can remove tag\n\t            this_script.outerHTML = \"\";\n\t            if (this_script.parentNode) {\n\t                this_script.parentNode.removeChild(this_script);\n\t            }\n            }\n        <\/script>\n<\/div>\n\n\n\n<div class=\"wp-block-column\" style=\"flex-basis:40%\">\n<h3 class=\"wp-block-heading\"><strong>F\u00f6reningsst\u00f6d<\/strong><\/h3>\n\n\n\n<p><a href=\"http:\/\/www.afasi.se\/foreningshandbok\/driva-forening\/sammanfattning-driva-forening\/\"><b>L\u00e4s sammanfattning<\/b><\/a><\/p>\n\n\n\n<p><strong>Afasif\u00f6rbundet har ett kansli.<\/strong><br>Kansliet arbetar med att ge st\u00f6d<br>till f\u00f6reningarna s\u00e5 att de kan utvecklas och arbeta<br>b\u00e4ttre.<\/p>\n\n\n\n<p>Det finns information, tips och mallar f\u00f6r olika<br>dokument till f\u00f6reningarna p\u00e5 Afasif\u00f6rbundets<br>webbplats www.afasi.se under rubriken<br>\u201dF\u00f6reningsst\u00f6d\u201d.<\/p>\n\n\n\n<p><strong>Olika satsningar<\/strong><br>Afasif\u00f6rbundet arbetar med olika satsningar f\u00f6r att ge st\u00f6d till f\u00f6reningarna. <br>M\u00e5let \u00e4r att st\u00e4rka f\u00f6reningarna och locka nya medlemmar. Vi g\u00f6r utskick om v\u00e5ra satsningar till f\u00f6reningarna och skriver om den i Nyhetsbrevet Afasi som f\u00f6reningarna f\u00e5r.  <\/p>\n\n\n\n<p>Vi sprider kunskap om<br>afasi och DLD\/spr\u00e5kst\u00f6rning genom digitala f\u00f6rel\u00e4sningar, v\u00e5ra broschyrer, v\u00e5r webbsida afasi.se och v\u00e5r Tidningen Afasi.<\/p>\n\n\n\n<p><strong>F\u00f6reningsutbildning<\/strong><br>Utbildning \u00e4r ocks\u00e5 ett s\u00e4tt att utveckla f\u00f6reningarna.<br>Afasif\u00f6rbundets kansli och Studief\u00f6rbundet Vuxenskolan (SV) har kunskap om hur utbildningar kan l\u00e4ggas upp. <\/p>\n\n\n\n<p><strong>Starta f\u00f6rening<\/strong><br>En f\u00f6rening startas av personer med afasi eller<br>DLD\/spr\u00e5kst\u00f6rning eller som \u00e4r anh\u00f6riga. De vill arbeta<br>tillsammans f\u00f6r att livet ska bli b\u00e4ttre f\u00f6r personer<br>med afasi och DLD\/spr\u00e5kst\u00f6rning och f\u00f6r deras anh\u00f6riga.<\/p>\n\n\n\n<p>Det finns information, tips och mallar f\u00f6r olika<br>dokument till f\u00f6reningarna p\u00e5 Afasif\u00f6rbundets<br>webbplats www.afasi.se under rubriken<br>\u201dF\u00f6reningsst\u00f6d\u201d. D\u00e4r finns bland annat mallar<br>f\u00f6r styrelsem\u00f6ten och \u00e5rsredovisningar.<\/p>\n\n\n\n<p>Afasif\u00f6rbundet ger st\u00f6d till de som vill starta en<br>lokalf\u00f6rening. Afasif\u00f6rbundet vill ocks\u00e5 att de l\u00e4ns-<br>och regionf\u00f6reningar som inte har n\u00e5gon lokalf\u00f6rening<br>ska starta en lokalf\u00f6rening.<\/p>\n\n\n\n<p><strong>Olika slags f\u00f6reningar<\/strong><br><strong>En lokalf\u00f6rening<\/strong> bildas n\u00e4r det inte finns n\u00e5gon<br>f\u00f6rening som tillh\u00f6r Afasif\u00f6rbundet p\u00e5 orten eller i<br>regionen.<\/p>\n\n\n\n<p><strong>En l\u00e4ns- eller regionf\u00f6rening<\/strong> bildas n\u00e4r det redan<br>finns en eller flera lokalf\u00f6reningar i l\u00e4net. L\u00e4ns- eller<br>regionf\u00f6reningen h\u00e5ller ihop lokalf\u00f6reningarna, som<br>ett paraply.<\/p>\n\n\n\n<p>Afasif\u00f6rbundet h\u00e5ller ihop l\u00e4ns- och regionf\u00f6reningarna<br>som ett paraply.<\/p>\n\n\n\n<p><strong>Lokalf\u00f6reningar<\/strong><br>Lokalf\u00f6reningarna arbetar i kommunen d\u00e4r den finns.<br>Personerna i f\u00f6reningen p\u00e5verkar kommunens politiker<br>s\u00e5 att situationen f\u00f6r personer med afasi och DLD\/spr\u00e5kst\u00f6rning<br>och f\u00f6r deras anh\u00f6riga blir b\u00e4ttre.<\/p>\n\n\n\n<p>Lokalf\u00f6reningen har n\u00e4ra kontakt med medlemmarna.<br>F\u00f6reningen ordnar m\u00f6tesgrupper, studiecirklar, f\u00f6redrag,<br>utbildningar och utflykter. Lokalf\u00f6reningar kan driva<br>M\u00f6tesplats Afasi (som ocks\u00e5 kan ha ett annat namn)<\/p>\n\n\n\n<p>Om det inte finns n\u00e5gon l\u00e4ns- eller regionf\u00f6rening i<br>omr\u00e5det s\u00e5 kan lokalf\u00f6reningen ocks\u00e5 arbeta med<br>fr\u00e5gor som har med landstinget och regionen att g\u00f6ra.<\/p>\n\n\n\n<p><strong>L\u00e4ns- och regionf\u00f6reningar<\/strong><br>L\u00e4ns- och regionf\u00f6reningarna arbetar inom l\u00e4net eller<br>regionen. F\u00f6reningen p\u00e5verkar politikerna i landstinget<br>eller regionen s\u00e5 att situationen f\u00f6r personer med afasi<br>och spr\u00e5kst\u00f6rning och f\u00f6r deras anh\u00f6riga blir b\u00e4ttre.<\/p>\n\n\n\n<p>L\u00e4ns- eller regionf\u00f6reningen h\u00e5ller kontakt med<br>lokalf\u00f6reningarna i l\u00e4net. F\u00f6reningen kan ocks\u00e5 ha<br>aktiviteter f\u00f6r alla medlemmar i l\u00e4net eller regionen.<\/p>\n\n\n\n<p>Om det inte finns en lokalf\u00f6rening i n\u00e5gon av<br>kommunerna i l\u00e4net eller regionen s\u00e5 kan f\u00f6reningen<br>ocks\u00e5 arbeta med fr\u00e5gor i kommunen.<\/p>\n\n\n\n<p>L\u00e4ns- eller regionf\u00f6reningen kan ha ansvar f\u00f6r<br>M\u00f6tesplats Afasi (som ocks\u00e5 kan ha ett annat namn)<br>om det finns n\u00e5gon s\u00e5dan i omr\u00e5det.<\/p>\n\n\n\n<p>Det \u00e4r l\u00e4ns- eller regionf\u00f6reningen som best\u00e4mmer<br>vilka personer som ska vara ombud p\u00e5 Afasif\u00f6rbundets<br>kongress. Ordf\u00f6randen i l\u00e4ns- eller regionf\u00f6reningen<br>\u00e4r med p\u00e5 ordf\u00f6randem\u00f6tet. Ordf\u00f6randem\u00f6tet \u00e4r varje \u00e5r<br>som det inte \u00e4r kongress.<\/p>\n\n\n\n<p><strong>Direktmedlemskap<\/strong><br>Kongressen 2024 beslutade om m\u00f6jlighet till direktmedemskap i Afasif\u00f6rbundet. Det \u00e4r till f\u00f6r medlemmar som bor l\u00e5ngt bort fr\u00e5n en f\u00f6rening eller av annan anledning inte \u00f6nskar tillh\u00f6ra en afasif\u00f6rening. Valberedningen utser ombud f\u00f6r direktmedlemmar vid Afasif\u00f6rbundets kongress.<\/p>\n\n\n\n<p>\u00a9 Afasif\u00f6rbundet i Sverige<\/p>\n<\/div>\n<\/div>\n<\/div>\n\n\n<p><\/p>\n<\/div>","protected":false},"excerpt":{"rendered":"<!-- RS_MODULE_CODE_2.4.4 --><div id=\"readspeaker_button106\" class=\"rs_skip rsbtn rs_preserve\"><a class=\"rsbtn_play\" title=\"Lyssna p&aring; sidans text med ReadSpeaker\" accesskey=\"L\" href=\"\/\/app-eu.readspeaker.com\/cgi-bin\/rsent?customerid=7782&amp;lang=sv_se&amp;readid=rspeak_read_106&amp;url=https%3A%2F%2Fwww.afasi.se%2Fforeningshandbok%2Fwp-json%2Fwp%2Fv2%2Fpages%2F106\">\n        <span class=\"rsbtn_left rsimg rspart\"><span class=\"rsbtn_text\"><span>Lyssna<\/span><\/span><\/span>\n        <span class=\"rsbtn_right rsimg rsplay rspart\"><\/span>\n        <\/a><\/div><div id=\"rspeak_read_106\"><div class=\"entry-summary\">\n F\u00f6reningsst\u00f6d L\u00e4s sammanfattning Afasif\u00f6rbundet har ett kansli.Kansliet arbetar med att ge st\u00f6dtill f\u00f6reningarna s\u00e5 att de kan utvecklas och arbetab\u00e4ttre. Det finns information, tips och mallar f\u00f6r olikadokument till f\u00f6reningarna p\u00e5 Afasif\u00f6rbundetswebbplats www.afasi.se under rubriken\u201dF\u00f6reningsst\u00f6d\u201d. Olika satsningarAfasif\u00f6rbundet arbetar med&hellip;\n<\/div>\n<div class=\"link-more-container\"><a href=\"https:\/\/www.afasi.se\/foreningshandbok\/driva-forening\/\" class=\"link-more\" aria-label=\"Continue reading Driva f\u00f6rening\">Continue reading&hellip;<\/a><\/div>\n<\/div>","protected":false},"author":4,"featured_media":0,"parent":0,"menu_order":0,"comment_status":"closed","ping_status":"closed","template":"","meta":{"footnotes":""},"class_list":["post-106","page","type-page","status-publish","hentry","entry","entry-type-page"],"_links":{"self":[{"href":"https:\/\/www.afasi.se\/foreningshandbok\/wp-json\/wp\/v2\/pages\/106","targetHints":{"allow":["GET"]}}],"collection":[{"href":"https:\/\/www.afasi.se\/foreningshandbok\/wp-json\/wp\/v2\/pages"}],"about":[{"href":"https:\/\/www.afasi.se\/foreningshandbok\/wp-json\/wp\/v2\/types\/page"}],"author":[{"embeddable":true,"href":"https:\/\/www.afasi.se\/foreningshandbok\/wp-json\/wp\/v2\/users\/4"}],"replies":[{"embeddable":true,"href":"https:\/\/www.afasi.se\/foreningshandbok\/wp-json\/wp\/v2\/comments?post=106"}],"version-history":[{"count":6,"href":"https:\/\/www.afasi.se\/foreningshandbok\/wp-json\/wp\/v2\/pages\/106\/revisions"}],"predecessor-version":[{"id":999,"href":"https:\/\/www.afasi.se\/foreningshandbok\/wp-json\/wp\/v2\/pages\/106\/revisions\/999"}],"wp:attachment":[{"href":"https:\/\/www.afasi.se\/foreningshandbok\/wp-json\/wp\/v2\/media?parent=106"}],"curies":[{"name":"wp","href":"https:\/\/api.w.org\/{rel}","templated":true}]}}