{"id":118,"date":"2018-04-05T10:50:09","date_gmt":"2018-04-05T08:50:09","guid":{"rendered":"http:\/\/www.afasi.se\/foreningshandbok\/?page_id=118"},"modified":"2021-09-13T11:21:29","modified_gmt":"2021-09-13T09:21:29","slug":"pengarna-i-afasiforbundet","status":"publish","type":"page","link":"https:\/\/www.afasi.se\/foreningshandbok\/foreningshandboken\/pengarna-i-afasiforbundet\/","title":{"rendered":"Pengarna i Afasif\u00f6rbundet"},"content":{"rendered":"<!-- RS_MODULE_CODE_2.4.4 --><div id=\"readspeaker_button118\" class=\"rs_skip rsbtn rs_preserve\"><a class=\"rsbtn_play\" title=\"Lyssna p&aring; sidans text med ReadSpeaker\" accesskey=\"L\" href=\"\/\/app-eu.readspeaker.com\/cgi-bin\/rsent?customerid=7782&amp;lang=sv_se&amp;readid=rspeak_read_118&amp;url=https%3A%2F%2Fwww.afasi.se%2Fforeningshandbok%2Fwp-json%2Fwp%2Fv2%2Fpages%2F118\">\n        <span class=\"rsbtn_left rsimg rspart\"><span class=\"rsbtn_text\"><span>Lyssna<\/span><\/span><\/span>\n        <span class=\"rsbtn_right rsimg rsplay rspart\"><\/span>\n        <\/a><\/div><div id=\"rspeak_read_118\"><div class=\"breadcrumbs align top-page-breadcrumb wp-block-bcn-breadcrumb-trail has-text-color has-background\" vocab=\"https:\/\/schema.org\/\" typeof=\"BreadcrumbList\">\n\t<span><\/span>\n\t<span class=\"breadcrumbs-title\">Du \u00e4r h\u00e4r: <\/span><span property=\"itemListElement\" typeof=\"ListItem\"><a property=\"item\" typeof=\"WebPage\" title=\"G\u00e5 till F\u00f6reningshandboken.\" href=\"https:\/\/www.afasi.se\/foreningshandbok\" class=\"home\" aria-current=\"page\"><span property=\"name\">F\u00f6reningshandboken<\/span><\/a><meta property=\"position\" content=\"1\"><\/span><\/div>\n\n\n<div class=\"alignwide-wrap\" data-block=\"columns\">\n<div class=\"wp-block-columns alignwide\">\n<div class=\"wp-block-column\" style=\"flex-basis:30%\"><div id='iksm-672' class='iksm iksm-672 iksm-container '  data-id='672' data-is-pro='0' data-source='menu'><div class='iksm-terms'><div class='iksm-terms-tree iksm-terms-tree--level-1 iksm-terms-tree--parents' style=''><div class=\"iksm-terms-tree__inner\">\n        <div class=\"iksm-term iksm-term--id-665 iksm-term--parent\" data-id=\"665\">\n            <div class=\"iksm-term__inner\" tabindex='0'>\n                <a class=\"iksm-term__link\" href='https:\/\/www.afasi.se\/foreningshandbok\/foreningshandboken\/afasiforbundets-historik\/' target='_self' tabindex='-1'>\n\t\t\t\t        <span class=\"iksm-term__text\">Historik<\/span>\n\t\t            <\/a>\n\t\t\t        <\/div>\n\t\t        <\/div>\n\n\t\t\n        <div class=\"iksm-term iksm-term--id-666 iksm-term--parent\" data-id=\"666\">\n            <div class=\"iksm-term__inner\" tabindex='0'>\n                <a class=\"iksm-term__link\" href='https:\/\/www.afasi.se\/foreningshandbok\/foreningshandboken\/kongress-och-ordforandemote\/' target='_self' tabindex='-1'>\n\t\t\t\t        <span class=\"iksm-term__text\">Kongress och ordf\u00f6randem\u00f6te<\/span>\n\t\t            <\/a>\n\t\t\t        <\/div>\n\t\t        <\/div>\n\n\t\t\n        <div class=\"iksm-term iksm-term--id-667 iksm-term--parent\" data-id=\"667\">\n            <div class=\"iksm-term__inner\" tabindex='0'>\n                <a class=\"iksm-term__link\" href='https:\/\/www.afasi.se\/foreningshandbok\/foreningshandboken\/pengarna-i-afasiforbundet\/' target='_self' tabindex='-1'>\n\t\t\t\t        <span class=\"iksm-term__text\">Pengarna i Afasif\u00f6rbundet<\/span>\n\t\t            <\/a>\n\t\t\t        <\/div>\n\t\t        <\/div>\n\n\t\t\n        <div class=\"iksm-term iksm-term--id-668 iksm-term--parent\" data-id=\"668\">\n            <div class=\"iksm-term__inner\" tabindex='0'>\n                <a class=\"iksm-term__link\" href='https:\/\/www.afasi.se\/foreningshandbok\/foreningshandboken\/samarbeten\/' target='_self' tabindex='-1'>\n\t\t\t\t        <span class=\"iksm-term__text\">Samarbeten<\/span>\n\t\t            <\/a>\n\t\t\t        <\/div>\n\t\t        <\/div>\n\n\t\t\n        <div class=\"iksm-term iksm-term--id-669 iksm-term--parent\" data-id=\"669\">\n            <div class=\"iksm-term__inner\" tabindex='0'>\n                <a class=\"iksm-term__link\" href='https:\/\/www.afasi.se\/foreningshandbok\/foreningshandboken\/skanka-gava\/' target='_self' tabindex='-1'>\n\t\t\t\t        <span class=\"iksm-term__text\">Sk\u00e4nka g\u00e5va<\/span>\n\t\t            <\/a>\n\t\t\t        <\/div>\n\t\t        <\/div>\n\n\t\t\n        <div class=\"iksm-term iksm-term--id-670 iksm-term--parent\" data-id=\"670\">\n            <div class=\"iksm-term__inner\" tabindex='0'>\n                <a class=\"iksm-term__link\" href='https:\/\/www.afasi.se\/foreningshandbok\/foreningshandboken\/sa-har-ar-afasiforbundet-uppbyggt\/' target='_self' tabindex='-1'>\n\t\t\t\t        <span class=\"iksm-term__text\">Uppbyggnad<\/span>\n\t\t            <\/a>\n\t\t\t        <\/div>\n\t\t        <\/div>\n\n\t\t\n        <div class=\"iksm-term iksm-term--id-671 iksm-term--parent\" data-id=\"671\">\n            <div class=\"iksm-term__inner\" tabindex='0'>\n                <a class=\"iksm-term__link\" href='https:\/\/www.afasi.se\/foreningshandbok\/foreningshandboken\/vardegrund-och-organisation\/' target='_self' tabindex='-1'>\n\t\t\t\t        <span class=\"iksm-term__text\">V\u00e4rdegrund<\/span>\n\t\t            <\/a>\n\t\t\t        <\/div>\n\t\t        <\/div>\n\n\t\t<\/div><\/div><\/div><div id=\"iksm_data_args\" class=\"data-args\"  data-collapse_children_terms='1' data-collapse_other_terms='1' data-collapse_animation_duration='400' data-expand_animation_duration='400'><\/div><\/div><script id=\"styles-copier-69ecf1b400eb8\">\n\t\t\t\/\/ Finding styles element\n\t        var element = document.getElementById(\"iksm-dynamic-style\");\n\t        if (!element) { \/\/ If no element (Cache plugins can remove tag), then creating a new one\n                element = document.createElement('style');\n                var head = document.getElementsByTagName(\"head\")\n                if (head && head[0]) {\n                \thead[0].appendChild(element);\n                } else {\n                  \tconsole.warn(\"Iks Menu | Error while printing styles. Please contact technical support.\");\n                }\n\t        }\n\t\t\t\/\/ Copying styles to <styles> tag\n\t        element.innerHTML += \".iksm-672 .iksm-terms{transition:all 400ms;animation:iks-fade-in 1000ms;}.iksm-672 .iksm-term__inner{background-color:rgba(255,255,255,1);min-height:44px;transition:all 400ms;}.iksm-672 .iksm-term__inner:hover{background-color:rgba(236,236,236,1);}.iksm-672 .iksm-term--current > .iksm-term__inner{background-color:rgba(212,212,212,1);}.iksm-672 .iksm-term__link{color:rgba(0,0,0,1);font-size:15px;line-height:15px;font-weight:400;text-decoration:none;padding-top:5px;padding-right:15px;padding-bottom:5px;padding-left:15px;transition:all 400ms;}.iksm-672 .iksm-term__inner:hover .iksm-term__link{color:rgba(50,50,50,1);}.iksm-672 .iksm-term__toggle__inner{transition:transform 400ms}.iksm-672 .iksm-term--expanded > .iksm-term__inner > .iksm-term__toggle > .iksm-term__toggle__inner{transform:rotate(180deg);}.iksm-672 .iksm-term__toggle{color:rgba(133,133,133,1);font-size:22px;align-self:stretch;height:unset;;width:40px;transition:all 400ms;}.iksm-672 .iksm-term__toggle:hover{color:rgba(0,0,0,1);}.iksm-672 .iksm-term__image-container{width:30px;min-width:30px;height:30px;min-height:30px;margin-right:15px;transition:all 400ms;}.iksm-672 .iksm-term__image{background-size:contain;background-position:center;background-repeat:no-repeat;}.iksm-672 .iksm-term__image-container:hover{background-size:contain;background-position:center;background-repeat:no-repeat;}.iksm-672 .iksm-term__inner:hover .iksm-term__image-container{background-size:contain;background-position:center;background-repeat:no-repeat;}.iksm-672 .iksm-term__inner:focus .iksm-term__image-container{background-size:contain;background-position:center;background-repeat:no-repeat;}.iksm-672 .iksm-term--current > .iksm-term__inner .iksm-term__image-container{background-size:contain;background-position:center;background-repeat:no-repeat;}.iksm-672 .iksm-term--child .iksm-term__inner .iksm-term__image-container{background-size:contain;background-position:center;background-repeat:no-repeat;}.iksm-672 .iksm-term--child .iksm-term__inner .iksm-term__image-container:hover{background-size:contain;background-position:center;background-repeat:no-repeat;}.iksm-672 .iksm-term--child .iksm-term__inner .iksm-term__image-container:focus{background-size:contain;background-position:center;background-repeat:no-repeat;}.iksm-672 .iksm-term--child.iksm-term--current > .iksm-term__inner .iksm-term__image-container{background-size:contain;background-position:center;background-repeat:no-repeat;}.iksm-672  .iksm-term__text{flex: unset}.iksm-672 .iksm-term__posts-count{color:rgba(133,133,133,1);font-size:16px;margin-left:12px;font-weight:400;transition:all 400ms;}\";\n\t        \/\/ Removing this script\n            var this_script = document.getElementById(\"styles-copier-69ecf1b400eb8\");\n            if (this_script) { \/\/ Cache plugins can remove tag\n\t            this_script.outerHTML = \"\";\n\t            if (this_script.parentNode) {\n\t                this_script.parentNode.removeChild(this_script);\n\t            }\n            }\n        <\/script>\n<\/div>\n\n\n\n<div class=\"wp-block-column\" style=\"flex-basis:40%\">\n<h3 class=\"wp-block-heading\"><strong>Afasif\u00f6rbundet f\u00e5r bidrag fr\u00e5n staten<\/strong><\/h3>\n\n\n\n<p>Afasif\u00f6rbundet f\u00e5r statsbidrag fr\u00e5n Socialstyrelsen. Hur<br>stort bidraget \u00e4r beror p\u00e5 hur m\u00e5nga f\u00f6reningar och<br>medlemmar som Afasif\u00f6rbundet har. Ju fler f\u00f6reningar<br>och medlemmar desto mer statsbidrag.<\/p>\n\n\n\n<h3 class=\"wp-block-heading\"><strong>L\u00e4ns- och regionf\u00f6reningarna f\u00e5r<br>bidrag fr\u00e5n landstinget eller regionen<\/strong><\/h3>\n\n\n\n<p>L\u00e4ns- och regionf\u00f6reningarna kan s\u00f6ka f\u00f6reningsbidrag<br>till sin verksamhet och sina aktiviteter fr\u00e5n landstinget<br>eller regionen. Mer information finns hos landstinget<br>eller regionen.<\/p>\n\n\n\n<h3 class=\"wp-block-heading\"><strong>Kommunbidrag till f\u00f6reningarna<\/strong><\/h3>\n\n\n\n<p>Lokalf\u00f6reningarna kan s\u00f6ka bidrag till sin verksamhet<br>fr\u00e5n kommunen. Mer information finns hos kommunen.<\/p>\n\n\n\n<h3 class=\"wp-block-heading\"><strong>Medlemsavgifter<\/strong><\/h3>\n\n\n\n<p>Medlemmar inom Afasif\u00f6rbundet betalar medlemsavgift.<br>Varje lokalf\u00f6rening best\u00e4mmer hur stor medlemsavgiften<br>ska vara. En del av pengarna g\u00e5r till Afasif\u00f6rbundet, det<br>kallas f\u00f6rbundsavgift. En annan del g\u00e5r till l\u00e4ns- eller<br>regionf\u00f6reningen och till lokalf\u00f6reningen.<\/p>\n\n\n\n<h3 class=\"wp-block-heading\"><strong>G\u00e5vor<\/strong><\/h3>\n\n\n\n<p>Det g\u00e5r att ge pengar som g\u00e5va till Afasif\u00f6rbundets arbete<br>eller till Afasifonden. Afasifonden ger st\u00f6d till m\u00e4nniskor<br>med afasi. Fonden betalar ocks\u00e5 pengar till forskning om<br>metoder som kan hj\u00e4lpa personer med afasi inom<br>rehabilitering.<\/p>\n\n\n\n<p><a href=\"http:\/\/www.afasi.se\/foreningshandbok\/skanka-gava\/\">L\u00e4nk till mer information om g\u00e5vor<\/a><\/p>\n\n\n\n<p>\u00a9 Afasif\u00f6rbundet i Sverige<\/p>\n<\/div>\n<\/div>\n<\/div><\/div>","protected":false},"excerpt":{"rendered":"<!-- RS_MODULE_CODE_2.4.4 --><div id=\"readspeaker_button118\" class=\"rs_skip rsbtn rs_preserve\"><a class=\"rsbtn_play\" title=\"Lyssna p&aring; sidans text med ReadSpeaker\" accesskey=\"L\" href=\"\/\/app-eu.readspeaker.com\/cgi-bin\/rsent?customerid=7782&amp;lang=sv_se&amp;readid=rspeak_read_118&amp;url=https%3A%2F%2Fwww.afasi.se%2Fforeningshandbok%2Fwp-json%2Fwp%2Fv2%2Fpages%2F118\">\n        <span class=\"rsbtn_left rsimg rspart\"><span class=\"rsbtn_text\"><span>Lyssna<\/span><\/span><\/span>\n        <span class=\"rsbtn_right rsimg rsplay rspart\"><\/span>\n        <\/a><\/div><div id=\"rspeak_read_118\"><div class=\"entry-summary\">\n Afasif\u00f6rbundet f\u00e5r bidrag fr\u00e5n staten Afasif\u00f6rbundet f\u00e5r statsbidrag fr\u00e5n Socialstyrelsen. Hurstort bidraget \u00e4r beror p\u00e5 hur m\u00e5nga f\u00f6reningar ochmedlemmar som Afasif\u00f6rbundet har. Ju fler f\u00f6reningaroch medlemmar desto mer statsbidrag. L\u00e4ns- och regionf\u00f6reningarna f\u00e5rbidrag fr\u00e5n landstinget eller regionen L\u00e4ns- och&hellip;\n<\/div>\n<div class=\"link-more-container\"><a href=\"https:\/\/www.afasi.se\/foreningshandbok\/foreningshandboken\/pengarna-i-afasiforbundet\/\" class=\"link-more\" aria-label=\"Continue reading Pengarna i Afasif\u00f6rbundet\">Continue reading&hellip;<\/a><\/div>\n<\/div>","protected":false},"author":4,"featured_media":0,"parent":41,"menu_order":0,"comment_status":"closed","ping_status":"closed","template":"","meta":{"footnotes":""},"class_list":["post-118","page","type-page","status-publish","hentry","entry","entry-type-page"],"_links":{"self":[{"href":"https:\/\/www.afasi.se\/foreningshandbok\/wp-json\/wp\/v2\/pages\/118","targetHints":{"allow":["GET"]}}],"collection":[{"href":"https:\/\/www.afasi.se\/foreningshandbok\/wp-json\/wp\/v2\/pages"}],"about":[{"href":"https:\/\/www.afasi.se\/foreningshandbok\/wp-json\/wp\/v2\/types\/page"}],"author":[{"embeddable":true,"href":"https:\/\/www.afasi.se\/foreningshandbok\/wp-json\/wp\/v2\/users\/4"}],"replies":[{"embeddable":true,"href":"https:\/\/www.afasi.se\/foreningshandbok\/wp-json\/wp\/v2\/comments?post=118"}],"version-history":[{"count":12,"href":"https:\/\/www.afasi.se\/foreningshandbok\/wp-json\/wp\/v2\/pages\/118\/revisions"}],"predecessor-version":[{"id":820,"href":"https:\/\/www.afasi.se\/foreningshandbok\/wp-json\/wp\/v2\/pages\/118\/revisions\/820"}],"up":[{"embeddable":true,"href":"https:\/\/www.afasi.se\/foreningshandbok\/wp-json\/wp\/v2\/pages\/41"}],"wp:attachment":[{"href":"https:\/\/www.afasi.se\/foreningshandbok\/wp-json\/wp\/v2\/media?parent=118"}],"curies":[{"name":"wp","href":"https:\/\/api.w.org\/{rel}","templated":true}]}}