{"id":121,"date":"2018-04-05T10:51:12","date_gmt":"2018-04-05T08:51:12","guid":{"rendered":"http:\/\/www.afasi.se\/foreningshandbok\/?page_id=121"},"modified":"2021-09-13T11:34:47","modified_gmt":"2021-09-13T09:34:47","slug":"samarbeten","status":"publish","type":"page","link":"https:\/\/www.afasi.se\/foreningshandbok\/foreningshandboken\/samarbeten\/","title":{"rendered":"Samarbeten"},"content":{"rendered":"<!-- RS_MODULE_CODE_2.4.4 --><div id=\"readspeaker_button121\" class=\"rs_skip rsbtn rs_preserve\"><a class=\"rsbtn_play\" title=\"Lyssna p&aring; sidans text med ReadSpeaker\" accesskey=\"L\" href=\"\/\/app-eu.readspeaker.com\/cgi-bin\/rsent?customerid=7782&amp;lang=sv_se&amp;readid=rspeak_read_121&amp;url=https%3A%2F%2Fwww.afasi.se%2Fforeningshandbok%2Fwp-json%2Fwp%2Fv2%2Fpages%2F121\">\n        <span class=\"rsbtn_left rsimg rspart\"><span class=\"rsbtn_text\"><span>Lyssna<\/span><\/span><\/span>\n        <span class=\"rsbtn_right rsimg rsplay rspart\"><\/span>\n        <\/a><\/div><div id=\"rspeak_read_121\"><div class=\"breadcrumbs align top-page-breadcrumb wp-block-bcn-breadcrumb-trail has-text-color has-background\" vocab=\"https:\/\/schema.org\/\" typeof=\"BreadcrumbList\">\n\t<span><\/span>\n\t<span class=\"breadcrumbs-title\">Du \u00e4r h\u00e4r: <\/span><span property=\"itemListElement\" typeof=\"ListItem\"><a property=\"item\" typeof=\"WebPage\" title=\"G\u00e5 till F\u00f6reningshandboken.\" href=\"https:\/\/www.afasi.se\/foreningshandbok\" class=\"home\" aria-current=\"page\"><span property=\"name\">F\u00f6reningshandboken<\/span><\/a><meta property=\"position\" content=\"1\"><\/span><\/div>\n\n\n<div class=\"alignwide-wrap\" data-block=\"columns\">\n<div class=\"wp-block-columns alignwide\">\n<div class=\"wp-block-column\" style=\"flex-basis:30%\"><div id='iksm-672' class='iksm iksm-672 iksm-container '  data-id='672' data-is-pro='0' data-source='menu'><div class='iksm-terms'><div class='iksm-terms-tree iksm-terms-tree--level-1 iksm-terms-tree--parents' style=''><div class=\"iksm-terms-tree__inner\">\n        <div class=\"iksm-term iksm-term--id-665 iksm-term--parent\" data-id=\"665\">\n            <div class=\"iksm-term__inner\" tabindex='0'>\n                <a class=\"iksm-term__link\" href='https:\/\/www.afasi.se\/foreningshandbok\/foreningshandboken\/afasiforbundets-historik\/' target='_self' tabindex='-1'>\n\t\t\t\t        <span class=\"iksm-term__text\">Historik<\/span>\n\t\t            <\/a>\n\t\t\t        <\/div>\n\t\t        <\/div>\n\n\t\t\n        <div class=\"iksm-term iksm-term--id-666 iksm-term--parent\" data-id=\"666\">\n            <div class=\"iksm-term__inner\" tabindex='0'>\n                <a class=\"iksm-term__link\" href='https:\/\/www.afasi.se\/foreningshandbok\/foreningshandboken\/kongress-och-ordforandemote\/' target='_self' tabindex='-1'>\n\t\t\t\t        <span class=\"iksm-term__text\">Kongress och ordf\u00f6randem\u00f6te<\/span>\n\t\t            <\/a>\n\t\t\t        <\/div>\n\t\t        <\/div>\n\n\t\t\n        <div class=\"iksm-term iksm-term--id-667 iksm-term--parent\" data-id=\"667\">\n            <div class=\"iksm-term__inner\" tabindex='0'>\n                <a class=\"iksm-term__link\" href='https:\/\/www.afasi.se\/foreningshandbok\/foreningshandboken\/pengarna-i-afasiforbundet\/' target='_self' tabindex='-1'>\n\t\t\t\t        <span class=\"iksm-term__text\">Pengarna i Afasif\u00f6rbundet<\/span>\n\t\t            <\/a>\n\t\t\t        <\/div>\n\t\t        <\/div>\n\n\t\t\n        <div class=\"iksm-term iksm-term--id-668 iksm-term--parent\" data-id=\"668\">\n            <div class=\"iksm-term__inner\" tabindex='0'>\n                <a class=\"iksm-term__link\" href='https:\/\/www.afasi.se\/foreningshandbok\/foreningshandboken\/samarbeten\/' target='_self' tabindex='-1'>\n\t\t\t\t        <span class=\"iksm-term__text\">Samarbeten<\/span>\n\t\t            <\/a>\n\t\t\t        <\/div>\n\t\t        <\/div>\n\n\t\t\n        <div class=\"iksm-term iksm-term--id-669 iksm-term--parent\" data-id=\"669\">\n            <div class=\"iksm-term__inner\" tabindex='0'>\n                <a class=\"iksm-term__link\" href='https:\/\/www.afasi.se\/foreningshandbok\/foreningshandboken\/skanka-gava\/' target='_self' tabindex='-1'>\n\t\t\t\t        <span class=\"iksm-term__text\">Sk\u00e4nka g\u00e5va<\/span>\n\t\t            <\/a>\n\t\t\t        <\/div>\n\t\t        <\/div>\n\n\t\t\n        <div class=\"iksm-term iksm-term--id-670 iksm-term--parent\" data-id=\"670\">\n            <div class=\"iksm-term__inner\" tabindex='0'>\n                <a class=\"iksm-term__link\" href='https:\/\/www.afasi.se\/foreningshandbok\/foreningshandboken\/sa-har-ar-afasiforbundet-uppbyggt\/' target='_self' tabindex='-1'>\n\t\t\t\t        <span class=\"iksm-term__text\">Uppbyggnad<\/span>\n\t\t            <\/a>\n\t\t\t        <\/div>\n\t\t        <\/div>\n\n\t\t\n        <div class=\"iksm-term iksm-term--id-671 iksm-term--parent\" data-id=\"671\">\n            <div class=\"iksm-term__inner\" tabindex='0'>\n                <a class=\"iksm-term__link\" href='https:\/\/www.afasi.se\/foreningshandbok\/foreningshandboken\/vardegrund-och-organisation\/' target='_self' tabindex='-1'>\n\t\t\t\t        <span class=\"iksm-term__text\">V\u00e4rdegrund<\/span>\n\t\t            <\/a>\n\t\t\t        <\/div>\n\t\t        <\/div>\n\n\t\t<\/div><\/div><\/div><div id=\"iksm_data_args\" class=\"data-args\"  data-collapse_children_terms='1' data-collapse_other_terms='1' data-collapse_animation_duration='400' data-expand_animation_duration='400'><\/div><\/div><script id=\"styles-copier-69ecf1added3e\">\n\t\t\t\/\/ Finding styles element\n\t        var element = document.getElementById(\"iksm-dynamic-style\");\n\t        if (!element) { \/\/ If no element (Cache plugins can remove tag), then creating a new one\n                element = document.createElement('style');\n                var head = document.getElementsByTagName(\"head\")\n                if (head && head[0]) {\n                \thead[0].appendChild(element);\n                } else {\n                  \tconsole.warn(\"Iks Menu | Error while printing styles. Please contact technical support.\");\n                }\n\t        }\n\t\t\t\/\/ Copying styles to <styles> tag\n\t        element.innerHTML += \".iksm-672 .iksm-terms{transition:all 400ms;animation:iks-fade-in 1000ms;}.iksm-672 .iksm-term__inner{background-color:rgba(255,255,255,1);min-height:44px;transition:all 400ms;}.iksm-672 .iksm-term__inner:hover{background-color:rgba(236,236,236,1);}.iksm-672 .iksm-term--current > .iksm-term__inner{background-color:rgba(212,212,212,1);}.iksm-672 .iksm-term__link{color:rgba(0,0,0,1);font-size:15px;line-height:15px;font-weight:400;text-decoration:none;padding-top:5px;padding-right:15px;padding-bottom:5px;padding-left:15px;transition:all 400ms;}.iksm-672 .iksm-term__inner:hover .iksm-term__link{color:rgba(50,50,50,1);}.iksm-672 .iksm-term__toggle__inner{transition:transform 400ms}.iksm-672 .iksm-term--expanded > .iksm-term__inner > .iksm-term__toggle > .iksm-term__toggle__inner{transform:rotate(180deg);}.iksm-672 .iksm-term__toggle{color:rgba(133,133,133,1);font-size:22px;align-self:stretch;height:unset;;width:40px;transition:all 400ms;}.iksm-672 .iksm-term__toggle:hover{color:rgba(0,0,0,1);}.iksm-672 .iksm-term__image-container{width:30px;min-width:30px;height:30px;min-height:30px;margin-right:15px;transition:all 400ms;}.iksm-672 .iksm-term__image{background-size:contain;background-position:center;background-repeat:no-repeat;}.iksm-672 .iksm-term__image-container:hover{background-size:contain;background-position:center;background-repeat:no-repeat;}.iksm-672 .iksm-term__inner:hover .iksm-term__image-container{background-size:contain;background-position:center;background-repeat:no-repeat;}.iksm-672 .iksm-term__inner:focus .iksm-term__image-container{background-size:contain;background-position:center;background-repeat:no-repeat;}.iksm-672 .iksm-term--current > .iksm-term__inner .iksm-term__image-container{background-size:contain;background-position:center;background-repeat:no-repeat;}.iksm-672 .iksm-term--child .iksm-term__inner .iksm-term__image-container{background-size:contain;background-position:center;background-repeat:no-repeat;}.iksm-672 .iksm-term--child .iksm-term__inner .iksm-term__image-container:hover{background-size:contain;background-position:center;background-repeat:no-repeat;}.iksm-672 .iksm-term--child .iksm-term__inner .iksm-term__image-container:focus{background-size:contain;background-position:center;background-repeat:no-repeat;}.iksm-672 .iksm-term--child.iksm-term--current > .iksm-term__inner .iksm-term__image-container{background-size:contain;background-position:center;background-repeat:no-repeat;}.iksm-672  .iksm-term__text{flex: unset}.iksm-672 .iksm-term__posts-count{color:rgba(133,133,133,1);font-size:16px;margin-left:12px;font-weight:400;transition:all 400ms;}\";\n\t        \/\/ Removing this script\n            var this_script = document.getElementById(\"styles-copier-69ecf1added3e\");\n            if (this_script) { \/\/ Cache plugins can remove tag\n\t            this_script.outerHTML = \"\";\n\t            if (this_script.parentNode) {\n\t                this_script.parentNode.removeChild(this_script);\n\t            }\n            }\n        <\/script>\n<\/div>\n\n\n\n<div class=\"wp-block-column\" style=\"flex-basis:40%\">\n<p><strong>Afasif\u00f6rbundet har olika samarbeten f\u00f6r att<br>p\u00e5verka politiker och sprida information om<br>att leva med funktionsneds\u00e4ttning.<\/strong><\/p>\n\n\n\n<p><strong>Funktionsr\u00e4tt Sverige<\/strong><br>Afasif\u00f6rbundet \u00e4r medlem i Funktionsr\u00e4tt Sverige.<br>Afasif\u00f6rbundet samarbetar med m\u00e5nga olika<br>f\u00f6rbund som \u00e4r med i Funktionsr\u00e4tt Sverige.<\/p>\n\n\n\n<p>P\u00e5 lokal niv\u00e5 kan f\u00f6reningarna samarbeta med<br>Funktionsr\u00e4tt Sverige och vara med i kommunala<br>funktionshinderr\u00e5d.<\/p>\n\n\n\n<p><strong>Regioner och l\u00e4n<\/strong><br>Regioner, l\u00e4n och kommuner har ocks\u00e5 organisationer<br>d\u00e4r funktionshinderf\u00f6rbund samarbetar. F\u00f6reningarna<br>i Afasif\u00f6rbundet \u00e4r med i de organisationerna p\u00e5<br>m\u00e5nga orter.<\/p>\n\n\n\n<p><strong>Hj\u00e4rnskadef\u00f6rbunden<\/strong><br>I \u201dHj\u00e4rnfyran\u201d samarbetar Afasif\u00f6rbundet med flera<br>andra f\u00f6rbund: Stroke-Riksf\u00f6rbundet, Hj\u00e4rnskadef\u00f6rbundet<br>Hj\u00e4rnkraft och Personskadef\u00f6rbundet RTP. F\u00f6rbunden<br>samarbetar om fr\u00e5gor som handlar om personer med<br>hj\u00e4rnskador p\u00e5 riksniv\u00e5, i regioner, l\u00e4n och kommuner.<\/p>\n\n\n\n<p><strong>Studief\u00f6rbundet Vuxenskolan<\/strong><br>Afasif\u00f6rbundet \u00e4r medlem i Studief\u00f6rbundet Vuxenskolan (SV).<br>M\u00e5nga lokalf\u00f6reningar samarbetar mycket med<br>Studief\u00f6rbundet Vuxenskolan. Studief\u00f6rbundet Vuxenskolan<br>har studiecirklar f\u00f6r f\u00f6reningens medlemmar. Det kan<br>exempelvis vara studiecirklar i spr\u00e5klig stimulans,<br>skrivarcirkel, kamratcirkel, m\u00e5larcirkel och kurser om att<br>anv\u00e4nda surfplattor eller om matlagning.<\/p>\n\n\n\n<p><strong>Folkh\u00f6gskolor med afasikurser<\/strong><br>Afasif\u00f6rbundet samarbetar med flera folkh\u00f6gskolor.<br>Folkh\u00f6gskolorna har korta och l\u00e5nga kurser f\u00f6r personer<br>med afasi. P\u00e5 kurserna kan deltagarna tr\u00e4na upp sin<br>kommunikationsf\u00f6rm\u00e5ga och l\u00e4ra sig nya saker.<\/p>\n\n\n\n<p><strong>Specialskolor f\u00f6r elever med spr\u00e5kst\u00f6rning<\/strong><br>H\u00e4llsboskolan \u00e4r en specialskola f\u00f6r elever med<br>spr\u00e5kst\u00f6rning som g\u00e5r i grundskolan. H\u00e4llsboskolan<br>finns i Stockholm och Ume\u00e5. Skolan drivs av<br>Specialpedagogiska skolmyndigheten. Afasif\u00f6rbundet<br>har kontakt med H\u00e4llsboskolan och f\u00e5r veta vad som<br>h\u00e4nder d\u00e4r.<\/p>\n\n\n\n<p>I \u00d6rebro finns ett riksgymnasium f\u00f6r elever med grav<br>spr\u00e5kst\u00f6rning. Afasif\u00f6rbundet har kontakt med<br>riksgymnasiet i \u00d6rebro och f\u00e5r veta vad som h\u00e4nder d\u00e4r.<\/p>\n\n\n\n<p><strong>Svenska Logopedf\u00f6rbundet<\/strong><br>Logopeder \u00e4r en viktig yrkesgrupp f\u00f6r personer med afasi<br>och spr\u00e5kst\u00f6rning. Afasif\u00f6rbundet och Svenska<br>Logopedf\u00f6rbundet arbetar tillsammans f\u00f6r att personer<br>med afasi och spr\u00e5kst\u00f6rning ska f\u00e5 bra rehabilitering och<br>behandling av logopeder.<\/p>\n\n\n\n<p><strong>F\u00f6rbundet Sveriges Arbetsterapeuter<\/strong><br>Arbetsterapeuter \u00e4r ocks\u00e5 en viktig yrkesgrupp f\u00f6r<br>personer med afasi. Afasif\u00f6rbundet \u00e4r med i ett<br>brukarr\u00e5d d\u00e4r bland annat fr\u00e5gor om hj\u00e4lpmedel<br>diskuteras.<\/p>\n\n\n\n<p><strong>Nordiskt samarbete<\/strong><br>Afasif\u00f6rbundet \u00e4r medlem i Nordic Aphasia Association.<br>Sverige kallar det Nordiska Afasir\u00e5det (NAR). D\u00e4r \u00e4r<br>afasif\u00f6rbunden i de andra l\u00e4nderna i norden ocks\u00e5 med.<\/p>\n\n\n\n<p><strong>Internationellt samarbete<\/strong><br>Afasif\u00f6rbundet \u00e4r medlem i Association Internationale<br>Aphasie (AIA). Det \u00e4r en organisation f\u00f6r f\u00f6rbund i olika<br>europeiska l\u00e4nder som samarbetar med varandra.<\/p>\n\n\n\n<p><strong>KFO<\/strong><br>Afasif\u00f6rbundet \u00e4r medlem i KFO. KFO \u00e4r en organisation<br>f\u00f6r arbetsgivarna. KFO f\u00f6rhandlar med fackf\u00f6rbundet<br>Unionen. Mer information finns p\u00e5 webbplatsen www.kfo.se.<\/p>\n\n\n\n<p>\u00a9 Afasif\u00f6rbundet i Sverige<\/p>\n<\/div>\n<\/div>\n<\/div><\/div>","protected":false},"excerpt":{"rendered":"<!-- RS_MODULE_CODE_2.4.4 --><div id=\"readspeaker_button121\" class=\"rs_skip rsbtn rs_preserve\"><a class=\"rsbtn_play\" title=\"Lyssna p&aring; sidans text med ReadSpeaker\" accesskey=\"L\" href=\"\/\/app-eu.readspeaker.com\/cgi-bin\/rsent?customerid=7782&amp;lang=sv_se&amp;readid=rspeak_read_121&amp;url=https%3A%2F%2Fwww.afasi.se%2Fforeningshandbok%2Fwp-json%2Fwp%2Fv2%2Fpages%2F121\">\n        <span class=\"rsbtn_left rsimg rspart\"><span class=\"rsbtn_text\"><span>Lyssna<\/span><\/span><\/span>\n        <span class=\"rsbtn_right rsimg rsplay rspart\"><\/span>\n        <\/a><\/div><div id=\"rspeak_read_121\"><div class=\"entry-summary\">\n Afasif\u00f6rbundet har olika samarbeten f\u00f6r attp\u00e5verka politiker och sprida information omatt leva med funktionsneds\u00e4ttning. Funktionsr\u00e4tt SverigeAfasif\u00f6rbundet \u00e4r medlem i Funktionsr\u00e4tt Sverige.Afasif\u00f6rbundet samarbetar med m\u00e5nga olikaf\u00f6rbund som \u00e4r med i Funktionsr\u00e4tt Sverige. P\u00e5 lokal niv\u00e5 kan f\u00f6reningarna samarbeta medFunktionsr\u00e4tt Sverige&hellip;\n<\/div>\n<div class=\"link-more-container\"><a href=\"https:\/\/www.afasi.se\/foreningshandbok\/foreningshandboken\/samarbeten\/\" class=\"link-more\" aria-label=\"Continue reading Samarbeten\">Continue reading&hellip;<\/a><\/div>\n<\/div>","protected":false},"author":4,"featured_media":0,"parent":41,"menu_order":0,"comment_status":"closed","ping_status":"closed","template":"","meta":{"footnotes":""},"class_list":["post-121","page","type-page","status-publish","hentry","entry","entry-type-page"],"_links":{"self":[{"href":"https:\/\/www.afasi.se\/foreningshandbok\/wp-json\/wp\/v2\/pages\/121","targetHints":{"allow":["GET"]}}],"collection":[{"href":"https:\/\/www.afasi.se\/foreningshandbok\/wp-json\/wp\/v2\/pages"}],"about":[{"href":"https:\/\/www.afasi.se\/foreningshandbok\/wp-json\/wp\/v2\/types\/page"}],"author":[{"embeddable":true,"href":"https:\/\/www.afasi.se\/foreningshandbok\/wp-json\/wp\/v2\/users\/4"}],"replies":[{"embeddable":true,"href":"https:\/\/www.afasi.se\/foreningshandbok\/wp-json\/wp\/v2\/comments?post=121"}],"version-history":[{"count":10,"href":"https:\/\/www.afasi.se\/foreningshandbok\/wp-json\/wp\/v2\/pages\/121\/revisions"}],"predecessor-version":[{"id":821,"href":"https:\/\/www.afasi.se\/foreningshandbok\/wp-json\/wp\/v2\/pages\/121\/revisions\/821"}],"up":[{"embeddable":true,"href":"https:\/\/www.afasi.se\/foreningshandbok\/wp-json\/wp\/v2\/pages\/41"}],"wp:attachment":[{"href":"https:\/\/www.afasi.se\/foreningshandbok\/wp-json\/wp\/v2\/media?parent=121"}],"curies":[{"name":"wp","href":"https:\/\/api.w.org\/{rel}","templated":true}]}}