{"id":133,"date":"2018-04-05T10:57:50","date_gmt":"2018-04-05T08:57:50","guid":{"rendered":"http:\/\/www.afasi.se\/foreningshandbok\/?page_id=133"},"modified":"2021-09-13T13:21:51","modified_gmt":"2021-09-13T11:21:51","slug":"dataskyddsforordningen-gdpr","status":"publish","type":"page","link":"https:\/\/www.afasi.se\/foreningshandbok\/medlemskap-och-medlemsregister\/dataskyddsforordningen-gdpr\/","title":{"rendered":"Dataskyddsf\u00f6rordningen GDPR"},"content":{"rendered":"<!-- RS_MODULE_CODE_2.4.4 --><div id=\"readspeaker_button133\" class=\"rs_skip rsbtn rs_preserve\"><a class=\"rsbtn_play\" title=\"Lyssna p&aring; sidans text med ReadSpeaker\" accesskey=\"L\" href=\"\/\/app-eu.readspeaker.com\/cgi-bin\/rsent?customerid=7782&amp;lang=sv_se&amp;readid=rspeak_read_133&amp;url=https%3A%2F%2Fwww.afasi.se%2Fforeningshandbok%2Fwp-json%2Fwp%2Fv2%2Fpages%2F133\">\n        <span class=\"rsbtn_left rsimg rspart\"><span class=\"rsbtn_text\"><span>Lyssna<\/span><\/span><\/span>\n        <span class=\"rsbtn_right rsimg rsplay rspart\"><\/span>\n        <\/a><\/div><div id=\"rspeak_read_133\"><div class=\"breadcrumbs align top-page-breadcrumb wp-block-bcn-breadcrumb-trail has-text-color has-background\" vocab=\"https:\/\/schema.org\/\" typeof=\"BreadcrumbList\">\n\t<span><\/span>\n\t<span class=\"breadcrumbs-title\">Du \u00e4r h\u00e4r: <\/span><span property=\"itemListElement\" typeof=\"ListItem\"><a property=\"item\" typeof=\"WebPage\" title=\"G\u00e5 till F\u00f6reningshandboken.\" href=\"https:\/\/www.afasi.se\/foreningshandbok\" class=\"home\" aria-current=\"page\"><span property=\"name\">F\u00f6reningshandboken<\/span><\/a><meta property=\"position\" content=\"1\"><\/span><\/div>\n\n\n<div class=\"alignwide-wrap\" data-block=\"columns\">\n<div class=\"wp-block-columns alignwide\">\n<div class=\"wp-block-column\" style=\"flex-basis:30%\"><div id='iksm-698' class='iksm iksm-698 iksm-container '  data-id='698' data-is-pro='0' data-source='menu'><div class='iksm-terms'><div class='iksm-terms-tree iksm-terms-tree--level-1 iksm-terms-tree--parents' style=''><div class=\"iksm-terms-tree__inner\">\n        <div class=\"iksm-term iksm-term--id-693 iksm-term--parent\" data-id=\"693\">\n            <div class=\"iksm-term__inner\" tabindex='0'>\n                <a class=\"iksm-term__link\" href='https:\/\/www.afasi.se\/foreningshandbok\/medlemskap-och-medlemsregister\/medlemsregister\/' target='_self' tabindex='-1'>\n\t\t\t\t        <span class=\"iksm-term__text\">Medlemsregister<\/span>\n\t\t            <\/a>\n\t\t\t        <\/div>\n\t\t        <\/div>\n\n\t\t\n        <div class=\"iksm-term iksm-term--id-694 iksm-term--parent\" data-id=\"694\">\n            <div class=\"iksm-term__inner\" tabindex='0'>\n                <a class=\"iksm-term__link\" href='https:\/\/www.afasi.se\/foreningshandbok\/medlemskap-och-medlemsregister\/dataskyddsforordningen-gdpr\/' target='_self' tabindex='-1'>\n\t\t\t\t        <span class=\"iksm-term__text\">Dataskyddsf\u00f6rordningen GDPR<\/span>\n\t\t            <\/a>\n\t\t\t        <\/div>\n\t\t        <\/div>\n\n\t\t<\/div><\/div><\/div><div id=\"iksm_data_args\" class=\"data-args\"  data-collapse_children_terms='1' data-collapse_other_terms='1' data-collapse_animation_duration='400' data-expand_animation_duration='400'><\/div><\/div><script id=\"styles-copier-69ecf65c5da08\">\n\t\t\t\/\/ Finding styles element\n\t        var element = document.getElementById(\"iksm-dynamic-style\");\n\t        if (!element) { \/\/ If no element (Cache plugins can remove tag), then creating a new one\n                element = document.createElement('style');\n                var head = document.getElementsByTagName(\"head\")\n                if (head && head[0]) {\n                \thead[0].appendChild(element);\n                } else {\n                  \tconsole.warn(\"Iks Menu | Error while printing styles. Please contact technical support.\");\n                }\n\t        }\n\t\t\t\/\/ Copying styles to <styles> tag\n\t        element.innerHTML += \".iksm-698 .iksm-terms{transition:all 400ms;animation:iks-fade-in 1000ms;}.iksm-698 .iksm-term__inner{background-color:rgba(255,255,255,1);min-height:44px;transition:all 400ms;}.iksm-698 .iksm-term__inner:hover{background-color:rgba(236,236,236,1);}.iksm-698 .iksm-term--current > .iksm-term__inner{background-color:rgba(212,212,212,1);}.iksm-698 .iksm-term__link{color:rgba(0,0,0,1);font-size:15px;line-height:15px;font-weight:400;text-decoration:none;padding-top:5px;padding-right:15px;padding-bottom:5px;padding-left:15px;transition:all 400ms;}.iksm-698 .iksm-term__inner:hover .iksm-term__link{color:rgba(50,50,50,1);}.iksm-698 .iksm-term__toggle__inner{transition:transform 400ms}.iksm-698 .iksm-term--expanded > .iksm-term__inner > .iksm-term__toggle > .iksm-term__toggle__inner{transform:rotate(180deg);}.iksm-698 .iksm-term__toggle{color:rgba(133,133,133,1);font-size:22px;align-self:stretch;height:unset;;width:40px;transition:all 400ms;}.iksm-698 .iksm-term__toggle:hover{color:rgba(0,0,0,1);}.iksm-698 .iksm-term__image-container{width:30px;min-width:30px;height:30px;min-height:30px;margin-right:15px;transition:all 400ms;}.iksm-698 .iksm-term__image{background-size:contain;background-position:center;background-repeat:no-repeat;}.iksm-698 .iksm-term__image-container:hover{background-size:contain;background-position:center;background-repeat:no-repeat;}.iksm-698 .iksm-term__inner:hover .iksm-term__image-container{background-size:contain;background-position:center;background-repeat:no-repeat;}.iksm-698 .iksm-term__inner:focus .iksm-term__image-container{background-size:contain;background-position:center;background-repeat:no-repeat;}.iksm-698 .iksm-term--current > .iksm-term__inner .iksm-term__image-container{background-size:contain;background-position:center;background-repeat:no-repeat;}.iksm-698 .iksm-term--child .iksm-term__inner .iksm-term__image-container{background-size:contain;background-position:center;background-repeat:no-repeat;}.iksm-698 .iksm-term--child .iksm-term__inner .iksm-term__image-container:hover{background-size:contain;background-position:center;background-repeat:no-repeat;}.iksm-698 .iksm-term--child .iksm-term__inner .iksm-term__image-container:focus{background-size:contain;background-position:center;background-repeat:no-repeat;}.iksm-698 .iksm-term--child.iksm-term--current > .iksm-term__inner .iksm-term__image-container{background-size:contain;background-position:center;background-repeat:no-repeat;}.iksm-698  .iksm-term__text{flex: unset}.iksm-698 .iksm-term__posts-count{color:rgba(133,133,133,1);font-size:16px;margin-left:12px;font-weight:400;transition:all 400ms;}\";\n\t        \/\/ Removing this script\n            var this_script = document.getElementById(\"styles-copier-69ecf65c5da08\");\n            if (this_script) { \/\/ Cache plugins can remove tag\n\t            this_script.outerHTML = \"\";\n\t            if (this_script.parentNode) {\n\t                this_script.parentNode.removeChild(this_script);\n\t            }\n            }\n        <\/script>\n<\/div>\n\n\n\n<div class=\"wp-block-column\" style=\"flex-basis:40%\">\n<p><a href=\"http:\/\/www.afasi.se\/foreningshandbok\/driva-forening\/sammanfattning-gdpr\/\"><strong>L\u00e4s sammanfattning<\/strong><\/a><\/p>\n\n\n\n<h3 class=\"wp-block-heading\"><strong>F\u00f6reningarna ber\u00f6rs av<br>dataskyddsf\u00f6rordningen<\/strong><\/h3>\n\n\n\n<p><strong>En ny dataskyddsf\u00f6rordning b\u00f6rjade g\u00e4lla 2018.<br>Den heter GDPR och ers\u00e4tter den tidigare<br>personuppgiftslagen, PUL.<\/strong><\/p>\n\n\n\n<p>Den nya dataskyddsf\u00f6rordningen bygger p\u00e5 samma<br>tankar som personuppgiftslagen. Men reglerna har<br>blivit tydligare och straffen f\u00f6r dem som inte f\u00f6ljer<br>lagen har sk\u00e4rpts.<\/p>\n\n\n\n<p>Uppgifter om personer finns hos f\u00f6reningar, f\u00f6retag<br>och myndigheter. Personuppgifter kan vara namn,<br>adresser och personnummer men ocks\u00e5 andra<br>anteckningar om personer.<\/p>\n\n\n\n<p><strong>Den nya lagen betyder att f\u00f6rbund och f\u00f6reningar<br>inte ska ha uppgifter om personer som inte beh\u00f6vs.<\/strong><br>F\u00f6reningen ska ha starka sk\u00e4l att spara uppgifter om<br>sina medlemmar.<\/p>\n\n\n\n<p>F\u00f6reningar som har eget organisationsnummer m\u00e5ste<br>ha full koll p\u00e5 alla f\u00f6rteckningar och sammanhang d\u00e4r<br>levande personer \u00e4r med. Det handlar exempelvis om:<br>\u2022 Medlemsregister<br>\u2022 Excellfiler och word-dokument med personuppgifter,<br>till exempel olika typer av listor och protokoll.<br>\u2022 E-post<br>\u2022 Sociala medier och webb<br>\u2022 Papper i p\u00e4rmar med personuppgifter<br>\u2022 Bilder<\/p>\n\n\n\n<p>Alla levande personer som finns med personuppgifter<br>i n\u00e5got register har r\u00e4tt att f\u00e5 reda p\u00e5 det. De har r\u00e4tt<br>att beg\u00e4ra ett registerutdrag f\u00f6r att f\u00e5 veta vad som<br>st\u00e5r om dem. De har ocks\u00e5 r\u00e4tt att s\u00e4ga att f\u00f6reningen<br>ska ta bort alla uppgifter om dem.<\/p>\n\n\n\n<p><strong>Det h\u00e4r m\u00e5ste Afasif\u00f6rbundet och varje f\u00f6rening<br>t\u00e4nka p\u00e5:<\/strong><br>\u2022 Kunna motivera varf\u00f6r de har personuppgifterna.<br>Uppgifterna ska handla om f\u00f6reningens verksamhet.<br>Uppgifter om personer som inte har med verksamheten<br>att g\u00f6ra ska inte finnas hos f\u00f6reningen.<br>\u2022 F\u00f6reningen m\u00e5ste veta vilka personuppgifter den har.<br>F\u00f6reningen ska skriva ned och kunna motivera varf\u00f6r<br>just de uppgifterna finns.<br>\u2022 Bara den person som verkligen beh\u00f6ver ha<br>personuppgifter ska ha det.<br>\u2022 Det \u00e4r praktiken, hur n\u00e5got verkligen g\u00f6rs, som g\u00e4ller<br>vid en granskning.<br>\u2022 Alla personuppgifter ska ses som f\u00e4rskvaror. De ska<br>bara sparas i upp till ett \u00e5r efter att de inte har anv\u00e4nts.<br>\u2022 De personuppgifter som finns m\u00e5ste vara absolut relevanta.<br>Ett exempel \u00e4r personnummer. I Afasif\u00f6rbundet beh\u00f6vs<br>personnummer p\u00e5 personer i styrelsen som tecknar<br>f\u00f6reningens firma. Andra medlemmars personnummer<br>ska inte f\u00f6rekomma.<br>\u2022 Se \u00f6ver excelfiler, wordfiler och egna listor \u00f6ver<br>medlemmar.<\/p>\n\n\n\n<p>Varje f\u00f6rening beh\u00f6ver se \u00f6ver sina dokument och<br>t\u00e4nka igenom vad som kan sparas. Protokoll fr\u00e5n<br>tidigare \u00e5r kan beh\u00f6va sparas men inte listor \u00f6ver<br>anm\u00e4lda till en aktivitet. Ta bort uppgifter som inte<br>\u00e4r relevanta, till exempel personnummer, ur p\u00e4rmar<br>och datorer. Ha kvar personnummer p\u00e5 personer som<br>\u00e4r med i styrelse.<\/p>\n\n\n\n<p>P\u00e5 Datainspektionens webbsida finns mer information<br>www.datainspektionen.se<\/p>\n\n\n\n<p>\u00a9 Afasif\u00f6rbundet i Sverige<\/p>\n<\/div>\n<\/div>\n<\/div><\/div>","protected":false},"excerpt":{"rendered":"<!-- RS_MODULE_CODE_2.4.4 --><div id=\"readspeaker_button133\" class=\"rs_skip rsbtn rs_preserve\"><a class=\"rsbtn_play\" title=\"Lyssna p&aring; sidans text med ReadSpeaker\" accesskey=\"L\" href=\"\/\/app-eu.readspeaker.com\/cgi-bin\/rsent?customerid=7782&amp;lang=sv_se&amp;readid=rspeak_read_133&amp;url=https%3A%2F%2Fwww.afasi.se%2Fforeningshandbok%2Fwp-json%2Fwp%2Fv2%2Fpages%2F133\">\n        <span class=\"rsbtn_left rsimg rspart\"><span class=\"rsbtn_text\"><span>Lyssna<\/span><\/span><\/span>\n        <span class=\"rsbtn_right rsimg rsplay rspart\"><\/span>\n        <\/a><\/div><div id=\"rspeak_read_133\"><div class=\"entry-summary\">\n L\u00e4s sammanfattning F\u00f6reningarna ber\u00f6rs avdataskyddsf\u00f6rordningen En ny dataskyddsf\u00f6rordning b\u00f6rjade g\u00e4lla 2018.Den heter GDPR och ers\u00e4tter den tidigarepersonuppgiftslagen, PUL. Den nya dataskyddsf\u00f6rordningen bygger p\u00e5 sammatankar som personuppgiftslagen. Men reglerna harblivit tydligare och straffen f\u00f6r dem som inte f\u00f6ljerlagen har sk\u00e4rpts.&hellip;\n<\/div>\n<div class=\"link-more-container\"><a href=\"https:\/\/www.afasi.se\/foreningshandbok\/medlemskap-och-medlemsregister\/dataskyddsforordningen-gdpr\/\" class=\"link-more\" aria-label=\"Continue reading Dataskyddsf\u00f6rordningen GDPR\">Continue reading&hellip;<\/a><\/div>\n<\/div>","protected":false},"author":4,"featured_media":0,"parent":77,"menu_order":1,"comment_status":"closed","ping_status":"closed","template":"","meta":{"footnotes":""},"class_list":["post-133","page","type-page","status-publish","hentry","entry","entry-type-page"],"_links":{"self":[{"href":"https:\/\/www.afasi.se\/foreningshandbok\/wp-json\/wp\/v2\/pages\/133","targetHints":{"allow":["GET"]}}],"collection":[{"href":"https:\/\/www.afasi.se\/foreningshandbok\/wp-json\/wp\/v2\/pages"}],"about":[{"href":"https:\/\/www.afasi.se\/foreningshandbok\/wp-json\/wp\/v2\/types\/page"}],"author":[{"embeddable":true,"href":"https:\/\/www.afasi.se\/foreningshandbok\/wp-json\/wp\/v2\/users\/4"}],"replies":[{"embeddable":true,"href":"https:\/\/www.afasi.se\/foreningshandbok\/wp-json\/wp\/v2\/comments?post=133"}],"version-history":[{"count":10,"href":"https:\/\/www.afasi.se\/foreningshandbok\/wp-json\/wp\/v2\/pages\/133\/revisions"}],"predecessor-version":[{"id":857,"href":"https:\/\/www.afasi.se\/foreningshandbok\/wp-json\/wp\/v2\/pages\/133\/revisions\/857"}],"up":[{"embeddable":true,"href":"https:\/\/www.afasi.se\/foreningshandbok\/wp-json\/wp\/v2\/pages\/77"}],"wp:attachment":[{"href":"https:\/\/www.afasi.se\/foreningshandbok\/wp-json\/wp\/v2\/media?parent=133"}],"curies":[{"name":"wp","href":"https:\/\/api.w.org\/{rel}","templated":true}]}}