{"id":161,"date":"2018-04-05T11:24:01","date_gmt":"2018-04-05T09:24:01","guid":{"rendered":"http:\/\/www.afasi.se\/foreningshandbok\/?page_id=161"},"modified":"2026-04-17T15:30:41","modified_gmt":"2026-04-17T13:30:41","slug":"aktiviteter-for-medlemmar","status":"publish","type":"page","link":"https:\/\/www.afasi.se\/foreningshandbok\/driva-forening\/aktiviteter-for-medlemmar\/","title":{"rendered":"Aktiviteter"},"content":{"rendered":"<!-- RS_MODULE_CODE_2.4.4 --><div id=\"readspeaker_button161\" class=\"rs_skip rsbtn rs_preserve\"><a class=\"rsbtn_play\" title=\"Lyssna p&aring; sidans text med ReadSpeaker\" accesskey=\"L\" href=\"\/\/app-eu.readspeaker.com\/cgi-bin\/rsent?customerid=7782&amp;lang=sv_se&amp;readid=rspeak_read_161&amp;url=https%3A%2F%2Fwww.afasi.se%2Fforeningshandbok%2Fwp-json%2Fwp%2Fv2%2Fpages%2F161\">\n        <span class=\"rsbtn_left rsimg rspart\"><span class=\"rsbtn_text\"><span>Lyssna<\/span><\/span><\/span>\n        <span class=\"rsbtn_right rsimg rsplay rspart\"><\/span>\n        <\/a><\/div><div id=\"rspeak_read_161\"><div class=\"breadcrumbs align top-page-breadcrumb wp-block-bcn-breadcrumb-trail has-text-color has-background\" vocab=\"https:\/\/schema.org\/\" typeof=\"BreadcrumbList\">\n\t<span><\/span>\n\t<span class=\"breadcrumbs-title\">Du \u00e4r h\u00e4r: <\/span><span property=\"itemListElement\" typeof=\"ListItem\"><a property=\"item\" typeof=\"WebPage\" title=\"G\u00e5 till F\u00f6reningshandboken.\" href=\"https:\/\/www.afasi.se\/foreningshandbok\" class=\"home\" aria-current=\"page\"><span property=\"name\">F\u00f6reningshandboken<\/span><\/a><meta property=\"position\" content=\"1\"><\/span><\/div>\n\n\n<div class=\"alignwide-wrap\" data-block=\"columns\">\n<div class=\"wp-block-columns alignwide\">\n<div class=\"wp-block-column\" style=\"flex-basis:30%\"><div id='iksm-695' class='iksm iksm-695 iksm-container '  data-id='695' data-is-pro='0' data-source='menu'><div class='iksm-terms'><div class='iksm-terms-tree iksm-terms-tree--level-1 iksm-terms-tree--parents' style=''><div class=\"iksm-terms-tree__inner\">\n        <div class=\"iksm-term iksm-term--id-677 iksm-term--parent\" data-id=\"677\">\n            <div class=\"iksm-term__inner\" tabindex='0'>\n                <a class=\"iksm-term__link\" href='https:\/\/www.afasi.se\/foreningshandbok\/driva-forening\/arsmoten\/' target='_self' tabindex='-1'>\n\t\t\t\t        <span class=\"iksm-term__text\">\u00c5rsm\u00f6ten<\/span>\n\t\t            <\/a>\n\t\t\t        <\/div>\n\t\t        <\/div>\n\n\t\t\n        <div class=\"iksm-term iksm-term--id-678 iksm-term--parent\" data-id=\"678\">\n            <div class=\"iksm-term__inner\" tabindex='0'>\n                <a class=\"iksm-term__link\" href='https:\/\/www.afasi.se\/foreningshandbok\/driva-forening\/arssammanstallning\/' target='_self' tabindex='-1'>\n\t\t\t\t        <span class=\"iksm-term__text\">\u00c5rssammanst\u00e4llning<\/span>\n\t\t            <\/a>\n\t\t\t        <\/div>\n\t\t        <\/div>\n\n\t\t\n        <div class=\"iksm-term iksm-term--id-679 iksm-term--parent\" data-id=\"679\">\n            <div class=\"iksm-term__inner\" tabindex='0'>\n                <a class=\"iksm-term__link\" href='https:\/\/www.afasi.se\/foreningshandbok\/driva-forening\/avsluta-forening\/' target='_self' tabindex='-1'>\n\t\t\t\t        <span class=\"iksm-term__text\">Avsluta f\u00f6rening<\/span>\n\t\t            <\/a>\n\t\t\t        <\/div>\n\t\t        <\/div>\n\n\t\t\n        <div class=\"iksm-term iksm-term--id-683 iksm-term--parent\" data-id=\"683\">\n            <div class=\"iksm-term__inner\" tabindex='0'>\n                <a class=\"iksm-term__link\" href='https:\/\/www.afasi.se\/foreningshandbok\/driva-forening\/skapa-delaktighet\/' target='_self' tabindex='-1'>\n\t\t\t\t        <span class=\"iksm-term__text\">Skapa delaktighet<\/span>\n\t\t            <\/a>\n\t\t\t        <\/div>\n\t\t        <\/div>\n\n\t\t\n        <div class=\"iksm-term iksm-term--id-680 iksm-term--parent\" data-id=\"680\">\n            <div class=\"iksm-term__inner\" tabindex='0'>\n                <a class=\"iksm-term__link\" href='https:\/\/www.afasi.se\/foreningshandbok\/driva-forening\/fa-fler-medlemmar-och-behalla-de-som-finns\/' target='_self' tabindex='-1'>\n\t\t\t\t        <span class=\"iksm-term__text\">F\u00e5 fler medlemmar<\/span>\n\t\t            <\/a>\n\t\t\t        <\/div>\n\t\t        <\/div>\n\n\t\t\n        <div class=\"iksm-term iksm-term--id-682 iksm-term--parent\" data-id=\"682\">\n            <div class=\"iksm-term__inner\" tabindex='0'>\n                <a class=\"iksm-term__link\" href='https:\/\/www.afasi.se\/foreningshandbok\/driva-forening\/paverkan\/' target='_self' tabindex='-1'>\n\t\t\t\t        <span class=\"iksm-term__text\">P\u00e5verkan<\/span>\n\t\t            <\/a>\n\t\t\t        <\/div>\n\t\t        <\/div>\n\n\t\t\n        <div class=\"iksm-term iksm-term--id-676 iksm-term--parent\" data-id=\"676\">\n            <div class=\"iksm-term__inner\" tabindex='0'>\n                <a class=\"iksm-term__link\" href='https:\/\/www.afasi.se\/foreningshandbok\/driva-forening\/aktiviteter-for-medlemmar\/' target='_self' tabindex='-1'>\n\t\t\t\t        <span class=\"iksm-term__text\">Aktiviteter<\/span>\n\t\t            <\/a>\n\t\t\t        <\/div>\n\t\t        <\/div>\n\n\t\t\n        <div class=\"iksm-term iksm-term--id-675 iksm-term--parent\" data-id=\"675\">\n            <div class=\"iksm-term__inner\" tabindex='0'>\n                <a class=\"iksm-term__link\" href='https:\/\/www.afasi.se\/foreningshandbok\/driva-forening\/afasidagen\/' target='_self' tabindex='-1'>\n\t\t\t\t        <span class=\"iksm-term__text\">Afasidagen<\/span>\n\t\t            <\/a>\n\t\t\t        <\/div>\n\t\t        <\/div>\n\n\t\t\n        <div class=\"iksm-term iksm-term--id-681 iksm-term--parent\" data-id=\"681\">\n            <div class=\"iksm-term__inner\" tabindex='0'>\n                <a class=\"iksm-term__link\" href='https:\/\/www.afasi.se\/foreningshandbok\/driva-forening\/motesplats-afasi\/' target='_self' tabindex='-1'>\n\t\t\t\t        <span class=\"iksm-term__text\">M\u00f6tesplats Afasi<\/span>\n\t\t            <\/a>\n\t\t\t        <\/div>\n\t\t        <\/div>\n\n\t\t\n        <div class=\"iksm-term iksm-term--id-684 iksm-term--parent\" data-id=\"684\">\n            <div class=\"iksm-term__inner\" tabindex='0'>\n                <a class=\"iksm-term__link\" href='https:\/\/www.afasi.se\/foreningshandbok\/driva-forening\/talknuten\/' target='_self' tabindex='-1'>\n\t\t\t\t        <span class=\"iksm-term__text\">Talknuten<\/span>\n\t\t            <\/a>\n\t\t\t        <\/div>\n\t\t        <\/div>\n\n\t\t<\/div><\/div><\/div><div id=\"iksm_data_args\" class=\"data-args\"  data-collapse_children_terms='1' data-collapse_other_terms='1' data-collapse_animation_duration='400' data-expand_animation_duration='400'><\/div><\/div><script id=\"styles-copier-69ecf1ab71c08\">\n\t\t\t\/\/ Finding styles element\n\t        var element = document.getElementById(\"iksm-dynamic-style\");\n\t        if (!element) { \/\/ If no element (Cache plugins can remove tag), then creating a new one\n                element = document.createElement('style');\n                var head = document.getElementsByTagName(\"head\")\n                if (head && head[0]) {\n                \thead[0].appendChild(element);\n                } else {\n                  \tconsole.warn(\"Iks Menu | Error while printing styles. Please contact technical support.\");\n                }\n\t        }\n\t\t\t\/\/ Copying styles to <styles> tag\n\t        element.innerHTML += \".iksm-695 .iksm-terms{transition:all 400ms;animation:iks-fade-in 1000ms;}.iksm-695 .iksm-term__inner{background-color:rgba(255,255,255,1);min-height:44px;transition:all 400ms;}.iksm-695 .iksm-term__inner:hover{background-color:rgba(236,236,236,1);}.iksm-695 .iksm-term--current > .iksm-term__inner{background-color:rgba(212,212,212,1);}.iksm-695 .iksm-term__link{color:rgba(0,0,0,1);font-size:15px;line-height:15px;font-weight:400;text-decoration:none;padding-top:5px;padding-right:15px;padding-bottom:5px;padding-left:15px;transition:all 400ms;}.iksm-695 .iksm-term__inner:hover .iksm-term__link{color:rgba(50,50,50,1);}.iksm-695 .iksm-term__toggle__inner{transition:transform 400ms}.iksm-695 .iksm-term--expanded > .iksm-term__inner > .iksm-term__toggle > .iksm-term__toggle__inner{transform:rotate(180deg);}.iksm-695 .iksm-term__toggle{color:rgba(133,133,133,1);font-size:22px;align-self:stretch;height:unset;;width:40px;transition:all 400ms;}.iksm-695 .iksm-term__toggle:hover{color:rgba(0,0,0,1);}.iksm-695 .iksm-term__image-container{width:30px;min-width:30px;height:30px;min-height:30px;margin-right:15px;transition:all 400ms;}.iksm-695 .iksm-term__image{background-size:contain;background-position:center;background-repeat:no-repeat;}.iksm-695 .iksm-term__image-container:hover{background-size:contain;background-position:center;background-repeat:no-repeat;}.iksm-695 .iksm-term__inner:hover .iksm-term__image-container{background-size:contain;background-position:center;background-repeat:no-repeat;}.iksm-695 .iksm-term__inner:focus .iksm-term__image-container{background-size:contain;background-position:center;background-repeat:no-repeat;}.iksm-695 .iksm-term--current > .iksm-term__inner .iksm-term__image-container{background-size:contain;background-position:center;background-repeat:no-repeat;}.iksm-695 .iksm-term--child .iksm-term__inner .iksm-term__image-container{background-size:contain;background-position:center;background-repeat:no-repeat;}.iksm-695 .iksm-term--child .iksm-term__inner .iksm-term__image-container:hover{background-size:contain;background-position:center;background-repeat:no-repeat;}.iksm-695 .iksm-term--child .iksm-term__inner .iksm-term__image-container:focus{background-size:contain;background-position:center;background-repeat:no-repeat;}.iksm-695 .iksm-term--child.iksm-term--current > .iksm-term__inner .iksm-term__image-container{background-size:contain;background-position:center;background-repeat:no-repeat;}.iksm-695  .iksm-term__text{flex: unset}.iksm-695 .iksm-term__posts-count{color:rgba(133,133,133,1);font-size:16px;margin-left:12px;font-weight:400;transition:all 400ms;}\";\n\t        \/\/ Removing this script\n            var this_script = document.getElementById(\"styles-copier-69ecf1ab71c08\");\n            if (this_script) { \/\/ Cache plugins can remove tag\n\t            this_script.outerHTML = \"\";\n\t            if (this_script.parentNode) {\n\t                this_script.parentNode.removeChild(this_script);\n\t            }\n            }\n        <\/script>\n<\/div>\n\n\n\n<div class=\"wp-block-column\" style=\"flex-basis:40%\">\n<h3 class=\"wp-block-heading\"><strong>Det h\u00e4r kan f\u00f6reningen g\u00f6ra<br>f\u00f6r att synas mer<\/strong><\/h3>\n\n\n\n<p><strong>\u2022 Ber\u00e4tta om f\u00f6reningens verksamhet.<\/strong><br>I f\u00f6reningen tr\u00e4ffar medlemmarna andra med<br>liknande erfarenheter. Det finns kunskap om<br>hur det \u00e4r att leva med afasi och spr\u00e5kst\u00f6rning.<br>Alla f\u00e5r tid och m\u00f6jlighet att s\u00e4ga vad de tycker.<br>Ber\u00e4tta om det f\u00f6r andra. D\u00e5 kanske de vill bli<br>medlemmar.<\/p>\n\n\n\n<p><strong>\u2022 Informera om hur det \u00e4r att leva med afasi<br>och spr\u00e5kst\u00f6rning och om att vara anh\u00f6rig.<\/strong><br>Medlemmar som sj\u00e4lva har funktionsneds\u00e4ttning<br>eller \u00e4r anh\u00f6rig \u00e4r ofta bra p\u00e5 att ber\u00e4tta hur det<br>\u00e4r att ha den erfarenheten. L\u00e5t dem informera om<br>f\u00f6reningen eller ha en f\u00f6rel\u00e4sning. Det ger bra<br>kunskap och f\u00f6rst\u00e5else.<\/p>\n\n\n\n<p><strong>\u2022 L\u00e5t alla var med.<\/strong> Var \u00f6ppen och visa att alla<br>m\u00e4nniskor oavsett funktionsneds\u00e4ttning, etnicitet,<br>k\u00f6n, \u00e5lder och sexualitet \u00e4r v\u00e4lkomna i f\u00f6reningen.<\/p>\n\n\n\n<p><strong>\u2022 T\u00e4nk p\u00e5 vad f\u00f6reningen brukar g\u00f6ra och<br>vilka personer aktiviteterna riktar sig till<\/strong>.<br>Kan ni g\u00f6ra n\u00e5got annat eller p\u00e5 n\u00e5got annat s\u00e4tt<br>s\u00e5 att fler blir medlemmar?<\/p>\n\n\n\n<p><strong>\u2022 Ber\u00e4tta f\u00f6r medlemmarna att de \u00e4r viktiga<br>f\u00f6r f\u00f6reningen.<\/strong> St\u00f6det fr\u00e5n medlemmar betyder<br>mycket f\u00f6r f\u00f6reningen. Det g\u00f6r att f\u00f6reningen kan<br>arbeta f\u00f6r att det ska bli b\u00e4ttre f\u00f6r personer med<br>afasi och spr\u00e5kst\u00f6rning. Det \u00e4r viktigt att<br>medlemmarna f\u00e5r veta det.<\/p>\n\n\n\n<p><strong>\u2022 Anv\u00e4nd budskapet \u201dVi v\u00e4grar vara tysta!\u201d.<\/strong><br>Afasif\u00f6rbundets budskap ska anv\u00e4ndas i allt<br>material som f\u00f6reningen har. Till exempel i<br>inbjudningar och protokoll.<\/p>\n\n\n\n<p><strong>\u2022 Anv\u00e4nd Afasif\u00f6rbundets material.<\/strong><br>Afasif\u00f6rbundets informationsmaterial \u00e4r till f\u00f6r<br>att fler ska f\u00e5 kunskap om f\u00f6reningen och f\u00f6rbundet.<br>Best\u00e4ll materialet p\u00e5 Afasif\u00f6rbundets webbplats<br>www.afasi.se.<\/p>\n\n\n\n<p><strong>\u2022 Ber\u00e4tta att f\u00f6reningen vill ha fler medlemmar.<\/strong><br>S\u00e4g och skriv att f\u00f6reningen vill bli st\u00f6rre. D\u00e5 kanske<br>m\u00e4nniskor blir nyfikna och vill bli medlemmar.<\/p>\n\n\n\n<p><strong>\u2022 P\u00e5verka politiker.<\/strong> Best\u00e4m n\u00e5gon eller n\u00e5gra fr\u00e5gor<br>som \u00e4r viktiga f\u00f6r f\u00f6reningens medlemmar. Ta kontakt<br>med politiker. Skriv brev eller skrivelser, ordna m\u00f6ten,<br>g\u00f6r namninsamlingar eller skriv debattartiklar till<br>lokaltidningar. Afasif\u00f6rbundets kansli kan hj\u00e4lpa till<br>med att skriva.<\/p>\n\n\n\n<p><strong>\u2022 Anv\u00e4nd Afasidagen.<\/strong> P\u00e5verka politiker p\u00e5 Afasidagen.<br>Afasif\u00f6rbundet har material som f\u00f6reningarna kan<br>anv\u00e4nda p\u00e5 Afasidagen. Till exempel texter att skicka<br>till lokaltidningarna.<\/p>\n\n\n\n<p><strong>\u2022 Ber\u00e4tta vad Afasif\u00f6rbundet g\u00f6r p\u00e5 nationell niv\u00e5.<\/strong><br>Afasif\u00f6rbundet arbetar intressepolitiskt f\u00f6r att p\u00e5verka<br>politiker i fr\u00e5gor som \u00e4r viktiga f\u00f6r personer med afasi<br>och spr\u00e5kst\u00f6rning och f\u00f6r anh\u00f6riga. F\u00f6rbundet arbetar<br>f\u00f6r att delaktigheten i samh\u00e4llet ska bli b\u00e4ttre, f\u00f6r att<br>rehabiliteringen ska bli b\u00e4ttre och f\u00f6r en bra utbildning<br>f\u00f6r barn, unga och vuxna med spr\u00e5kst\u00f6rning och afasi.<br>P\u00e5 Afasif\u00f6rbundets webbplats www.afasi.se finns<br>information om vad f\u00f6rbundet g\u00f6r.<\/p>\n\n\n\n<p><strong>\u2022 Skaffa st\u00f6dmedlemmar.<\/strong> Personer som vill st\u00f6dja<br>f\u00f6reningens arbete kan bli medlemmar, \u00e4ven om de<br>inte har afasi eller spr\u00e5kst\u00f6rning eller \u00e4r anh\u00f6rig.<br>Tala om att det g\u00e5r att vara st\u00f6dmedlem. Det kan vara<br>ett s\u00e4tt att f\u00e5 fler medlemmar. Det \u00e4r vanligt att<br>f\u00f6reningar har st\u00f6dmedlemmar.<\/p>\n\n\n\n<p><strong>\u2022 Samarbeta med professionen.<\/strong> Ha samarbeten<br>mellan f\u00f6reningen och personer i olika yrkesgrupper<br>som tr\u00e4ffar personer med afasi och spr\u00e5kst\u00f6rning eller<br>anh\u00f6riga. Det kan exempelvis vara logopeder, pedagoger,<br>arbetsterapeuter, sjukgymnaster, hemtj\u00e4nstpersonal,<br>anh\u00f6rigkonsulenter och folkh\u00f6gskolor. De kanske vill<br>tipsa om f\u00f6reningens aktiviteter. Samarbete med<br>professionen \u00e4r ocks\u00e5 ett s\u00e4tt att g\u00f6ra verksamheten<br>i f\u00f6reningen b\u00e4ttre. De kan hj\u00e4lpa f\u00f6reningen att utveckla<br>sitt arbete och att m\u00f6ta medlemmarna p\u00e5 ett bra s\u00e4tt.<\/p>\n\n\n\n<p><strong>\u2022 Samarbeta med andra organisationer.<\/strong><br>Ha samarbeten med andra organisationer som v\u00e4nder<br>sig till liknande m\u00e5lgrupp. Om organisationerna har<br>aktiviteter tillsammans s\u00e5 f\u00e5r medlemmarna fler<br>aktiviteter att v\u00e4lja mellan. Det ger en bra bild av<br>f\u00f6reningen. Det kan ocks\u00e5 vara bra att hitta andra<br>organisationer som inte arbetar f\u00f6r personer med<br>funktionsneds\u00e4ttning. Det kan vara f\u00f6reningar f\u00f6r<br>personer med annan etnicitet \u00e4n svensk. Ett samarbete<br>kan leda till mer m\u00e5ngfald i f\u00f6reningarna.<\/p>\n\n\n\n<p><strong>\u2022 Ha tillg\u00e4ngliga m\u00f6ten.<\/strong> Om f\u00f6reningen har tillg\u00e4ngliga<br>m\u00f6ten s\u00e5 kan alla vara delaktiga p\u00e5 m\u00f6tena. D\u00e5 kanske<br>fler vill vara med i styrelsen. L\u00e4s mer om det p\u00e5<br>Myndigheten f\u00f6r delaktighets webbplats www.mfd.se.<\/p>\n\n\n\n<p><strong>\u2022 Var tydlig i kommunikationen.<\/strong> Se till att texten i<br>inbjudningar, vid m\u00f6ten, i protokoll, p\u00e5 webbplatsen<br>med mera \u00e4r s\u00e5 tydlig s\u00e5 att alla kan ta till sig och<br>f\u00f6rst\u00e5 vad som st\u00e5r d\u00e4r. M\u00e5nga medlemmar i<br>f\u00f6reningen har nedsatt l\u00e4sf\u00f6rm\u00e5ga och spr\u00e5kf\u00f6rst\u00e5else.<br>N\u00e5gra tips: Skriv det viktigaste f\u00f6rst. Skriv inte f\u00f6r<br>l\u00e5nga texter. Anv\u00e4nd heller inte ironi i texterna.<br>Skriv vad du menar, inte budskap \u201dmellan raderna\u201d.<br>G\u00f6r sammanfattningar i punktform.<\/p>\n\n\n\n<p>\u00a9 Afasif\u00f6rbundet i Sverige<\/p>\n<\/div>\n<\/div>\n<\/div><\/div>","protected":false},"excerpt":{"rendered":"<!-- RS_MODULE_CODE_2.4.4 --><div id=\"readspeaker_button161\" class=\"rs_skip rsbtn rs_preserve\"><a class=\"rsbtn_play\" title=\"Lyssna p&aring; sidans text med ReadSpeaker\" accesskey=\"L\" href=\"\/\/app-eu.readspeaker.com\/cgi-bin\/rsent?customerid=7782&amp;lang=sv_se&amp;readid=rspeak_read_161&amp;url=https%3A%2F%2Fwww.afasi.se%2Fforeningshandbok%2Fwp-json%2Fwp%2Fv2%2Fpages%2F161\">\n        <span class=\"rsbtn_left rsimg rspart\"><span class=\"rsbtn_text\"><span>Lyssna<\/span><\/span><\/span>\n        <span class=\"rsbtn_right rsimg rsplay rspart\"><\/span>\n        <\/a><\/div><div id=\"rspeak_read_161\"><div class=\"entry-summary\">\n Det h\u00e4r kan f\u00f6reningen g\u00f6raf\u00f6r att synas mer \u2022 Ber\u00e4tta om f\u00f6reningens verksamhet.I f\u00f6reningen tr\u00e4ffar medlemmarna andra medliknande erfarenheter. Det finns kunskap omhur det \u00e4r att leva med afasi och spr\u00e5kst\u00f6rning.Alla f\u00e5r tid och m\u00f6jlighet att s\u00e4ga vad de&hellip;\n<\/div>\n<div class=\"link-more-container\"><a href=\"https:\/\/www.afasi.se\/foreningshandbok\/driva-forening\/aktiviteter-for-medlemmar\/\" class=\"link-more\" aria-label=\"Continue reading Aktiviteter\">Continue reading&hellip;<\/a><\/div>\n<\/div>","protected":false},"author":4,"featured_media":0,"parent":106,"menu_order":0,"comment_status":"closed","ping_status":"closed","template":"","meta":{"footnotes":""},"class_list":["post-161","page","type-page","status-publish","hentry","entry","entry-type-page"],"_links":{"self":[{"href":"https:\/\/www.afasi.se\/foreningshandbok\/wp-json\/wp\/v2\/pages\/161","targetHints":{"allow":["GET"]}}],"collection":[{"href":"https:\/\/www.afasi.se\/foreningshandbok\/wp-json\/wp\/v2\/pages"}],"about":[{"href":"https:\/\/www.afasi.se\/foreningshandbok\/wp-json\/wp\/v2\/types\/page"}],"author":[{"embeddable":true,"href":"https:\/\/www.afasi.se\/foreningshandbok\/wp-json\/wp\/v2\/users\/4"}],"replies":[{"embeddable":true,"href":"https:\/\/www.afasi.se\/foreningshandbok\/wp-json\/wp\/v2\/comments?post=161"}],"version-history":[{"count":6,"href":"https:\/\/www.afasi.se\/foreningshandbok\/wp-json\/wp\/v2\/pages\/161\/revisions"}],"predecessor-version":[{"id":1004,"href":"https:\/\/www.afasi.se\/foreningshandbok\/wp-json\/wp\/v2\/pages\/161\/revisions\/1004"}],"up":[{"embeddable":true,"href":"https:\/\/www.afasi.se\/foreningshandbok\/wp-json\/wp\/v2\/pages\/106"}],"wp:attachment":[{"href":"https:\/\/www.afasi.se\/foreningshandbok\/wp-json\/wp\/v2\/media?parent=161"}],"curies":[{"name":"wp","href":"https:\/\/api.w.org\/{rel}","templated":true}]}}