{"id":169,"date":"2018-04-05T11:30:42","date_gmt":"2018-04-05T09:30:42","guid":{"rendered":"http:\/\/www.afasi.se\/foreningshandbok\/?page_id=169"},"modified":"2021-09-15T19:56:43","modified_gmt":"2021-09-15T17:56:43","slug":"material","status":"publish","type":"page","link":"https:\/\/www.afasi.se\/foreningshandbok\/marknadsforing-kommunikation\/material\/","title":{"rendered":"Material"},"content":{"rendered":"<!-- RS_MODULE_CODE_2.4.4 --><div id=\"readspeaker_button169\" class=\"rs_skip rsbtn rs_preserve\"><a class=\"rsbtn_play\" title=\"Lyssna p&aring; sidans text med ReadSpeaker\" accesskey=\"L\" href=\"\/\/app-eu.readspeaker.com\/cgi-bin\/rsent?customerid=7782&amp;lang=sv_se&amp;readid=rspeak_read_169&amp;url=https%3A%2F%2Fwww.afasi.se%2Fforeningshandbok%2Fwp-json%2Fwp%2Fv2%2Fpages%2F169\">\n        <span class=\"rsbtn_left rsimg rspart\"><span class=\"rsbtn_text\"><span>Lyssna<\/span><\/span><\/span>\n        <span class=\"rsbtn_right rsimg rsplay rspart\"><\/span>\n        <\/a><\/div><div id=\"rspeak_read_169\"><div class=\"breadcrumbs align top-page-breadcrumb wp-block-bcn-breadcrumb-trail has-text-color has-background\" vocab=\"https:\/\/schema.org\/\" typeof=\"BreadcrumbList\">\n\t<span><\/span>\n\t<span class=\"breadcrumbs-title\">Du \u00e4r h\u00e4r: <\/span><span property=\"itemListElement\" typeof=\"ListItem\"><a property=\"item\" typeof=\"WebPage\" title=\"G\u00e5 till F\u00f6reningshandboken.\" href=\"https:\/\/www.afasi.se\/foreningshandbok\" class=\"home\" aria-current=\"page\"><span property=\"name\">F\u00f6reningshandboken<\/span><\/a><meta property=\"position\" content=\"1\"><\/span><\/div>\n\n\n<div class=\"alignwide-wrap\" data-block=\"columns\">\n<div class=\"wp-block-columns alignwide\">\n<div class=\"wp-block-column\" style=\"flex-basis:30%\"><div id='iksm-697' class='iksm iksm-697 iksm-container '  data-id='697' data-is-pro='0' data-source='menu'><div class='iksm-terms'><div class='iksm-terms-tree iksm-terms-tree--level-1 iksm-terms-tree--parents' style=''><div class=\"iksm-terms-tree__inner\">\n        <div class=\"iksm-term iksm-term--id-692 iksm-term--parent\" data-id=\"692\">\n            <div class=\"iksm-term__inner\" tabindex='0'>\n                <a class=\"iksm-term__link\" href='https:\/\/www.afasi.se\/foreningshandbok\/marknadsforing-kommunikation\/webbplats\/' target='_self' tabindex='-1'>\n\t\t\t\t        <span class=\"iksm-term__text\">Webbplats<\/span>\n\t\t            <\/a>\n\t\t\t        <\/div>\n\t\t        <\/div>\n\n\t\t\n        <div class=\"iksm-term iksm-term--id-689 iksm-term--parent\" data-id=\"689\">\n            <div class=\"iksm-term__inner\" tabindex='0'>\n                <a class=\"iksm-term__link\" href='https:\/\/www.afasi.se\/foreningshandbok\/marknadsforing-kommunikation\/logotype-och-slogan\/' target='_self' tabindex='-1'>\n\t\t\t\t        <span class=\"iksm-term__text\">Logotype och slogan<\/span>\n\t\t            <\/a>\n\t\t\t        <\/div>\n\t\t        <\/div>\n\n\t\t\n        <div class=\"iksm-term iksm-term--id-690 iksm-term--parent\" data-id=\"690\">\n            <div class=\"iksm-term__inner\" tabindex='0'>\n                <a class=\"iksm-term__link\" href='https:\/\/www.afasi.se\/foreningshandbok\/marknadsforing-kommunikation\/material\/' target='_self' tabindex='-1'>\n\t\t\t\t        <span class=\"iksm-term__text\">Material<\/span>\n\t\t            <\/a>\n\t\t\t        <\/div>\n\t\t        <\/div>\n\n\t\t\n        <div class=\"iksm-term iksm-term--id-691 iksm-term--parent\" data-id=\"691\">\n            <div class=\"iksm-term__inner\" tabindex='0'>\n                <a class=\"iksm-term__link\" href='https:\/\/www.afasi.se\/foreningshandbok\/marknadsforing-kommunikation\/sociala-medier\/' target='_self' tabindex='-1'>\n\t\t\t\t        <span class=\"iksm-term__text\">Sociala medier<\/span>\n\t\t            <\/a>\n\t\t\t        <\/div>\n\t\t        <\/div>\n\n\t\t<\/div><\/div><\/div><div id=\"iksm_data_args\" class=\"data-args\"  data-collapse_children_terms='1' data-collapse_other_terms='1' data-collapse_animation_duration='400' data-expand_animation_duration='400'><\/div><\/div><script id=\"styles-copier-69ecf2c008be5\">\n\t\t\t\/\/ Finding styles element\n\t        var element = document.getElementById(\"iksm-dynamic-style\");\n\t        if (!element) { \/\/ If no element (Cache plugins can remove tag), then creating a new one\n                element = document.createElement('style');\n                var head = document.getElementsByTagName(\"head\")\n                if (head && head[0]) {\n                \thead[0].appendChild(element);\n                } else {\n                  \tconsole.warn(\"Iks Menu | Error while printing styles. Please contact technical support.\");\n                }\n\t        }\n\t\t\t\/\/ Copying styles to <styles> tag\n\t        element.innerHTML += \".iksm-697 .iksm-terms{transition:all 400ms;animation:iks-fade-in 1000ms;}.iksm-697 .iksm-term__inner{background-color:rgba(255,255,255,1);min-height:44px;transition:all 400ms;}.iksm-697 .iksm-term__inner:hover{background-color:rgba(236,236,236,1);}.iksm-697 .iksm-term--current > .iksm-term__inner{background-color:rgba(212,212,212,1);}.iksm-697 .iksm-term__link{color:rgba(0,0,0,1);font-size:15px;line-height:15px;font-weight:400;text-decoration:none;padding-top:5px;padding-right:15px;padding-bottom:5px;padding-left:15px;transition:all 400ms;}.iksm-697 .iksm-term__inner:hover .iksm-term__link{color:rgba(50,50,50,1);}.iksm-697 .iksm-term__toggle__inner{transition:transform 400ms}.iksm-697 .iksm-term--expanded > .iksm-term__inner > .iksm-term__toggle > .iksm-term__toggle__inner{transform:rotate(180deg);}.iksm-697 .iksm-term__toggle{color:rgba(133,133,133,1);font-size:22px;align-self:stretch;height:unset;;width:40px;transition:all 400ms;}.iksm-697 .iksm-term__toggle:hover{color:rgba(0,0,0,1);}.iksm-697 .iksm-term__image-container{width:30px;min-width:30px;height:30px;min-height:30px;margin-right:15px;transition:all 400ms;}.iksm-697 .iksm-term__image{background-size:contain;background-position:center;background-repeat:no-repeat;}.iksm-697 .iksm-term__image-container:hover{background-size:contain;background-position:center;background-repeat:no-repeat;}.iksm-697 .iksm-term__inner:hover .iksm-term__image-container{background-size:contain;background-position:center;background-repeat:no-repeat;}.iksm-697 .iksm-term__inner:focus .iksm-term__image-container{background-size:contain;background-position:center;background-repeat:no-repeat;}.iksm-697 .iksm-term--current > .iksm-term__inner .iksm-term__image-container{background-size:contain;background-position:center;background-repeat:no-repeat;}.iksm-697 .iksm-term--child .iksm-term__inner .iksm-term__image-container{background-size:contain;background-position:center;background-repeat:no-repeat;}.iksm-697 .iksm-term--child .iksm-term__inner .iksm-term__image-container:hover{background-size:contain;background-position:center;background-repeat:no-repeat;}.iksm-697 .iksm-term--child .iksm-term__inner .iksm-term__image-container:focus{background-size:contain;background-position:center;background-repeat:no-repeat;}.iksm-697 .iksm-term--child.iksm-term--current > .iksm-term__inner .iksm-term__image-container{background-size:contain;background-position:center;background-repeat:no-repeat;}.iksm-697  .iksm-term__text{flex: unset}.iksm-697 .iksm-term__posts-count{color:rgba(133,133,133,1);font-size:16px;margin-left:12px;font-weight:400;transition:all 400ms;}\";\n\t        \/\/ Removing this script\n            var this_script = document.getElementById(\"styles-copier-69ecf2c008be5\");\n            if (this_script) { \/\/ Cache plugins can remove tag\n\t            this_script.outerHTML = \"\";\n\t            if (this_script.parentNode) {\n\t                this_script.parentNode.removeChild(this_script);\n\t            }\n            }\n        <\/script>\n<\/div>\n\n\n\n<div class=\"wp-block-column\" style=\"flex-basis:40%\">\n<p>Det finns olika material om afasi och<br>spr\u00e5kst\u00f6rning p\u00e5 Afasif\u00f6rbundets webbplats<br>www.afasi.se under rubriken \u201dMaterial\u201d.<br>Fyll i ett formul\u00e4r om vad du vill ha f\u00f6r material<br>s\u00e5 skickar Afasif\u00f6rbundet det till dig. Det g\u00e5r ocks\u00e5<br>att ringa eller skicka e-post till Afasif\u00f6rbundets<br>kansli f\u00f6r att best\u00e4lla.<\/p>\n\n\n\n<h3 class=\"wp-block-heading\"><strong>Informationsbroschyrer<\/strong><\/h3>\n\n\n\n<p>Afasif\u00f6rbundet har informationsbroschyrer<br>som beskriver vad afasi och spr\u00e5kst\u00f6rning \u00e4r<br>p\u00e5 ett tydligt och enkelt s\u00e4tt. De handlar om vad<br>Afasif\u00f6rbundet och Talknuten arbetar med och<br>hur en kan bli medlem. P\u00e5 baksidan finns<br>information i kortversion. D\u00e4r finns ocks\u00e5 en<br>ruta d\u00e4r f\u00f6reningar kan l\u00e4gga in sina egna<br>kontaktuppgifter. Broschyren \u00e4r gratis, men<br>f\u00f6reningarna betalar f\u00f6r portot. Anv\u00e4nd<br>broschyrerna och sprid dem till s\u00e5 m\u00e5nga som<br>m\u00f6jligt.<\/p>\n\n\n\n<h3 class=\"wp-block-heading\"><strong>Exempel p\u00e5 profilmaterial<\/strong><\/h3>\n\n\n\n<p>Afasif\u00f6rbundet har ocks\u00e5 annat material som<br>visar f\u00f6rbundet arbetar med. Det finns till exempel<br>flygblad med information om afasi, tr\u00f6jor, tygkassar<br>och reflexer. Det \u00e4r bra att dela ut till medlemmar<br>och andra som \u00e4r intresserade.<\/p>\n\n\n\n<h3 class=\"wp-block-heading\"><strong>Best\u00e4llning av material<\/strong><\/h3>\n\n\n\n<p>Best\u00e4ll materialet p\u00e5 Afasif\u00f6rbundets webbplats<br>www.afasi.se under rubriken \u201dButik\u201d. D\u00e4r finns<br>en lista med Afasif\u00f6rbundet material. Det g\u00e5r<br>ocks\u00e5 bra att mejla eller ringa Afasif\u00f6rbundets<br>kansli p\u00e5 info@afasi.se eller 08-545 663 60.<\/p>\n\n\n\n<h3 class=\"wp-block-heading\"><strong>Tidningen Afasi<\/strong><\/h3>\n\n\n\n<p>Tidningen Afasi \u00e4r Afasif\u00f6rbundet och Talknutens<br>tidning f\u00f6r medlemmar. Den kommer ut fyra g\u00e5nger<br>per \u00e5r. Tidningen skickas ut till alla medlemmar som<br>finns i Afasif\u00f6rbundets medlemsregister. Tidningen<br>skickas ocks\u00e5 ut till alla f\u00f6reningar. Lokalf\u00f6reningar<br>f\u00e5r en tidning var och l\u00e4nsf\u00f6reningarna som mest<br>tio tidningar. Andra personer och f\u00f6reningar kan<br>prenumerera p\u00e5 tidningen.<\/p>\n\n\n\n<p>Tidningen Afasi skriver om aktuella \u00e4mnen och<br>vad som h\u00e4nder i politiken i fr\u00e5gor som \u00e4r viktiga<br>f\u00f6r personer med afasi och spr\u00e5kst\u00f6rning och f\u00f6r<br>deras anh\u00f6riga.<\/p>\n\n\n\n<p><strong>Lyssna p\u00e5 Tidningen Afasi<\/strong><br>Det g\u00e5r att lyssna p\u00e5 Tidningen Afasi. Alla nummer<br>finns som ljudfil p\u00e5 Afasif\u00f6rbundets webbplats och<br>som taltidning p\u00e5 CD-skiva. Taltidningen \u00e4r gratis.<br>Kontakta Afasif\u00f6rbundets kansli f\u00f6r mer information.<\/p>\n\n\n\n<h3 class=\"wp-block-heading\"><strong>Nyhetsbrevet Afasi<\/strong><\/h3>\n\n\n\n<p>Afasif\u00f6rbundets nyhetsbrev heter &#8220;Nyhetsbrevet Afasi&#8221;.<br>De som \u00e4r intresserade kan prenumerera p\u00e5<br>Nyhetsbrevet Afasi via Afasif\u00f6rbundets webbplats<br>www.afasi.se. Det g\u00e5r att sluta prenumerera p\u00e5<br>nyhetsbrevet.<\/p>\n\n\n\n<h3 class=\"wp-block-heading\"><strong>Rollup<\/strong><\/h3>\n\n\n\n<p>Afasif\u00f6rbundet har tre olika rollups. F\u00f6reningarna<br>kan best\u00e4lla dem och f\u00e5 dem med sin egen logotype<br>och kontaktuppgifter. En rollup \u00e4r ett bra s\u00e4tt att<br>sprida information om f\u00f6reningen. F\u00f6reningen kan<br>anv\u00e4nda den p\u00e5 Afasidagen eller andra konferenser<br>och utst\u00e4llningar. Kontakta Afasif\u00f6rbundets kansli f\u00f6r<br>pris och mer information.<\/p>\n\n\n\n<p>\u00a9 Afasif\u00f6rbundet i Sverige<\/p>\n<\/div>\n<\/div>\n<\/div><\/div>","protected":false},"excerpt":{"rendered":"<!-- RS_MODULE_CODE_2.4.4 --><div id=\"readspeaker_button169\" class=\"rs_skip rsbtn rs_preserve\"><a class=\"rsbtn_play\" title=\"Lyssna p&aring; sidans text med ReadSpeaker\" accesskey=\"L\" href=\"\/\/app-eu.readspeaker.com\/cgi-bin\/rsent?customerid=7782&amp;lang=sv_se&amp;readid=rspeak_read_169&amp;url=https%3A%2F%2Fwww.afasi.se%2Fforeningshandbok%2Fwp-json%2Fwp%2Fv2%2Fpages%2F169\">\n        <span class=\"rsbtn_left rsimg rspart\"><span class=\"rsbtn_text\"><span>Lyssna<\/span><\/span><\/span>\n        <span class=\"rsbtn_right rsimg rsplay rspart\"><\/span>\n        <\/a><\/div><div id=\"rspeak_read_169\"><div class=\"entry-summary\">\n Det finns olika material om afasi ochspr\u00e5kst\u00f6rning p\u00e5 Afasif\u00f6rbundets webbplatswww.afasi.se under rubriken \u201dMaterial\u201d.Fyll i ett formul\u00e4r om vad du vill ha f\u00f6r materials\u00e5 skickar Afasif\u00f6rbundet det till dig. Det g\u00e5r ocks\u00e5att ringa eller skicka e-post till Afasif\u00f6rbundetskansli f\u00f6r att&hellip;\n<\/div>\n<div class=\"link-more-container\"><a href=\"https:\/\/www.afasi.se\/foreningshandbok\/marknadsforing-kommunikation\/material\/\" class=\"link-more\" aria-label=\"Continue reading Material\">Continue reading&hellip;<\/a><\/div>\n<\/div>","protected":false},"author":4,"featured_media":0,"parent":87,"menu_order":0,"comment_status":"closed","ping_status":"closed","template":"","meta":{"footnotes":""},"class_list":["post-169","page","type-page","status-publish","hentry","entry","entry-type-page"],"_links":{"self":[{"href":"https:\/\/www.afasi.se\/foreningshandbok\/wp-json\/wp\/v2\/pages\/169","targetHints":{"allow":["GET"]}}],"collection":[{"href":"https:\/\/www.afasi.se\/foreningshandbok\/wp-json\/wp\/v2\/pages"}],"about":[{"href":"https:\/\/www.afasi.se\/foreningshandbok\/wp-json\/wp\/v2\/types\/page"}],"author":[{"embeddable":true,"href":"https:\/\/www.afasi.se\/foreningshandbok\/wp-json\/wp\/v2\/users\/4"}],"replies":[{"embeddable":true,"href":"https:\/\/www.afasi.se\/foreningshandbok\/wp-json\/wp\/v2\/comments?post=169"}],"version-history":[{"count":16,"href":"https:\/\/www.afasi.se\/foreningshandbok\/wp-json\/wp\/v2\/pages\/169\/revisions"}],"predecessor-version":[{"id":928,"href":"https:\/\/www.afasi.se\/foreningshandbok\/wp-json\/wp\/v2\/pages\/169\/revisions\/928"}],"up":[{"embeddable":true,"href":"https:\/\/www.afasi.se\/foreningshandbok\/wp-json\/wp\/v2\/pages\/87"}],"wp:attachment":[{"href":"https:\/\/www.afasi.se\/foreningshandbok\/wp-json\/wp\/v2\/media?parent=169"}],"curies":[{"name":"wp","href":"https:\/\/api.w.org\/{rel}","templated":true}]}}