{"id":178,"date":"2018-04-05T11:34:34","date_gmt":"2018-04-05T09:34:34","guid":{"rendered":"http:\/\/www.afasi.se\/foreningshandbok\/?page_id=178"},"modified":"2021-09-15T20:03:06","modified_gmt":"2021-09-15T18:03:06","slug":"sociala-medier","status":"publish","type":"page","link":"https:\/\/www.afasi.se\/foreningshandbok\/marknadsforing-kommunikation\/sociala-medier\/","title":{"rendered":"Sociala medier"},"content":{"rendered":"<!-- RS_MODULE_CODE_2.4.4 --><div id=\"readspeaker_button178\" class=\"rs_skip rsbtn rs_preserve\"><a class=\"rsbtn_play\" title=\"Lyssna p&aring; sidans text med ReadSpeaker\" accesskey=\"L\" href=\"\/\/app-eu.readspeaker.com\/cgi-bin\/rsent?customerid=7782&amp;lang=sv_se&amp;readid=rspeak_read_178&amp;url=https%3A%2F%2Fwww.afasi.se%2Fforeningshandbok%2Fwp-json%2Fwp%2Fv2%2Fpages%2F178\">\n        <span class=\"rsbtn_left rsimg rspart\"><span class=\"rsbtn_text\"><span>Lyssna<\/span><\/span><\/span>\n        <span class=\"rsbtn_right rsimg rsplay rspart\"><\/span>\n        <\/a><\/div><div id=\"rspeak_read_178\"><div class=\"breadcrumbs align top-page-breadcrumb wp-block-bcn-breadcrumb-trail has-text-color has-background\" vocab=\"https:\/\/schema.org\/\" typeof=\"BreadcrumbList\">\n\t<span><\/span>\n\t<span class=\"breadcrumbs-title\">Du \u00e4r h\u00e4r: <\/span><span property=\"itemListElement\" typeof=\"ListItem\"><a property=\"item\" typeof=\"WebPage\" title=\"G\u00e5 till F\u00f6reningshandboken.\" href=\"https:\/\/www.afasi.se\/foreningshandbok\" class=\"home\" aria-current=\"page\"><span property=\"name\">F\u00f6reningshandboken<\/span><\/a><meta property=\"position\" content=\"1\"><\/span><\/div>\n\n\n<div class=\"alignwide-wrap\" data-block=\"columns\">\n<div class=\"wp-block-columns alignwide\">\n<div class=\"wp-block-column\" style=\"flex-basis:30%\"><div id='iksm-697' class='iksm iksm-697 iksm-container '  data-id='697' data-is-pro='0' data-source='menu'><div class='iksm-terms'><div class='iksm-terms-tree iksm-terms-tree--level-1 iksm-terms-tree--parents' style=''><div class=\"iksm-terms-tree__inner\">\n        <div class=\"iksm-term iksm-term--id-692 iksm-term--parent\" data-id=\"692\">\n            <div class=\"iksm-term__inner\" tabindex='0'>\n                <a class=\"iksm-term__link\" href='https:\/\/www.afasi.se\/foreningshandbok\/marknadsforing-kommunikation\/webbplats\/' target='_self' tabindex='-1'>\n\t\t\t\t        <span class=\"iksm-term__text\">Webbplats<\/span>\n\t\t            <\/a>\n\t\t\t        <\/div>\n\t\t        <\/div>\n\n\t\t\n        <div class=\"iksm-term iksm-term--id-689 iksm-term--parent\" data-id=\"689\">\n            <div class=\"iksm-term__inner\" tabindex='0'>\n                <a class=\"iksm-term__link\" href='https:\/\/www.afasi.se\/foreningshandbok\/marknadsforing-kommunikation\/logotype-och-slogan\/' target='_self' tabindex='-1'>\n\t\t\t\t        <span class=\"iksm-term__text\">Logotype och slogan<\/span>\n\t\t            <\/a>\n\t\t\t        <\/div>\n\t\t        <\/div>\n\n\t\t\n        <div class=\"iksm-term iksm-term--id-690 iksm-term--parent\" data-id=\"690\">\n            <div class=\"iksm-term__inner\" tabindex='0'>\n                <a class=\"iksm-term__link\" href='https:\/\/www.afasi.se\/foreningshandbok\/marknadsforing-kommunikation\/material\/' target='_self' tabindex='-1'>\n\t\t\t\t        <span class=\"iksm-term__text\">Material<\/span>\n\t\t            <\/a>\n\t\t\t        <\/div>\n\t\t        <\/div>\n\n\t\t\n        <div class=\"iksm-term iksm-term--id-691 iksm-term--parent\" data-id=\"691\">\n            <div class=\"iksm-term__inner\" tabindex='0'>\n                <a class=\"iksm-term__link\" href='https:\/\/www.afasi.se\/foreningshandbok\/marknadsforing-kommunikation\/sociala-medier\/' target='_self' tabindex='-1'>\n\t\t\t\t        <span class=\"iksm-term__text\">Sociala medier<\/span>\n\t\t            <\/a>\n\t\t\t        <\/div>\n\t\t        <\/div>\n\n\t\t<\/div><\/div><\/div><div id=\"iksm_data_args\" class=\"data-args\"  data-collapse_children_terms='1' data-collapse_other_terms='1' data-collapse_animation_duration='400' data-expand_animation_duration='400'><\/div><\/div><script id=\"styles-copier-69ecf2c14da4e\">\n\t\t\t\/\/ Finding styles element\n\t        var element = document.getElementById(\"iksm-dynamic-style\");\n\t        if (!element) { \/\/ If no element (Cache plugins can remove tag), then creating a new one\n                element = document.createElement('style');\n                var head = document.getElementsByTagName(\"head\")\n                if (head && head[0]) {\n                \thead[0].appendChild(element);\n                } else {\n                  \tconsole.warn(\"Iks Menu | Error while printing styles. Please contact technical support.\");\n                }\n\t        }\n\t\t\t\/\/ Copying styles to <styles> tag\n\t        element.innerHTML += \".iksm-697 .iksm-terms{transition:all 400ms;animation:iks-fade-in 1000ms;}.iksm-697 .iksm-term__inner{background-color:rgba(255,255,255,1);min-height:44px;transition:all 400ms;}.iksm-697 .iksm-term__inner:hover{background-color:rgba(236,236,236,1);}.iksm-697 .iksm-term--current > .iksm-term__inner{background-color:rgba(212,212,212,1);}.iksm-697 .iksm-term__link{color:rgba(0,0,0,1);font-size:15px;line-height:15px;font-weight:400;text-decoration:none;padding-top:5px;padding-right:15px;padding-bottom:5px;padding-left:15px;transition:all 400ms;}.iksm-697 .iksm-term__inner:hover .iksm-term__link{color:rgba(50,50,50,1);}.iksm-697 .iksm-term__toggle__inner{transition:transform 400ms}.iksm-697 .iksm-term--expanded > .iksm-term__inner > .iksm-term__toggle > .iksm-term__toggle__inner{transform:rotate(180deg);}.iksm-697 .iksm-term__toggle{color:rgba(133,133,133,1);font-size:22px;align-self:stretch;height:unset;;width:40px;transition:all 400ms;}.iksm-697 .iksm-term__toggle:hover{color:rgba(0,0,0,1);}.iksm-697 .iksm-term__image-container{width:30px;min-width:30px;height:30px;min-height:30px;margin-right:15px;transition:all 400ms;}.iksm-697 .iksm-term__image{background-size:contain;background-position:center;background-repeat:no-repeat;}.iksm-697 .iksm-term__image-container:hover{background-size:contain;background-position:center;background-repeat:no-repeat;}.iksm-697 .iksm-term__inner:hover .iksm-term__image-container{background-size:contain;background-position:center;background-repeat:no-repeat;}.iksm-697 .iksm-term__inner:focus .iksm-term__image-container{background-size:contain;background-position:center;background-repeat:no-repeat;}.iksm-697 .iksm-term--current > .iksm-term__inner .iksm-term__image-container{background-size:contain;background-position:center;background-repeat:no-repeat;}.iksm-697 .iksm-term--child .iksm-term__inner .iksm-term__image-container{background-size:contain;background-position:center;background-repeat:no-repeat;}.iksm-697 .iksm-term--child .iksm-term__inner .iksm-term__image-container:hover{background-size:contain;background-position:center;background-repeat:no-repeat;}.iksm-697 .iksm-term--child .iksm-term__inner .iksm-term__image-container:focus{background-size:contain;background-position:center;background-repeat:no-repeat;}.iksm-697 .iksm-term--child.iksm-term--current > .iksm-term__inner .iksm-term__image-container{background-size:contain;background-position:center;background-repeat:no-repeat;}.iksm-697  .iksm-term__text{flex: unset}.iksm-697 .iksm-term__posts-count{color:rgba(133,133,133,1);font-size:16px;margin-left:12px;font-weight:400;transition:all 400ms;}\";\n\t        \/\/ Removing this script\n            var this_script = document.getElementById(\"styles-copier-69ecf2c14da4e\");\n            if (this_script) { \/\/ Cache plugins can remove tag\n\t            this_script.outerHTML = \"\";\n\t            if (this_script.parentNode) {\n\t                this_script.parentNode.removeChild(this_script);\n\t            }\n            }\n        <\/script>\n<\/div>\n\n\n\n<div class=\"wp-block-column\" style=\"flex-basis:40%\">\n<h3 class=\"wp-block-heading\"><strong>Afasif\u00f6rbundets nyhetsrum<\/strong><\/h3>\n\n\n\n<p>Afasif\u00f6rbundet har ett nyhetsrum, en sida, p\u00e5<br>internet. D\u00e4r publicerar f\u00f6rbundet alla<br>pressmeddelanden och blogginl\u00e4gg.<br>P\u00e5 Afasif\u00f6rbundets webbplats www.afasi.se<br>under rubriken \u201dPress\u201d finns nyheter om afasi<br>och spr\u00e5kst\u00f6rning.<\/p>\n\n\n\n<h3 class=\"wp-block-heading\"><strong>Facebook-grupper<\/strong><\/h3>\n\n\n\n<p>Afasif\u00f6rbundet har tv\u00e5 officiella Facebook-grupper.<br>En \u00e4r \u00f6ppen f\u00f6r alla och en \u00e4r Talknutens grupp<br>som \u00e4r inriktad p\u00e5 spr\u00e5kst\u00f6rning.<br>Det finns ocks\u00e5 flera slutna grupper p\u00e5 Facebook.<br>Du hittar grupperna om du s\u00f6ker p\u00e5 Afasif\u00f6rbundet<br>eller Talknuten p\u00e5 Facebook.<\/p>\n\n\n\n<h3 class=\"wp-block-heading\"><strong>Youtube<\/strong> och Vimeo<\/h3>\n\n\n\n<p>Afasif\u00f6rbundet l\u00e4gger ut filmer och videoklipp p\u00e5 Youtube. Du hittar videoklippen om du s\u00f6ker Afasif\u00f6rbundet p\u00e5 Vimeo eller Youtube. Alla f\u00f6reningar och medlemmar f\u00e5r g\u00e4rna skicka in korta videoklipp till Afasif\u00f6rbundets kansli. <\/p>\n\n\n\n<p>\u00a9 Afasif\u00f6rbundet i Sverige<\/p>\n<\/div>\n<\/div>\n<\/div><\/div>","protected":false},"excerpt":{"rendered":"<!-- RS_MODULE_CODE_2.4.4 --><div id=\"readspeaker_button178\" class=\"rs_skip rsbtn rs_preserve\"><a class=\"rsbtn_play\" title=\"Lyssna p&aring; sidans text med ReadSpeaker\" accesskey=\"L\" href=\"\/\/app-eu.readspeaker.com\/cgi-bin\/rsent?customerid=7782&amp;lang=sv_se&amp;readid=rspeak_read_178&amp;url=https%3A%2F%2Fwww.afasi.se%2Fforeningshandbok%2Fwp-json%2Fwp%2Fv2%2Fpages%2F178\">\n        <span class=\"rsbtn_left rsimg rspart\"><span class=\"rsbtn_text\"><span>Lyssna<\/span><\/span><\/span>\n        <span class=\"rsbtn_right rsimg rsplay rspart\"><\/span>\n        <\/a><\/div><div id=\"rspeak_read_178\"><div class=\"entry-summary\">\n Afasif\u00f6rbundets nyhetsrum Afasif\u00f6rbundet har ett nyhetsrum, en sida, p\u00e5internet. D\u00e4r publicerar f\u00f6rbundet allapressmeddelanden och blogginl\u00e4gg.P\u00e5 Afasif\u00f6rbundets webbplats www.afasi.seunder rubriken \u201dPress\u201d finns nyheter om afasioch spr\u00e5kst\u00f6rning. Facebook-grupper Afasif\u00f6rbundet har tv\u00e5 officiella Facebook-grupper.En \u00e4r \u00f6ppen f\u00f6r alla och en \u00e4r Talknutens&hellip;\n<\/div>\n<div class=\"link-more-container\"><a href=\"https:\/\/www.afasi.se\/foreningshandbok\/marknadsforing-kommunikation\/sociala-medier\/\" class=\"link-more\" aria-label=\"Continue reading Sociala medier\">Continue reading&hellip;<\/a><\/div>\n<\/div>","protected":false},"author":4,"featured_media":0,"parent":87,"menu_order":0,"comment_status":"closed","ping_status":"closed","template":"","meta":{"footnotes":""},"class_list":["post-178","page","type-page","status-publish","hentry","entry","entry-type-page"],"_links":{"self":[{"href":"https:\/\/www.afasi.se\/foreningshandbok\/wp-json\/wp\/v2\/pages\/178","targetHints":{"allow":["GET"]}}],"collection":[{"href":"https:\/\/www.afasi.se\/foreningshandbok\/wp-json\/wp\/v2\/pages"}],"about":[{"href":"https:\/\/www.afasi.se\/foreningshandbok\/wp-json\/wp\/v2\/types\/page"}],"author":[{"embeddable":true,"href":"https:\/\/www.afasi.se\/foreningshandbok\/wp-json\/wp\/v2\/users\/4"}],"replies":[{"embeddable":true,"href":"https:\/\/www.afasi.se\/foreningshandbok\/wp-json\/wp\/v2\/comments?post=178"}],"version-history":[{"count":10,"href":"https:\/\/www.afasi.se\/foreningshandbok\/wp-json\/wp\/v2\/pages\/178\/revisions"}],"predecessor-version":[{"id":931,"href":"https:\/\/www.afasi.se\/foreningshandbok\/wp-json\/wp\/v2\/pages\/178\/revisions\/931"}],"up":[{"embeddable":true,"href":"https:\/\/www.afasi.se\/foreningshandbok\/wp-json\/wp\/v2\/pages\/87"}],"wp:attachment":[{"href":"https:\/\/www.afasi.se\/foreningshandbok\/wp-json\/wp\/v2\/media?parent=178"}],"curies":[{"name":"wp","href":"https:\/\/api.w.org\/{rel}","templated":true}]}}