{"id":203,"date":"2018-04-05T12:41:26","date_gmt":"2018-04-05T10:41:26","guid":{"rendered":"http:\/\/www.afasi.se\/foreningshandbok\/?page_id=203"},"modified":"2021-09-13T10:59:47","modified_gmt":"2021-09-13T08:59:47","slug":"valberedning","status":"publish","type":"page","link":"https:\/\/www.afasi.se\/foreningshandbok\/bilda-forening\/valberedning\/","title":{"rendered":"Valberedning"},"content":{"rendered":"<!-- RS_MODULE_CODE_2.4.4 --><div id=\"readspeaker_button203\" class=\"rs_skip rsbtn rs_preserve\"><a class=\"rsbtn_play\" title=\"Lyssna p&aring; sidans text med ReadSpeaker\" accesskey=\"L\" href=\"\/\/app-eu.readspeaker.com\/cgi-bin\/rsent?customerid=7782&amp;lang=sv_se&amp;readid=rspeak_read_203&amp;url=https%3A%2F%2Fwww.afasi.se%2Fforeningshandbok%2Fwp-json%2Fwp%2Fv2%2Fpages%2F203\">\n        <span class=\"rsbtn_left rsimg rspart\"><span class=\"rsbtn_text\"><span>Lyssna<\/span><\/span><\/span>\n        <span class=\"rsbtn_right rsimg rsplay rspart\"><\/span>\n        <\/a><\/div><div id=\"rspeak_read_203\"><div class=\"breadcrumbs align top-page-breadcrumb wp-block-bcn-breadcrumb-trail has-text-color has-background\" vocab=\"https:\/\/schema.org\/\" typeof=\"BreadcrumbList\">\n\t<span><\/span>\n\t<span class=\"breadcrumbs-title\">Du \u00e4r h\u00e4r: <\/span><span property=\"itemListElement\" typeof=\"ListItem\"><a property=\"item\" typeof=\"WebPage\" title=\"G\u00e5 till F\u00f6reningshandboken.\" href=\"https:\/\/www.afasi.se\/foreningshandbok\" class=\"home\" aria-current=\"page\"><span property=\"name\">F\u00f6reningshandboken<\/span><\/a><meta property=\"position\" content=\"1\"><\/span><\/div>\n\n\n<div class=\"alignwide-wrap\" data-block=\"columns\">\n<div class=\"wp-block-columns alignwide\">\n<div class=\"wp-block-column\" style=\"flex-basis:30%\"><div id='iksm-696' class='iksm iksm-696 iksm-container '  data-id='696' data-is-pro='0' data-source='menu'><div class='iksm-terms'><div class='iksm-terms-tree iksm-terms-tree--level-1 iksm-terms-tree--parents' style=''><div class=\"iksm-terms-tree__inner\">\n        <div class=\"iksm-term iksm-term--id-687 iksm-term--parent\" data-id=\"687\">\n            <div class=\"iksm-term__inner\" tabindex='0'>\n                <a class=\"iksm-term__link\" href='https:\/\/www.afasi.se\/foreningshandbok\/bilda-forening\/styrelsens-sammansattning\/' target='_self' tabindex='-1'>\n\t\t\t\t        <span class=\"iksm-term__text\">Styrelsen<\/span>\n\t\t            <\/a>\n\t\t\t        <\/div>\n\t\t        <\/div>\n\n\t\t\n        <div class=\"iksm-term iksm-term--id-688 iksm-term--parent\" data-id=\"688\">\n            <div class=\"iksm-term__inner\" tabindex='0'>\n                <a class=\"iksm-term__link\" href='https:\/\/www.afasi.se\/foreningshandbok\/bilda-forening\/valberedning\/' target='_self' tabindex='-1'>\n\t\t\t\t        <span class=\"iksm-term__text\">Valberedning<\/span>\n\t\t            <\/a>\n\t\t\t        <\/div>\n\t\t        <\/div>\n\n\t\t\n        <div class=\"iksm-term iksm-term--id-685 iksm-term--parent\" data-id=\"685\">\n            <div class=\"iksm-term__inner\" tabindex='0'>\n                <a class=\"iksm-term__link\" href='https:\/\/www.afasi.se\/foreningshandbok\/bilda-forening\/soka-bidrag-for-foreningen\/' target='_self' tabindex='-1'>\n\t\t\t\t        <span class=\"iksm-term__text\">S\u00f6ka bidrag<\/span>\n\t\t            <\/a>\n\t\t\t        <\/div>\n\t\t        <\/div>\n\n\t\t\n        <div class=\"iksm-term iksm-term--id-686 iksm-term--parent\" data-id=\"686\">\n            <div class=\"iksm-term__inner\" tabindex='0'>\n                <a class=\"iksm-term__link\" href='https:\/\/www.afasi.se\/foreningshandbok\/bilda-forening\/stadgar-for-forbund-och-foreningar\/' target='_self' tabindex='-1'>\n\t\t\t\t        <span class=\"iksm-term__text\">Stadgar<\/span>\n\t\t            <\/a>\n\t\t\t        <\/div>\n\t\t        <\/div>\n\n\t\t<\/div><\/div><\/div><div id=\"iksm_data_args\" class=\"data-args\"  data-collapse_children_terms='1' data-collapse_other_terms='1' data-collapse_animation_duration='400' data-expand_animation_duration='400'><\/div><\/div><script id=\"styles-copier-69f3fc6440539\">\n\t\t\t\/\/ Finding styles element\n\t        var element = document.getElementById(\"iksm-dynamic-style\");\n\t        if (!element) { \/\/ If no element (Cache plugins can remove tag), then creating a new one\n                element = document.createElement('style');\n                var head = document.getElementsByTagName(\"head\")\n                if (head && head[0]) {\n                \thead[0].appendChild(element);\n                } else {\n                  \tconsole.warn(\"Iks Menu | Error while printing styles. Please contact technical support.\");\n                }\n\t        }\n\t\t\t\/\/ Copying styles to <styles> tag\n\t        element.innerHTML += \".iksm-696 .iksm-terms{transition:all 400ms;animation:iks-fade-in 1000ms;}.iksm-696 .iksm-term__inner{background-color:rgba(255,255,255,1);min-height:44px;transition:all 400ms;}.iksm-696 .iksm-term__inner:hover{background-color:rgba(236,236,236,1);}.iksm-696 .iksm-term--current > .iksm-term__inner{background-color:rgba(212,212,212,1);}.iksm-696 .iksm-term__link{color:rgba(0,0,0,1);font-size:15px;line-height:15px;font-weight:400;text-decoration:none;padding-top:5px;padding-right:15px;padding-bottom:5px;padding-left:15px;transition:all 400ms;}.iksm-696 .iksm-term__inner:hover .iksm-term__link{color:rgba(50,50,50,1);}.iksm-696 .iksm-term__toggle__inner{transition:transform 400ms}.iksm-696 .iksm-term--expanded > .iksm-term__inner > .iksm-term__toggle > .iksm-term__toggle__inner{transform:rotate(180deg);}.iksm-696 .iksm-term__toggle{color:rgba(133,133,133,1);font-size:22px;align-self:stretch;height:unset;;width:40px;transition:all 400ms;}.iksm-696 .iksm-term__toggle:hover{color:rgba(0,0,0,1);}.iksm-696 .iksm-term__image-container{width:30px;min-width:30px;height:30px;min-height:30px;margin-right:15px;transition:all 400ms;}.iksm-696 .iksm-term__image{background-size:contain;background-position:center;background-repeat:no-repeat;}.iksm-696 .iksm-term__image-container:hover{background-size:contain;background-position:center;background-repeat:no-repeat;}.iksm-696 .iksm-term__inner:hover .iksm-term__image-container{background-size:contain;background-position:center;background-repeat:no-repeat;}.iksm-696 .iksm-term__inner:focus .iksm-term__image-container{background-size:contain;background-position:center;background-repeat:no-repeat;}.iksm-696 .iksm-term--current > .iksm-term__inner .iksm-term__image-container{background-size:contain;background-position:center;background-repeat:no-repeat;}.iksm-696 .iksm-term--child .iksm-term__inner .iksm-term__image-container{background-size:contain;background-position:center;background-repeat:no-repeat;}.iksm-696 .iksm-term--child .iksm-term__inner .iksm-term__image-container:hover{background-size:contain;background-position:center;background-repeat:no-repeat;}.iksm-696 .iksm-term--child .iksm-term__inner .iksm-term__image-container:focus{background-size:contain;background-position:center;background-repeat:no-repeat;}.iksm-696 .iksm-term--child.iksm-term--current > .iksm-term__inner .iksm-term__image-container{background-size:contain;background-position:center;background-repeat:no-repeat;}.iksm-696  .iksm-term__text{flex: unset}.iksm-696 .iksm-term__posts-count{color:rgba(133,133,133,1);font-size:16px;margin-left:12px;font-weight:400;transition:all 400ms;}\";\n\t        \/\/ Removing this script\n            var this_script = document.getElementById(\"styles-copier-69f3fc6440539\");\n            if (this_script) { \/\/ Cache plugins can remove tag\n\t            this_script.outerHTML = \"\";\n\t            if (this_script.parentNode) {\n\t                this_script.parentNode.removeChild(this_script);\n\t            }\n            }\n        <\/script>\n<\/div>\n\n\n\n<div class=\"wp-block-column\" style=\"flex-basis:40%\">\n<h3 class=\"wp-block-heading\"><strong>Valberedning i en f\u00f6rening<\/strong><\/h3>\n\n\n\n<p><strong>Valberedningen ger f\u00f6rslag p\u00e5 vilka personer<br>som ska sitta i styrelsen n\u00e4r det \u00e4r \u00e5rsm\u00f6te.<\/strong><br>Den f\u00f6resl\u00e5r ocks\u00e5 vilka som ska vara revisorer.<\/p>\n\n\n\n<p>Personerna i styrelsen ska ha kunskap om<br>funktionsneds\u00e4ttning och att vara anh\u00f6rig till<br>n\u00e5gon med funktionsneds\u00e4ttning. De ska vara i<br>olika \u00e5ldrar och av olika k\u00f6n.<\/p>\n\n\n\n<p>Valberedningen har ansvar f\u00f6r att det blir en<br>blandning av personer med olika kunskap och<br>erfarenheter i styrelsen. De ska ocks\u00e5 se till att<br>det kommer in nya personer i styrelsen.<\/p>\n\n\n\n<p><strong>Det \u00e4r bra om personerna i valberedningen \u00e4r<br>aktiva i f\u00f6reningen och k\u00e4nner m\u00e5nga medlemmar.<\/strong><br>De b\u00f6r l\u00e4sa protokollen fr\u00e5n styrelsens m\u00f6ten och<br>fr\u00e5n \u00e5rsm\u00f6tet f\u00f6r att veta om vad som h\u00e4nder i<br>f\u00f6reningen.<\/p>\n\n\n\n<p>Det \u00e4r medlemmarna som best\u00e4mmer \u00f6ver<br>valberedningen. Styrelsen best\u00e4mmer inte hur<br>valberedningen ska arbeta.<\/p>\n\n\n\n<p>\u00a9 Afasif\u00f6rbundet i Sverige<\/p>\n<\/div>\n<\/div>\n<\/div><\/div>","protected":false},"excerpt":{"rendered":"<!-- RS_MODULE_CODE_2.4.4 --><div id=\"readspeaker_button203\" class=\"rs_skip rsbtn rs_preserve\"><a class=\"rsbtn_play\" title=\"Lyssna p&aring; sidans text med ReadSpeaker\" accesskey=\"L\" href=\"\/\/app-eu.readspeaker.com\/cgi-bin\/rsent?customerid=7782&amp;lang=sv_se&amp;readid=rspeak_read_203&amp;url=https%3A%2F%2Fwww.afasi.se%2Fforeningshandbok%2Fwp-json%2Fwp%2Fv2%2Fpages%2F203\">\n        <span class=\"rsbtn_left rsimg rspart\"><span class=\"rsbtn_text\"><span>Lyssna<\/span><\/span><\/span>\n        <span class=\"rsbtn_right rsimg rsplay rspart\"><\/span>\n        <\/a><\/div><div id=\"rspeak_read_203\"><div class=\"entry-summary\">\n Valberedning i en f\u00f6rening Valberedningen ger f\u00f6rslag p\u00e5 vilka personersom ska sitta i styrelsen n\u00e4r det \u00e4r \u00e5rsm\u00f6te.Den f\u00f6resl\u00e5r ocks\u00e5 vilka som ska vara revisorer. Personerna i styrelsen ska ha kunskap omfunktionsneds\u00e4ttning och att vara anh\u00f6rig tilln\u00e5gon med funktionsneds\u00e4ttning.&hellip;\n<\/div>\n<div class=\"link-more-container\"><a href=\"https:\/\/www.afasi.se\/foreningshandbok\/bilda-forening\/valberedning\/\" class=\"link-more\" aria-label=\"Continue reading Valberedning\">Continue reading&hellip;<\/a><\/div>\n<\/div>","protected":false},"author":4,"featured_media":0,"parent":85,"menu_order":0,"comment_status":"closed","ping_status":"closed","template":"","meta":{"footnotes":""},"class_list":["post-203","page","type-page","status-publish","hentry","entry","entry-type-page"],"_links":{"self":[{"href":"https:\/\/www.afasi.se\/foreningshandbok\/wp-json\/wp\/v2\/pages\/203","targetHints":{"allow":["GET"]}}],"collection":[{"href":"https:\/\/www.afasi.se\/foreningshandbok\/wp-json\/wp\/v2\/pages"}],"about":[{"href":"https:\/\/www.afasi.se\/foreningshandbok\/wp-json\/wp\/v2\/types\/page"}],"author":[{"embeddable":true,"href":"https:\/\/www.afasi.se\/foreningshandbok\/wp-json\/wp\/v2\/users\/4"}],"replies":[{"embeddable":true,"href":"https:\/\/www.afasi.se\/foreningshandbok\/wp-json\/wp\/v2\/comments?post=203"}],"version-history":[{"count":11,"href":"https:\/\/www.afasi.se\/foreningshandbok\/wp-json\/wp\/v2\/pages\/203\/revisions"}],"predecessor-version":[{"id":816,"href":"https:\/\/www.afasi.se\/foreningshandbok\/wp-json\/wp\/v2\/pages\/203\/revisions\/816"}],"up":[{"embeddable":true,"href":"https:\/\/www.afasi.se\/foreningshandbok\/wp-json\/wp\/v2\/pages\/85"}],"wp:attachment":[{"href":"https:\/\/www.afasi.se\/foreningshandbok\/wp-json\/wp\/v2\/media?parent=203"}],"curies":[{"name":"wp","href":"https:\/\/api.w.org\/{rel}","templated":true}]}}