{"id":353,"date":"2018-06-26T08:30:24","date_gmt":"2018-06-26T06:30:24","guid":{"rendered":"http:\/\/www.afasi.se\/foreningshandbok\/?page_id=353"},"modified":"2021-09-10T13:03:37","modified_gmt":"2021-09-10T11:03:37","slug":"sammanfattning-kongress-och-ordforandemote","status":"publish","type":"page","link":"https:\/\/www.afasi.se\/foreningshandbok\/foreningshandboken\/kongress-och-ordforandemote\/sammanfattning-kongress-och-ordforandemote\/","title":{"rendered":"Sammanfattning kongress och ordf\u00f6randem\u00f6te"},"content":{"rendered":"<!-- RS_MODULE_CODE_2.4.4 --><div id=\"readspeaker_button353\" class=\"rs_skip rsbtn rs_preserve\"><a class=\"rsbtn_play\" title=\"Lyssna p&aring; sidans text med ReadSpeaker\" accesskey=\"L\" href=\"\/\/app-eu.readspeaker.com\/cgi-bin\/rsent?customerid=7782&amp;lang=sv_se&amp;readid=rspeak_read_353&amp;url=https%3A%2F%2Fwww.afasi.se%2Fforeningshandbok%2Fwp-json%2Fwp%2Fv2%2Fpages%2F353\">\n        <span class=\"rsbtn_left rsimg rspart\"><span class=\"rsbtn_text\"><span>Lyssna<\/span><\/span><\/span>\n        <span class=\"rsbtn_right rsimg rsplay rspart\"><\/span>\n        <\/a><\/div><div id=\"rspeak_read_353\"><div class=\"alignwide-wrap\" data-block=\"columns\">\n<div class=\"wp-block-columns alignwide\">\n<div class=\"wp-block-column\" style=\"flex-basis:40%\">\n<p><strong>Sammanfattning<\/strong><br>\u2022 Kongressen best\u00e4mmer vad Afasif\u00f6rbundet<br>ska g\u00f6ra.<\/p>\n\n\n\n<p>\u2022 Kongressen v\u00e4ljer styrelsen i Afasif\u00f6rbundet.<br>\u2022 Alla medlemmar kan skicka in f\u00f6rslag<br>(motioner) till kongressen.<\/p>\n\n\n\n<p>\u2022 Ordf\u00f6randem\u00f6tet \u00e4r en g\u00e5ng varje \u00e5r n\u00e4r<br>det inte \u00e4r kongress.<\/p>\n\n\n\n<p>Vill du g\u00e5 tillbaka till tidigare sida? Klicka p\u00e5 pilen<br>h\u00f6gst upp i menyn.<\/p>\n<\/div>\n<\/div>\n<\/div><\/div>","protected":false},"excerpt":{"rendered":"<!-- RS_MODULE_CODE_2.4.4 --><div id=\"readspeaker_button353\" class=\"rs_skip rsbtn rs_preserve\"><a class=\"rsbtn_play\" title=\"Lyssna p&aring; sidans text med ReadSpeaker\" accesskey=\"L\" href=\"\/\/app-eu.readspeaker.com\/cgi-bin\/rsent?customerid=7782&amp;lang=sv_se&amp;readid=rspeak_read_353&amp;url=https%3A%2F%2Fwww.afasi.se%2Fforeningshandbok%2Fwp-json%2Fwp%2Fv2%2Fpages%2F353\">\n        <span class=\"rsbtn_left rsimg rspart\"><span class=\"rsbtn_text\"><span>Lyssna<\/span><\/span><\/span>\n        <span class=\"rsbtn_right rsimg rsplay rspart\"><\/span>\n        <\/a><\/div><div id=\"rspeak_read_353\"><div class=\"entry-summary\">\n Sammanfattning\u2022 Kongressen best\u00e4mmer vad Afasif\u00f6rbundetska g\u00f6ra. \u2022 Kongressen v\u00e4ljer styrelsen i Afasif\u00f6rbundet.\u2022 Alla medlemmar kan skicka in f\u00f6rslag(motioner) till kongressen. \u2022 Ordf\u00f6randem\u00f6tet \u00e4r en g\u00e5ng varje \u00e5r n\u00e4rdet inte \u00e4r kongress. Vill du g\u00e5 tillbaka till tidigare sida? Klicka&hellip;\n<\/div>\n<div class=\"link-more-container\"><a href=\"https:\/\/www.afasi.se\/foreningshandbok\/foreningshandboken\/kongress-och-ordforandemote\/sammanfattning-kongress-och-ordforandemote\/\" class=\"link-more\" aria-label=\"Continue reading Sammanfattning kongress och ordf\u00f6randem\u00f6te\">Continue reading&hellip;<\/a><\/div>\n<\/div>","protected":false},"author":4,"featured_media":0,"parent":71,"menu_order":0,"comment_status":"closed","ping_status":"closed","template":"","meta":{"footnotes":""},"class_list":["post-353","page","type-page","status-publish","hentry","entry","entry-type-page"],"_links":{"self":[{"href":"https:\/\/www.afasi.se\/foreningshandbok\/wp-json\/wp\/v2\/pages\/353","targetHints":{"allow":["GET"]}}],"collection":[{"href":"https:\/\/www.afasi.se\/foreningshandbok\/wp-json\/wp\/v2\/pages"}],"about":[{"href":"https:\/\/www.afasi.se\/foreningshandbok\/wp-json\/wp\/v2\/types\/page"}],"author":[{"embeddable":true,"href":"https:\/\/www.afasi.se\/foreningshandbok\/wp-json\/wp\/v2\/users\/4"}],"replies":[{"embeddable":true,"href":"https:\/\/www.afasi.se\/foreningshandbok\/wp-json\/wp\/v2\/comments?post=353"}],"version-history":[{"count":7,"href":"https:\/\/www.afasi.se\/foreningshandbok\/wp-json\/wp\/v2\/pages\/353\/revisions"}],"predecessor-version":[{"id":758,"href":"https:\/\/www.afasi.se\/foreningshandbok\/wp-json\/wp\/v2\/pages\/353\/revisions\/758"}],"up":[{"embeddable":true,"href":"https:\/\/www.afasi.se\/foreningshandbok\/wp-json\/wp\/v2\/pages\/71"}],"wp:attachment":[{"href":"https:\/\/www.afasi.se\/foreningshandbok\/wp-json\/wp\/v2\/media?parent=353"}],"curies":[{"name":"wp","href":"https:\/\/api.w.org\/{rel}","templated":true}]}}