{"id":368,"date":"2018-06-26T09:03:05","date_gmt":"2018-06-26T07:03:05","guid":{"rendered":"http:\/\/www.afasi.se\/foreningshandbok\/?page_id=368"},"modified":"2021-09-13T11:42:26","modified_gmt":"2021-09-13T09:42:26","slug":"sammanfattning-arsmoten","status":"publish","type":"page","link":"https:\/\/www.afasi.se\/foreningshandbok\/driva-forening\/arsmoten\/sammanfattning-arsmoten\/","title":{"rendered":"Sammanfattning \u00c5rsm\u00f6ten"},"content":{"rendered":"<!-- RS_MODULE_CODE_2.4.4 --><div id=\"readspeaker_button368\" class=\"rs_skip rsbtn rs_preserve\"><a class=\"rsbtn_play\" title=\"Lyssna p&aring; sidans text med ReadSpeaker\" accesskey=\"L\" href=\"\/\/app-eu.readspeaker.com\/cgi-bin\/rsent?customerid=7782&amp;lang=sv_se&amp;readid=rspeak_read_368&amp;url=https%3A%2F%2Fwww.afasi.se%2Fforeningshandbok%2Fwp-json%2Fwp%2Fv2%2Fpages%2F368\">\n        <span class=\"rsbtn_left rsimg rspart\"><span class=\"rsbtn_text\"><span>Lyssna<\/span><\/span><\/span>\n        <span class=\"rsbtn_right rsimg rsplay rspart\"><\/span>\n        <\/a><\/div><div id=\"rspeak_read_368\"><div class=\"breadcrumbs align top-page-breadcrumb wp-block-bcn-breadcrumb-trail has-text-color has-background\" vocab=\"https:\/\/schema.org\/\" typeof=\"BreadcrumbList\">\n\t<span><\/span>\n\t<span class=\"breadcrumbs-title\">Du \u00e4r h\u00e4r: <\/span><span property=\"itemListElement\" typeof=\"ListItem\"><a property=\"item\" typeof=\"WebPage\" title=\"G\u00e5 till F\u00f6reningshandboken.\" href=\"https:\/\/www.afasi.se\/foreningshandbok\" class=\"home\" aria-current=\"page\"><span property=\"name\">F\u00f6reningshandboken<\/span><\/a><meta property=\"position\" content=\"1\"><\/span><\/div>\n\n\n<div class=\"alignwide-wrap\" data-block=\"columns\">\n<div class=\"wp-block-columns alignwide\">\n<div class=\"wp-block-column\" style=\"flex-basis:40%\">\n<p><strong>Sammanfattning<\/strong><br>\u2022 Varje f\u00f6rening har ett \u00e5rsm\u00f6te varje \u00e5r.<\/p>\n\n\n\n<p>\u2022 Vid \u00e5rsm\u00f6tet har medlemmarna r\u00e4tt att s\u00e4ga vad<br>de tycker och r\u00f6sta p\u00e5 f\u00f6rslag.<\/p>\n\n\n\n<p>\u2022 Vid \u00e5rsm\u00f6tet v\u00e4ljs f\u00f6reningens styrelse.<\/p>\n\n\n\n<p>Vill du g\u00e5 tillbaka till tidigare sida? Klicka p\u00e5 pilen<br>h\u00f6gst upp i menyn.<\/p>\n<\/div>\n<\/div>\n<\/div><\/div>","protected":false},"excerpt":{"rendered":"<!-- RS_MODULE_CODE_2.4.4 --><div id=\"readspeaker_button368\" class=\"rs_skip rsbtn rs_preserve\"><a class=\"rsbtn_play\" title=\"Lyssna p&aring; sidans text med ReadSpeaker\" accesskey=\"L\" href=\"\/\/app-eu.readspeaker.com\/cgi-bin\/rsent?customerid=7782&amp;lang=sv_se&amp;readid=rspeak_read_368&amp;url=https%3A%2F%2Fwww.afasi.se%2Fforeningshandbok%2Fwp-json%2Fwp%2Fv2%2Fpages%2F368\">\n        <span class=\"rsbtn_left rsimg rspart\"><span class=\"rsbtn_text\"><span>Lyssna<\/span><\/span><\/span>\n        <span class=\"rsbtn_right rsimg rsplay rspart\"><\/span>\n        <\/a><\/div><div id=\"rspeak_read_368\"><div class=\"entry-summary\">\n Sammanfattning\u2022 Varje f\u00f6rening har ett \u00e5rsm\u00f6te varje \u00e5r. \u2022 Vid \u00e5rsm\u00f6tet har medlemmarna r\u00e4tt att s\u00e4ga vadde tycker och r\u00f6sta p\u00e5 f\u00f6rslag. \u2022 Vid \u00e5rsm\u00f6tet v\u00e4ljs f\u00f6reningens styrelse. Vill du g\u00e5 tillbaka till tidigare sida? Klicka p\u00e5 pilenh\u00f6gst upp&hellip;\n<\/div>\n<div class=\"link-more-container\"><a href=\"https:\/\/www.afasi.se\/foreningshandbok\/driva-forening\/arsmoten\/sammanfattning-arsmoten\/\" class=\"link-more\" aria-label=\"Continue reading Sammanfattning \u00c5rsm\u00f6ten\">Continue reading&hellip;<\/a><\/div>\n<\/div>","protected":false},"author":4,"featured_media":0,"parent":81,"menu_order":0,"comment_status":"closed","ping_status":"closed","template":"","meta":{"footnotes":""},"class_list":["post-368","page","type-page","status-publish","hentry","entry","entry-type-page"],"_links":{"self":[{"href":"https:\/\/www.afasi.se\/foreningshandbok\/wp-json\/wp\/v2\/pages\/368","targetHints":{"allow":["GET"]}}],"collection":[{"href":"https:\/\/www.afasi.se\/foreningshandbok\/wp-json\/wp\/v2\/pages"}],"about":[{"href":"https:\/\/www.afasi.se\/foreningshandbok\/wp-json\/wp\/v2\/types\/page"}],"author":[{"embeddable":true,"href":"https:\/\/www.afasi.se\/foreningshandbok\/wp-json\/wp\/v2\/users\/4"}],"replies":[{"embeddable":true,"href":"https:\/\/www.afasi.se\/foreningshandbok\/wp-json\/wp\/v2\/comments?post=368"}],"version-history":[{"count":5,"href":"https:\/\/www.afasi.se\/foreningshandbok\/wp-json\/wp\/v2\/pages\/368\/revisions"}],"predecessor-version":[{"id":828,"href":"https:\/\/www.afasi.se\/foreningshandbok\/wp-json\/wp\/v2\/pages\/368\/revisions\/828"}],"up":[{"embeddable":true,"href":"https:\/\/www.afasi.se\/foreningshandbok\/wp-json\/wp\/v2\/pages\/81"}],"wp:attachment":[{"href":"https:\/\/www.afasi.se\/foreningshandbok\/wp-json\/wp\/v2\/media?parent=368"}],"curies":[{"name":"wp","href":"https:\/\/api.w.org\/{rel}","templated":true}]}}