{"id":381,"date":"2018-06-26T11:20:28","date_gmt":"2018-06-26T09:20:28","guid":{"rendered":"http:\/\/www.afasi.se\/foreningshandbok\/?page_id=381"},"modified":"2021-09-13T11:45:58","modified_gmt":"2021-09-13T09:45:58","slug":"sammanfattning-fa-fler-medlemmar","status":"publish","type":"page","link":"https:\/\/www.afasi.se\/foreningshandbok\/driva-forening\/fa-fler-medlemmar-och-behalla-de-som-finns\/sammanfattning-fa-fler-medlemmar\/","title":{"rendered":"Sammanfattning f\u00e5 fler medlemmar"},"content":{"rendered":"<!-- RS_MODULE_CODE_2.4.4 --><div id=\"readspeaker_button381\" class=\"rs_skip rsbtn rs_preserve\"><a class=\"rsbtn_play\" title=\"Lyssna p&aring; sidans text med ReadSpeaker\" accesskey=\"L\" href=\"\/\/app-eu.readspeaker.com\/cgi-bin\/rsent?customerid=7782&amp;lang=sv_se&amp;readid=rspeak_read_381&amp;url=https%3A%2F%2Fwww.afasi.se%2Fforeningshandbok%2Fwp-json%2Fwp%2Fv2%2Fpages%2F381\">\n        <span class=\"rsbtn_left rsimg rspart\"><span class=\"rsbtn_text\"><span>Lyssna<\/span><\/span><\/span>\n        <span class=\"rsbtn_right rsimg rsplay rspart\"><\/span>\n        <\/a><\/div><div id=\"rspeak_read_381\"><div class=\"breadcrumbs align top-page-breadcrumb wp-block-bcn-breadcrumb-trail has-text-color has-background\" vocab=\"https:\/\/schema.org\/\" typeof=\"BreadcrumbList\">\n\t<span><\/span>\n\t<span class=\"breadcrumbs-title\">Du \u00e4r h\u00e4r: <\/span><span property=\"itemListElement\" typeof=\"ListItem\"><a property=\"item\" typeof=\"WebPage\" title=\"G\u00e5 till F\u00f6reningshandboken.\" href=\"https:\/\/www.afasi.se\/foreningshandbok\" class=\"home\" aria-current=\"page\"><span property=\"name\">F\u00f6reningshandboken<\/span><\/a><meta property=\"position\" content=\"1\"><\/span><\/div>\n\n\n<div class=\"alignwide-wrap\" data-block=\"columns\">\n<div class=\"wp-block-columns alignwide\">\n<div class=\"wp-block-column\" style=\"flex-basis:40%\">\n<p><strong>Sammanfattning<\/strong><br>\u2022 Utan medlemmar finns inte Afasif\u00f6rbundet<br>eller f\u00f6reningarna.<\/p>\n\n\n\n<p>\u2022 Det \u00e4r viktigt att det kommer in nya medlemmar.<\/p>\n\n\n\n<p>\u2022 Bra att f\u00f6reningen funderar p\u00e5 vilka som \u00e4r<br>medlemmar och vad medlemmar f\u00e5r.<\/p>\n\n\n\n<p>Vill du g\u00e5 tillbaka till tidigare sida? Klicka p\u00e5 pilen<br>h\u00f6gst upp i menyn.<\/p>\n<\/div>\n<\/div>\n<\/div><\/div>","protected":false},"excerpt":{"rendered":"<!-- RS_MODULE_CODE_2.4.4 --><div id=\"readspeaker_button381\" class=\"rs_skip rsbtn rs_preserve\"><a class=\"rsbtn_play\" title=\"Lyssna p&aring; sidans text med ReadSpeaker\" accesskey=\"L\" href=\"\/\/app-eu.readspeaker.com\/cgi-bin\/rsent?customerid=7782&amp;lang=sv_se&amp;readid=rspeak_read_381&amp;url=https%3A%2F%2Fwww.afasi.se%2Fforeningshandbok%2Fwp-json%2Fwp%2Fv2%2Fpages%2F381\">\n        <span class=\"rsbtn_left rsimg rspart\"><span class=\"rsbtn_text\"><span>Lyssna<\/span><\/span><\/span>\n        <span class=\"rsbtn_right rsimg rsplay rspart\"><\/span>\n        <\/a><\/div><div id=\"rspeak_read_381\"><div class=\"entry-summary\">\n Sammanfattning\u2022 Utan medlemmar finns inte Afasif\u00f6rbundeteller f\u00f6reningarna. \u2022 Det \u00e4r viktigt att det kommer in nya medlemmar. \u2022 Bra att f\u00f6reningen funderar p\u00e5 vilka som \u00e4rmedlemmar och vad medlemmar f\u00e5r. Vill du g\u00e5 tillbaka till tidigare sida? Klicka p\u00e5&hellip;\n<\/div>\n<div class=\"link-more-container\"><a href=\"https:\/\/www.afasi.se\/foreningshandbok\/driva-forening\/fa-fler-medlemmar-och-behalla-de-som-finns\/sammanfattning-fa-fler-medlemmar\/\" class=\"link-more\" aria-label=\"Continue reading Sammanfattning f\u00e5 fler medlemmar\">Continue reading&hellip;<\/a><\/div>\n<\/div>","protected":false},"author":4,"featured_media":0,"parent":91,"menu_order":0,"comment_status":"closed","ping_status":"closed","template":"","meta":{"footnotes":""},"class_list":["post-381","page","type-page","status-publish","hentry","entry","entry-type-page"],"_links":{"self":[{"href":"https:\/\/www.afasi.se\/foreningshandbok\/wp-json\/wp\/v2\/pages\/381","targetHints":{"allow":["GET"]}}],"collection":[{"href":"https:\/\/www.afasi.se\/foreningshandbok\/wp-json\/wp\/v2\/pages"}],"about":[{"href":"https:\/\/www.afasi.se\/foreningshandbok\/wp-json\/wp\/v2\/types\/page"}],"author":[{"embeddable":true,"href":"https:\/\/www.afasi.se\/foreningshandbok\/wp-json\/wp\/v2\/users\/4"}],"replies":[{"embeddable":true,"href":"https:\/\/www.afasi.se\/foreningshandbok\/wp-json\/wp\/v2\/comments?post=381"}],"version-history":[{"count":4,"href":"https:\/\/www.afasi.se\/foreningshandbok\/wp-json\/wp\/v2\/pages\/381\/revisions"}],"predecessor-version":[{"id":834,"href":"https:\/\/www.afasi.se\/foreningshandbok\/wp-json\/wp\/v2\/pages\/381\/revisions\/834"}],"up":[{"embeddable":true,"href":"https:\/\/www.afasi.se\/foreningshandbok\/wp-json\/wp\/v2\/pages\/91"}],"wp:attachment":[{"href":"https:\/\/www.afasi.se\/foreningshandbok\/wp-json\/wp\/v2\/media?parent=381"}],"curies":[{"name":"wp","href":"https:\/\/api.w.org\/{rel}","templated":true}]}}