{"id":385,"date":"2018-06-26T12:05:25","date_gmt":"2018-06-26T10:05:25","guid":{"rendered":"http:\/\/www.afasi.se\/foreningshandbok\/?page_id=385"},"modified":"2021-09-13T11:47:00","modified_gmt":"2021-09-13T09:47:00","slug":"sammanfattning-paverkan","status":"publish","type":"page","link":"https:\/\/www.afasi.se\/foreningshandbok\/driva-forening\/paverkan\/sammanfattning-paverkan\/","title":{"rendered":"Sammanfattning p\u00e5verkan"},"content":{"rendered":"<!-- RS_MODULE_CODE_2.4.4 --><div id=\"readspeaker_button385\" class=\"rs_skip rsbtn rs_preserve\"><a class=\"rsbtn_play\" title=\"Lyssna p&aring; sidans text med ReadSpeaker\" accesskey=\"L\" href=\"\/\/app-eu.readspeaker.com\/cgi-bin\/rsent?customerid=7782&amp;lang=sv_se&amp;readid=rspeak_read_385&amp;url=https%3A%2F%2Fwww.afasi.se%2Fforeningshandbok%2Fwp-json%2Fwp%2Fv2%2Fpages%2F385\">\n        <span class=\"rsbtn_left rsimg rspart\"><span class=\"rsbtn_text\"><span>Lyssna<\/span><\/span><\/span>\n        <span class=\"rsbtn_right rsimg rsplay rspart\"><\/span>\n        <\/a><\/div><div id=\"rspeak_read_385\"><div class=\"breadcrumbs align top-page-breadcrumb wp-block-bcn-breadcrumb-trail has-text-color has-background\" vocab=\"https:\/\/schema.org\/\" typeof=\"BreadcrumbList\">\n\t<span><\/span>\n\t<span class=\"breadcrumbs-title\">Du \u00e4r h\u00e4r: <\/span><span property=\"itemListElement\" typeof=\"ListItem\"><a property=\"item\" typeof=\"WebPage\" title=\"G\u00e5 till F\u00f6reningshandboken.\" href=\"https:\/\/www.afasi.se\/foreningshandbok\" class=\"home\" aria-current=\"page\"><span property=\"name\">F\u00f6reningshandboken<\/span><\/a><meta property=\"position\" content=\"1\"><\/span><\/div>\n\n\n<div class=\"alignwide-wrap\" data-block=\"columns\">\n<div class=\"wp-block-columns alignwide\">\n<div class=\"wp-block-column\" style=\"flex-basis:40%\">\n<p><strong>Sammanfattning<\/strong><br>\u2022 I f\u00f6reningarna g\u00f6rs aktiviteter utifr\u00e5n det som<br>medlemmar \u00e4r intresserade av.<\/p>\n\n\n\n<p>\u2022 F\u00f6reningen arbetar ocks\u00e5 med att p\u00e5verka<br>politiker i fr\u00e5gor som \u00e4r viktiga f\u00f6r medlemmarna.<\/p>\n\n\n\n<p>\u2022 M\u00e5nga f\u00f6reningar samarbetar med Studief\u00f6rbundet<br>Vuxenskolan som har studiecirklar.<\/p>\n\n\n\n<p>Vill du g\u00e5 tillbaka till tidigare sida? Klicka p\u00e5 pilen<br>h\u00f6gst upp i menyn.<\/p>\n<\/div>\n<\/div>\n<\/div><\/div>","protected":false},"excerpt":{"rendered":"<!-- RS_MODULE_CODE_2.4.4 --><div id=\"readspeaker_button385\" class=\"rs_skip rsbtn rs_preserve\"><a class=\"rsbtn_play\" title=\"Lyssna p&aring; sidans text med ReadSpeaker\" accesskey=\"L\" href=\"\/\/app-eu.readspeaker.com\/cgi-bin\/rsent?customerid=7782&amp;lang=sv_se&amp;readid=rspeak_read_385&amp;url=https%3A%2F%2Fwww.afasi.se%2Fforeningshandbok%2Fwp-json%2Fwp%2Fv2%2Fpages%2F385\">\n        <span class=\"rsbtn_left rsimg rspart\"><span class=\"rsbtn_text\"><span>Lyssna<\/span><\/span><\/span>\n        <span class=\"rsbtn_right rsimg rsplay rspart\"><\/span>\n        <\/a><\/div><div id=\"rspeak_read_385\"><div class=\"entry-summary\">\n Sammanfattning\u2022 I f\u00f6reningarna g\u00f6rs aktiviteter utifr\u00e5n det sommedlemmar \u00e4r intresserade av. \u2022 F\u00f6reningen arbetar ocks\u00e5 med att p\u00e5verkapolitiker i fr\u00e5gor som \u00e4r viktiga f\u00f6r medlemmarna. \u2022 M\u00e5nga f\u00f6reningar samarbetar med Studief\u00f6rbundetVuxenskolan som har studiecirklar. Vill du g\u00e5 tillbaka till&hellip;\n<\/div>\n<div class=\"link-more-container\"><a href=\"https:\/\/www.afasi.se\/foreningshandbok\/driva-forening\/paverkan\/sammanfattning-paverkan\/\" class=\"link-more\" aria-label=\"Continue reading Sammanfattning p\u00e5verkan\">Continue reading&hellip;<\/a><\/div>\n<\/div>","protected":false},"author":4,"featured_media":0,"parent":191,"menu_order":0,"comment_status":"closed","ping_status":"closed","template":"","meta":{"footnotes":""},"class_list":["post-385","page","type-page","status-publish","hentry","entry","entry-type-page"],"_links":{"self":[{"href":"https:\/\/www.afasi.se\/foreningshandbok\/wp-json\/wp\/v2\/pages\/385","targetHints":{"allow":["GET"]}}],"collection":[{"href":"https:\/\/www.afasi.se\/foreningshandbok\/wp-json\/wp\/v2\/pages"}],"about":[{"href":"https:\/\/www.afasi.se\/foreningshandbok\/wp-json\/wp\/v2\/types\/page"}],"author":[{"embeddable":true,"href":"https:\/\/www.afasi.se\/foreningshandbok\/wp-json\/wp\/v2\/users\/4"}],"replies":[{"embeddable":true,"href":"https:\/\/www.afasi.se\/foreningshandbok\/wp-json\/wp\/v2\/comments?post=385"}],"version-history":[{"count":5,"href":"https:\/\/www.afasi.se\/foreningshandbok\/wp-json\/wp\/v2\/pages\/385\/revisions"}],"predecessor-version":[{"id":836,"href":"https:\/\/www.afasi.se\/foreningshandbok\/wp-json\/wp\/v2\/pages\/385\/revisions\/836"}],"up":[{"embeddable":true,"href":"https:\/\/www.afasi.se\/foreningshandbok\/wp-json\/wp\/v2\/pages\/191"}],"wp:attachment":[{"href":"https:\/\/www.afasi.se\/foreningshandbok\/wp-json\/wp\/v2\/media?parent=385"}],"curies":[{"name":"wp","href":"https:\/\/api.w.org\/{rel}","templated":true}]}}