{"id":399,"date":"2018-06-26T12:52:37","date_gmt":"2018-06-26T10:52:37","guid":{"rendered":"http:\/\/www.afasi.se\/foreningshandbok\/?page_id=399"},"modified":"2021-09-13T13:11:38","modified_gmt":"2021-09-13T11:11:38","slug":"sammanfattning-bilda-forening","status":"publish","type":"page","link":"https:\/\/www.afasi.se\/foreningshandbok\/bilda-forening\/sammanfattning-bilda-forening\/","title":{"rendered":"Sammanfattning Bilda f\u00f6rening"},"content":{"rendered":"<!-- RS_MODULE_CODE_2.4.4 --><div id=\"readspeaker_button399\" class=\"rs_skip rsbtn rs_preserve\"><a class=\"rsbtn_play\" title=\"Lyssna p&aring; sidans text med ReadSpeaker\" accesskey=\"L\" href=\"\/\/app-eu.readspeaker.com\/cgi-bin\/rsent?customerid=7782&amp;lang=sv_se&amp;readid=rspeak_read_399&amp;url=https%3A%2F%2Fwww.afasi.se%2Fforeningshandbok%2Fwp-json%2Fwp%2Fv2%2Fpages%2F399\">\n        <span class=\"rsbtn_left rsimg rspart\"><span class=\"rsbtn_text\"><span>Lyssna<\/span><\/span><\/span>\n        <span class=\"rsbtn_right rsimg rsplay rspart\"><\/span>\n        <\/a><\/div><div id=\"rspeak_read_399\"><div class=\"breadcrumbs align top-page-breadcrumb wp-block-bcn-breadcrumb-trail has-text-color has-background\" vocab=\"https:\/\/schema.org\/\" typeof=\"BreadcrumbList\">\n\t<span><\/span>\n\t<span class=\"breadcrumbs-title\">Du \u00e4r h\u00e4r: <\/span><span property=\"itemListElement\" typeof=\"ListItem\"><a property=\"item\" typeof=\"WebPage\" title=\"G\u00e5 till F\u00f6reningshandboken.\" href=\"https:\/\/www.afasi.se\/foreningshandbok\" class=\"home\" aria-current=\"page\"><span property=\"name\">F\u00f6reningshandboken<\/span><\/a><meta property=\"position\" content=\"1\"><\/span><\/div>\n\n\n<div class=\"alignwide-wrap\" data-block=\"columns\">\n<div class=\"wp-block-columns alignwide\">\n<div class=\"wp-block-column\" style=\"flex-basis:40%\">\n<p><strong>Sammanfattning<\/strong><br>\u2022 En f\u00f6rening startas av de som vill arbeta<br>tillsammans med fr\u00e5gor om afasi eller spr\u00e5kst\u00f6rning.<\/p>\n\n\n\n<p>\u2022 \u00c5rsm\u00f6tet best\u00e4mmer vad f\u00f6reningen ska g\u00f6ra.&nbsp;P\u00e5<br>\u00e5rsm\u00f6tet v\u00e4ljs styrelsen i f\u00f6reningen. F\u00f6re \u00e5rsm\u00f6tet<br>g\u00f6r styrelsen en sammanst\u00e4llning \u00f6ver \u00e5ret&nbsp;med \u00e5rets<br>aktiviteter, ekonomisk ber\u00e4ttelse och revisorsintyg .<\/p>\n\n\n\n<p>\u2022 I en styrelse har ledam\u00f6terna olika uppgifter och<br>roller.<\/p>\n\n\n\n<p>Vill du g\u00e5 tillbaka till tidigare sida? Klicka p\u00e5 pilen<br>h\u00f6gst upp i menyn.<\/p>\n<\/div>\n<\/div>\n<\/div><\/div>","protected":false},"excerpt":{"rendered":"<!-- RS_MODULE_CODE_2.4.4 --><div id=\"readspeaker_button399\" class=\"rs_skip rsbtn rs_preserve\"><a class=\"rsbtn_play\" title=\"Lyssna p&aring; sidans text med ReadSpeaker\" accesskey=\"L\" href=\"\/\/app-eu.readspeaker.com\/cgi-bin\/rsent?customerid=7782&amp;lang=sv_se&amp;readid=rspeak_read_399&amp;url=https%3A%2F%2Fwww.afasi.se%2Fforeningshandbok%2Fwp-json%2Fwp%2Fv2%2Fpages%2F399\">\n        <span class=\"rsbtn_left rsimg rspart\"><span class=\"rsbtn_text\"><span>Lyssna<\/span><\/span><\/span>\n        <span class=\"rsbtn_right rsimg rsplay rspart\"><\/span>\n        <\/a><\/div><div id=\"rspeak_read_399\"><div class=\"entry-summary\">\n Sammanfattning\u2022 En f\u00f6rening startas av de som vill arbetatillsammans med fr\u00e5gor om afasi eller spr\u00e5kst\u00f6rning. \u2022 \u00c5rsm\u00f6tet best\u00e4mmer vad f\u00f6reningen ska g\u00f6ra.&nbsp;P\u00e5\u00e5rsm\u00f6tet v\u00e4ljs styrelsen i f\u00f6reningen. F\u00f6re \u00e5rsm\u00f6tetg\u00f6r styrelsen en sammanst\u00e4llning \u00f6ver \u00e5ret&nbsp;med \u00e5retsaktiviteter, ekonomisk ber\u00e4ttelse och revisorsintyg .&hellip;\n<\/div>\n<div class=\"link-more-container\"><a href=\"https:\/\/www.afasi.se\/foreningshandbok\/bilda-forening\/sammanfattning-bilda-forening\/\" class=\"link-more\" aria-label=\"Continue reading Sammanfattning Bilda f\u00f6rening\">Continue reading&hellip;<\/a><\/div>\n<\/div>","protected":false},"author":4,"featured_media":0,"parent":85,"menu_order":0,"comment_status":"closed","ping_status":"closed","template":"","meta":{"footnotes":""},"class_list":["post-399","page","type-page","status-publish","hentry","entry","entry-type-page"],"_links":{"self":[{"href":"https:\/\/www.afasi.se\/foreningshandbok\/wp-json\/wp\/v2\/pages\/399","targetHints":{"allow":["GET"]}}],"collection":[{"href":"https:\/\/www.afasi.se\/foreningshandbok\/wp-json\/wp\/v2\/pages"}],"about":[{"href":"https:\/\/www.afasi.se\/foreningshandbok\/wp-json\/wp\/v2\/types\/page"}],"author":[{"embeddable":true,"href":"https:\/\/www.afasi.se\/foreningshandbok\/wp-json\/wp\/v2\/users\/4"}],"replies":[{"embeddable":true,"href":"https:\/\/www.afasi.se\/foreningshandbok\/wp-json\/wp\/v2\/comments?post=399"}],"version-history":[{"count":4,"href":"https:\/\/www.afasi.se\/foreningshandbok\/wp-json\/wp\/v2\/pages\/399\/revisions"}],"predecessor-version":[{"id":842,"href":"https:\/\/www.afasi.se\/foreningshandbok\/wp-json\/wp\/v2\/pages\/399\/revisions\/842"}],"up":[{"embeddable":true,"href":"https:\/\/www.afasi.se\/foreningshandbok\/wp-json\/wp\/v2\/pages\/85"}],"wp:attachment":[{"href":"https:\/\/www.afasi.se\/foreningshandbok\/wp-json\/wp\/v2\/media?parent=399"}],"curies":[{"name":"wp","href":"https:\/\/api.w.org\/{rel}","templated":true}]}}