{"id":492,"date":"2018-09-20T15:20:22","date_gmt":"2018-09-20T13:20:22","guid":{"rendered":"http:\/\/www.afasi.se\/foreningshandbok\/?page_id=492"},"modified":"2026-04-17T08:08:58","modified_gmt":"2026-04-17T06:08:58","slug":"foreningshandboken-2","status":"publish","type":"page","link":"https:\/\/www.afasi.se\/foreningshandbok\/","title":{"rendered":"F\u00f6reningshandboken"},"content":{"rendered":"<!-- RS_MODULE_CODE_2.4.4 --><div id=\"readspeaker_button492\" class=\"rs_skip rsbtn rs_preserve\"><a class=\"rsbtn_play\" title=\"Lyssna p&aring; sidans text med ReadSpeaker\" accesskey=\"L\" href=\"\/\/app-eu.readspeaker.com\/cgi-bin\/rsent?customerid=7782&amp;lang=sv_se&amp;readid=rspeak_read_492&amp;url=https%3A%2F%2Fwww.afasi.se%2Fforeningshandbok%2Fwp-json%2Fwp%2Fv2%2Fpages%2F492\">\n        <span class=\"rsbtn_left rsimg rspart\"><span class=\"rsbtn_text\"><span>Lyssna<\/span><\/span><\/span>\n        <span class=\"rsbtn_right rsimg rsplay rspart\"><\/span>\n        <\/a><\/div><div id=\"rspeak_read_492\">\n<div class=\"wp-block-cover alignfull is-light\" style=\"min-height:60vh;aspect-ratio:unset;\"><img loading=\"lazy\" decoding=\"async\" width=\"2560\" height=\"1709\" class=\"wp-block-cover__image-background wp-image-918\" alt=\"\" src=\"https:\/\/www.afasi.se\/foreningshandbok\/wp-content\/uploads\/2021\/09\/iStock-1094812112-scaled.jpeg\" data-object-fit=\"cover\" srcset=\"https:\/\/www.afasi.se\/foreningshandbok\/wp-content\/uploads\/2021\/09\/iStock-1094812112-scaled.jpeg 2560w, https:\/\/www.afasi.se\/foreningshandbok\/wp-content\/uploads\/2021\/09\/iStock-1094812112-300x200.jpeg 300w, https:\/\/www.afasi.se\/foreningshandbok\/wp-content\/uploads\/2021\/09\/iStock-1094812112-1024x683.jpeg 1024w, https:\/\/www.afasi.se\/foreningshandbok\/wp-content\/uploads\/2021\/09\/iStock-1094812112-768x513.jpeg 768w, https:\/\/www.afasi.se\/foreningshandbok\/wp-content\/uploads\/2021\/09\/iStock-1094812112-1536x1025.jpeg 1536w, https:\/\/www.afasi.se\/foreningshandbok\/wp-content\/uploads\/2021\/09\/iStock-1094812112-2048x1367.jpeg 2048w\" sizes=\"auto, (max-width: 2560px) 100vw, 2560px\" \/><span aria-hidden=\"true\" class=\"wp-block-cover__background has-palette-2-background-color has-background-dim-10 has-background-dim\"><\/span><div class=\"wp-block-cover__inner-container is-layout-flow wp-block-cover-is-layout-flow\">\n<p><\/p>\n\n\n\n<p><\/p>\n\n\n\n<p><\/p>\n\n\n<div class=\"alignwide-wrap\" data-block=\"heading\">\n<h1 class=\"wp-block-heading alignwide\"><br>F\u00f6reningshandboken<\/h1>\n<\/div><\/div><\/div>\n\n\n<div class=\"alignwide-wrap\" data-block=\"columns\">\n<div class=\"wp-block-columns alignwide\">\n<div class=\"wp-block-column\" style=\"flex-basis:40%\">\n<h2 class=\"wp-block-heading\" style=\"font-size:40px;line-height:1.5\">V\u00e4lkommen till Afasif\u00f6rbundets<br>f\u00f6reningshandbok p\u00e5 klarspr\u00e5k<\/h2>\n\n\n\n<p><\/p>\n\n\n\n<p>F\u00f6reningshandboken \u00e4r en metodhandbok f\u00f6r Afasi- och Talknutenf\u00f6reningar.  Den finns p\u00e5 en egen webbplats www.afasi.se\/foreningshandbok Texten kan l\u00e4sas med talsyntes.<\/p>\n\n\n\n<p>Handboken \u00e4r framtagen av Afasif\u00f6rbundet och bearbetad till klarspr\u00e5k av Erika Wermeling\/Br\u00f6dtext.<\/p>\n\n\n\n<p>I F\u00f6reningshandboken finns fem huvudrubriker:<\/p>\n\n\n\n<ul class=\"wp-block-list\">\n<li>Om Afasif\u00f6rbundet<\/li>\n\n\n\n<li>Driva f\u00f6rening<\/li>\n\n\n\n<li>Bilda f\u00f6rening<\/li>\n\n\n\n<li>Kommunikation<\/li>\n\n\n\n<li>Medlemskap<\/li>\n<\/ul>\n\n\n\n<p>Varje huvudrubrik har underrubriker som visas i egen meny.  <\/p>\n\n\n\n<p>Under arbetet med f\u00f6reningshandboken har vi f\u00e5tt synpunkter av en testpanel best\u00e5ende av f\u00f6reningsaktiva med afasi och spr\u00e5kst\u00f6rning\/DLD. Trots det vet vi att en del med afasi och spr\u00e5kst\u00f6rning ha sv\u00e5rt att l\u00e4sa boken. Texten blir f\u00f6r l\u00e5ng, det blir f\u00f6r mycket information eller f\u00f6r abstrakt. Till dessa f\u00f6reningsaktiva m\u00e5ste vi hitta andra s\u00e4tt att n\u00e5 ut med f\u00f6reningskunskap. <\/p>\n\n\n\n<p>Kontakta g\u00e4rna Afasif\u00f6rbundets kansli om du vill ha st\u00f6d.<br>e-post:info@afasi.se och telefon: 08-545 663 60<\/p>\n\n\n\n<p>L\u00e4nk tillbaka till Afasif\u00f6rbundets webb <a href=\"https:\/\/www.afasi.se\">www.afasi.se<\/a><\/p>\n\n\n\n<p>Skriv ut sidan i pdf-format<\/p>\n\n\n\n<p>\u00a9 Afasif\u00f6rbundet i Sverige, 2018 och 2021<\/p>\n<\/div>\n<\/div>\n<\/div><\/div>","protected":false},"excerpt":{"rendered":"<!-- RS_MODULE_CODE_2.4.4 --><div id=\"readspeaker_button492\" class=\"rs_skip rsbtn rs_preserve\"><a class=\"rsbtn_play\" title=\"Lyssna p&aring; sidans text med ReadSpeaker\" accesskey=\"L\" href=\"\/\/app-eu.readspeaker.com\/cgi-bin\/rsent?customerid=7782&amp;lang=sv_se&amp;readid=rspeak_read_492&amp;url=https%3A%2F%2Fwww.afasi.se%2Fforeningshandbok%2Fwp-json%2Fwp%2Fv2%2Fpages%2F492\">\n        <span class=\"rsbtn_left rsimg rspart\"><span class=\"rsbtn_text\"><span>Lyssna<\/span><\/span><\/span>\n        <span class=\"rsbtn_right rsimg rsplay rspart\"><\/span>\n        <\/a><\/div><div id=\"rspeak_read_492\"><div class=\"entry-summary\">\n V\u00e4lkommen till Afasif\u00f6rbundetsf\u00f6reningshandbok p\u00e5 klarspr\u00e5k F\u00f6reningshandboken \u00e4r en metodhandbok f\u00f6r Afasi- och Talknutenf\u00f6reningar. Den finns p\u00e5 en egen webbplats www.afasi.se\/foreningshandbok Texten kan l\u00e4sas med talsyntes. Handboken \u00e4r framtagen av Afasif\u00f6rbundet och bearbetad till klarspr\u00e5k av Erika Wermeling\/Br\u00f6dtext. I F\u00f6reningshandboken&hellip;\n<\/div>\n<div class=\"link-more-container\"><a href=\"https:\/\/www.afasi.se\/foreningshandbok\/\" class=\"link-more\" aria-label=\"Continue reading F\u00f6reningshandboken\">Continue reading&hellip;<\/a><\/div>\n<\/div>","protected":false},"author":4,"featured_media":0,"parent":0,"menu_order":0,"comment_status":"closed","ping_status":"closed","template":"","meta":{"footnotes":""},"class_list":["post-492","page","type-page","status-publish","hentry","entry","entry-type-page"],"_links":{"self":[{"href":"https:\/\/www.afasi.se\/foreningshandbok\/wp-json\/wp\/v2\/pages\/492","targetHints":{"allow":["GET"]}}],"collection":[{"href":"https:\/\/www.afasi.se\/foreningshandbok\/wp-json\/wp\/v2\/pages"}],"about":[{"href":"https:\/\/www.afasi.se\/foreningshandbok\/wp-json\/wp\/v2\/types\/page"}],"author":[{"embeddable":true,"href":"https:\/\/www.afasi.se\/foreningshandbok\/wp-json\/wp\/v2\/users\/4"}],"replies":[{"embeddable":true,"href":"https:\/\/www.afasi.se\/foreningshandbok\/wp-json\/wp\/v2\/comments?post=492"}],"version-history":[{"count":6,"href":"https:\/\/www.afasi.se\/foreningshandbok\/wp-json\/wp\/v2\/pages\/492\/revisions"}],"predecessor-version":[{"id":992,"href":"https:\/\/www.afasi.se\/foreningshandbok\/wp-json\/wp\/v2\/pages\/492\/revisions\/992"}],"wp:attachment":[{"href":"https:\/\/www.afasi.se\/foreningshandbok\/wp-json\/wp\/v2\/media?parent=492"}],"curies":[{"name":"wp","href":"https:\/\/api.w.org\/{rel}","templated":true}]}}