{"id":514,"date":"2018-09-28T12:52:31","date_gmt":"2018-09-28T10:52:31","guid":{"rendered":"http:\/\/www.afasi.se\/foreningshandbok\/?page_id=514"},"modified":"2021-09-13T13:15:02","modified_gmt":"2021-09-13T11:15:02","slug":"sammanfattning-kommunikation","status":"publish","type":"page","link":"https:\/\/www.afasi.se\/foreningshandbok\/marknadsforing-kommunikation\/sammanfattning-kommunikation\/","title":{"rendered":"Sammanfattning Kommunikation"},"content":{"rendered":"<!-- RS_MODULE_CODE_2.4.4 --><div id=\"readspeaker_button514\" class=\"rs_skip rsbtn rs_preserve\"><a class=\"rsbtn_play\" title=\"Lyssna p&aring; sidans text med ReadSpeaker\" accesskey=\"L\" href=\"\/\/app-eu.readspeaker.com\/cgi-bin\/rsent?customerid=7782&amp;lang=sv_se&amp;readid=rspeak_read_514&amp;url=https%3A%2F%2Fwww.afasi.se%2Fforeningshandbok%2Fwp-json%2Fwp%2Fv2%2Fpages%2F514\">\n        <span class=\"rsbtn_left rsimg rspart\"><span class=\"rsbtn_text\"><span>Lyssna<\/span><\/span><\/span>\n        <span class=\"rsbtn_right rsimg rsplay rspart\"><\/span>\n        <\/a><\/div><div id=\"rspeak_read_514\"><div class=\"breadcrumbs align top-page-breadcrumb wp-block-bcn-breadcrumb-trail has-text-color has-background\" vocab=\"https:\/\/schema.org\/\" typeof=\"BreadcrumbList\">\n\t<span><\/span>\n\t<span class=\"breadcrumbs-title\">Du \u00e4r h\u00e4r: <\/span><span property=\"itemListElement\" typeof=\"ListItem\"><a property=\"item\" typeof=\"WebPage\" title=\"G\u00e5 till F\u00f6reningshandboken.\" href=\"https:\/\/www.afasi.se\/foreningshandbok\" class=\"home\" aria-current=\"page\"><span property=\"name\">F\u00f6reningshandboken<\/span><\/a><meta property=\"position\" content=\"1\"><\/span><\/div>\n\n\n<div class=\"alignwide-wrap\" data-block=\"columns\">\n<div class=\"wp-block-columns alignwide\">\n<div class=\"wp-block-column\" style=\"flex-basis:40%\">\n<p><strong>Sammanfattning<\/strong><br>\u2022 Afasif\u00f6rbundet och f\u00f6reningarna sprider<br>information om vad afasi och spr\u00e5kst\u00f6rning \u00e4r<br>och om vad Afasif\u00f6rbundet arbetar med.<\/p>\n\n\n\n<p>\u2022 Afasif\u00f6rbundets webbplats har adressen<br>www.afasi.se. D\u00e4r finns information om f\u00f6rbundet.<br>Det finns ocks\u00e5 information om afasi och spr\u00e5kst\u00f6rning.<\/p>\n\n\n\n<p>\u2022 Afasif\u00f6rbundet och f\u00f6reningarna har logotypes.<br>F\u00f6rbundets budskap \u00e4r \u201dVi v\u00e4grar vara tysta\u201d.<\/p>\n\n\n\n<p>\u2022 Tidningen heter Tidningen Afasi. Nyhetsbrevet<br>heter Nyhetsbrevet Afasi. Tidningen finns som<br>taltidning.<\/p>\n\n\n\n<p>\u2022 Afasif\u00f6rbundet finns p\u00e5 Facebook och Youtube.<\/p>\n\n\n\n<p>Vill du g\u00e5 tillbaka till tidigare sida? Klicka p\u00e5 pilen<br>h\u00f6gst upp i menyn.<\/p>\n<\/div>\n<\/div>\n<\/div><\/div>","protected":false},"excerpt":{"rendered":"<!-- RS_MODULE_CODE_2.4.4 --><div id=\"readspeaker_button514\" class=\"rs_skip rsbtn rs_preserve\"><a class=\"rsbtn_play\" title=\"Lyssna p&aring; sidans text med ReadSpeaker\" accesskey=\"L\" href=\"\/\/app-eu.readspeaker.com\/cgi-bin\/rsent?customerid=7782&amp;lang=sv_se&amp;readid=rspeak_read_514&amp;url=https%3A%2F%2Fwww.afasi.se%2Fforeningshandbok%2Fwp-json%2Fwp%2Fv2%2Fpages%2F514\">\n        <span class=\"rsbtn_left rsimg rspart\"><span class=\"rsbtn_text\"><span>Lyssna<\/span><\/span><\/span>\n        <span class=\"rsbtn_right rsimg rsplay rspart\"><\/span>\n        <\/a><\/div><div id=\"rspeak_read_514\"><div class=\"entry-summary\">\n Sammanfattning\u2022 Afasif\u00f6rbundet och f\u00f6reningarna spriderinformation om vad afasi och spr\u00e5kst\u00f6rning \u00e4roch om vad Afasif\u00f6rbundet arbetar med. \u2022 Afasif\u00f6rbundets webbplats har adressenwww.afasi.se. D\u00e4r finns information om f\u00f6rbundet.Det finns ocks\u00e5 information om afasi och spr\u00e5kst\u00f6rning. \u2022 Afasif\u00f6rbundet och f\u00f6reningarna har logotypes.F\u00f6rbundets&hellip;\n<\/div>\n<div class=\"link-more-container\"><a href=\"https:\/\/www.afasi.se\/foreningshandbok\/marknadsforing-kommunikation\/sammanfattning-kommunikation\/\" class=\"link-more\" aria-label=\"Continue reading Sammanfattning Kommunikation\">Continue reading&hellip;<\/a><\/div>\n<\/div>","protected":false},"author":4,"featured_media":0,"parent":87,"menu_order":0,"comment_status":"closed","ping_status":"closed","template":"","meta":{"footnotes":""},"class_list":["post-514","page","type-page","status-publish","hentry","entry","entry-type-page"],"_links":{"self":[{"href":"https:\/\/www.afasi.se\/foreningshandbok\/wp-json\/wp\/v2\/pages\/514","targetHints":{"allow":["GET"]}}],"collection":[{"href":"https:\/\/www.afasi.se\/foreningshandbok\/wp-json\/wp\/v2\/pages"}],"about":[{"href":"https:\/\/www.afasi.se\/foreningshandbok\/wp-json\/wp\/v2\/types\/page"}],"author":[{"embeddable":true,"href":"https:\/\/www.afasi.se\/foreningshandbok\/wp-json\/wp\/v2\/users\/4"}],"replies":[{"embeddable":true,"href":"https:\/\/www.afasi.se\/foreningshandbok\/wp-json\/wp\/v2\/comments?post=514"}],"version-history":[{"count":5,"href":"https:\/\/www.afasi.se\/foreningshandbok\/wp-json\/wp\/v2\/pages\/514\/revisions"}],"predecessor-version":[{"id":848,"href":"https:\/\/www.afasi.se\/foreningshandbok\/wp-json\/wp\/v2\/pages\/514\/revisions\/848"}],"up":[{"embeddable":true,"href":"https:\/\/www.afasi.se\/foreningshandbok\/wp-json\/wp\/v2\/pages\/87"}],"wp:attachment":[{"href":"https:\/\/www.afasi.se\/foreningshandbok\/wp-json\/wp\/v2\/media?parent=514"}],"curies":[{"name":"wp","href":"https:\/\/api.w.org\/{rel}","templated":true}]}}