{"id":71,"date":"2018-04-05T10:20:20","date_gmt":"2018-04-05T08:20:20","guid":{"rendered":"http:\/\/www.afasi.se\/foreningshandbok\/?page_id=71"},"modified":"2021-09-14T20:07:45","modified_gmt":"2021-09-14T18:07:45","slug":"kongress-och-ordforandemote","status":"publish","type":"page","link":"https:\/\/www.afasi.se\/foreningshandbok\/foreningshandboken\/kongress-och-ordforandemote\/","title":{"rendered":"Kongress och ordf\u00f6randem\u00f6te"},"content":{"rendered":"<!-- RS_MODULE_CODE_2.4.4 --><div id=\"readspeaker_button71\" class=\"rs_skip rsbtn rs_preserve\"><a class=\"rsbtn_play\" title=\"Lyssna p&aring; sidans text med ReadSpeaker\" accesskey=\"L\" href=\"\/\/app-eu.readspeaker.com\/cgi-bin\/rsent?customerid=7782&amp;lang=sv_se&amp;readid=rspeak_read_71&amp;url=https%3A%2F%2Fwww.afasi.se%2Fforeningshandbok%2Fwp-json%2Fwp%2Fv2%2Fpages%2F71\">\n        <span class=\"rsbtn_left rsimg rspart\"><span class=\"rsbtn_text\"><span>Lyssna<\/span><\/span><\/span>\n        <span class=\"rsbtn_right rsimg rsplay rspart\"><\/span>\n        <\/a><\/div><div id=\"rspeak_read_71\"><div class=\"breadcrumbs align top-page-breadcrumb wp-block-bcn-breadcrumb-trail has-text-color has-background\" vocab=\"https:\/\/schema.org\/\" typeof=\"BreadcrumbList\">\n\t<span><\/span>\n\t<span class=\"breadcrumbs-title\">Du \u00e4r h\u00e4r: <\/span><span property=\"itemListElement\" typeof=\"ListItem\"><a property=\"item\" typeof=\"WebPage\" title=\"G\u00e5 till F\u00f6reningshandboken.\" href=\"https:\/\/www.afasi.se\/foreningshandbok\" class=\"home\" aria-current=\"page\"><span property=\"name\">F\u00f6reningshandboken<\/span><\/a><meta property=\"position\" content=\"1\"><\/span><\/div>\n\n\n<div class=\"alignwide-wrap\" data-block=\"columns\">\n<div class=\"wp-block-columns alignwide\">\n<div class=\"wp-block-column\" style=\"flex-basis:30%\"><div id='iksm-672' class='iksm iksm-672 iksm-container '  data-id='672' data-is-pro='0' data-source='menu'><div class='iksm-terms'><div class='iksm-terms-tree iksm-terms-tree--level-1 iksm-terms-tree--parents' style=''><div class=\"iksm-terms-tree__inner\">\n        <div class=\"iksm-term iksm-term--id-665 iksm-term--parent\" data-id=\"665\">\n            <div class=\"iksm-term__inner\" tabindex='0'>\n                <a class=\"iksm-term__link\" href='https:\/\/www.afasi.se\/foreningshandbok\/foreningshandboken\/afasiforbundets-historik\/' target='_self' tabindex='-1'>\n\t\t\t\t        <span class=\"iksm-term__text\">Historik<\/span>\n\t\t            <\/a>\n\t\t\t        <\/div>\n\t\t        <\/div>\n\n\t\t\n        <div class=\"iksm-term iksm-term--id-666 iksm-term--parent\" data-id=\"666\">\n            <div class=\"iksm-term__inner\" tabindex='0'>\n                <a class=\"iksm-term__link\" href='https:\/\/www.afasi.se\/foreningshandbok\/foreningshandboken\/kongress-och-ordforandemote\/' target='_self' tabindex='-1'>\n\t\t\t\t        <span class=\"iksm-term__text\">Kongress och ordf\u00f6randem\u00f6te<\/span>\n\t\t            <\/a>\n\t\t\t        <\/div>\n\t\t        <\/div>\n\n\t\t\n        <div class=\"iksm-term iksm-term--id-667 iksm-term--parent\" data-id=\"667\">\n            <div class=\"iksm-term__inner\" tabindex='0'>\n                <a class=\"iksm-term__link\" href='https:\/\/www.afasi.se\/foreningshandbok\/foreningshandboken\/pengarna-i-afasiforbundet\/' target='_self' tabindex='-1'>\n\t\t\t\t        <span class=\"iksm-term__text\">Pengarna i Afasif\u00f6rbundet<\/span>\n\t\t            <\/a>\n\t\t\t        <\/div>\n\t\t        <\/div>\n\n\t\t\n        <div class=\"iksm-term iksm-term--id-668 iksm-term--parent\" data-id=\"668\">\n            <div class=\"iksm-term__inner\" tabindex='0'>\n                <a class=\"iksm-term__link\" href='https:\/\/www.afasi.se\/foreningshandbok\/foreningshandboken\/samarbeten\/' target='_self' tabindex='-1'>\n\t\t\t\t        <span class=\"iksm-term__text\">Samarbeten<\/span>\n\t\t            <\/a>\n\t\t\t        <\/div>\n\t\t        <\/div>\n\n\t\t\n        <div class=\"iksm-term iksm-term--id-669 iksm-term--parent\" data-id=\"669\">\n            <div class=\"iksm-term__inner\" tabindex='0'>\n                <a class=\"iksm-term__link\" href='https:\/\/www.afasi.se\/foreningshandbok\/foreningshandboken\/skanka-gava\/' target='_self' tabindex='-1'>\n\t\t\t\t        <span class=\"iksm-term__text\">Sk\u00e4nka g\u00e5va<\/span>\n\t\t            <\/a>\n\t\t\t        <\/div>\n\t\t        <\/div>\n\n\t\t\n        <div class=\"iksm-term iksm-term--id-670 iksm-term--parent\" data-id=\"670\">\n            <div class=\"iksm-term__inner\" tabindex='0'>\n                <a class=\"iksm-term__link\" href='https:\/\/www.afasi.se\/foreningshandbok\/foreningshandboken\/sa-har-ar-afasiforbundet-uppbyggt\/' target='_self' tabindex='-1'>\n\t\t\t\t        <span class=\"iksm-term__text\">Uppbyggnad<\/span>\n\t\t            <\/a>\n\t\t\t        <\/div>\n\t\t        <\/div>\n\n\t\t\n        <div class=\"iksm-term iksm-term--id-671 iksm-term--parent\" data-id=\"671\">\n            <div class=\"iksm-term__inner\" tabindex='0'>\n                <a class=\"iksm-term__link\" href='https:\/\/www.afasi.se\/foreningshandbok\/foreningshandboken\/vardegrund-och-organisation\/' target='_self' tabindex='-1'>\n\t\t\t\t        <span class=\"iksm-term__text\">V\u00e4rdegrund<\/span>\n\t\t            <\/a>\n\t\t\t        <\/div>\n\t\t        <\/div>\n\n\t\t<\/div><\/div><\/div><div id=\"iksm_data_args\" class=\"data-args\"  data-collapse_children_terms='1' data-collapse_other_terms='1' data-collapse_animation_duration='400' data-expand_animation_duration='400'><\/div><\/div><script id=\"styles-copier-69ecf153b7b19\">\n\t\t\t\/\/ Finding styles element\n\t        var element = document.getElementById(\"iksm-dynamic-style\");\n\t        if (!element) { \/\/ If no element (Cache plugins can remove tag), then creating a new one\n                element = document.createElement('style');\n                var head = document.getElementsByTagName(\"head\")\n                if (head && head[0]) {\n                \thead[0].appendChild(element);\n                } else {\n                  \tconsole.warn(\"Iks Menu | Error while printing styles. Please contact technical support.\");\n                }\n\t        }\n\t\t\t\/\/ Copying styles to <styles> tag\n\t        element.innerHTML += \".iksm-672 .iksm-terms{transition:all 400ms;animation:iks-fade-in 1000ms;}.iksm-672 .iksm-term__inner{background-color:rgba(255,255,255,1);min-height:44px;transition:all 400ms;}.iksm-672 .iksm-term__inner:hover{background-color:rgba(236,236,236,1);}.iksm-672 .iksm-term--current > .iksm-term__inner{background-color:rgba(212,212,212,1);}.iksm-672 .iksm-term__link{color:rgba(0,0,0,1);font-size:15px;line-height:15px;font-weight:400;text-decoration:none;padding-top:5px;padding-right:15px;padding-bottom:5px;padding-left:15px;transition:all 400ms;}.iksm-672 .iksm-term__inner:hover .iksm-term__link{color:rgba(50,50,50,1);}.iksm-672 .iksm-term__toggle__inner{transition:transform 400ms}.iksm-672 .iksm-term--expanded > .iksm-term__inner > .iksm-term__toggle > .iksm-term__toggle__inner{transform:rotate(180deg);}.iksm-672 .iksm-term__toggle{color:rgba(133,133,133,1);font-size:22px;align-self:stretch;height:unset;;width:40px;transition:all 400ms;}.iksm-672 .iksm-term__toggle:hover{color:rgba(0,0,0,1);}.iksm-672 .iksm-term__image-container{width:30px;min-width:30px;height:30px;min-height:30px;margin-right:15px;transition:all 400ms;}.iksm-672 .iksm-term__image{background-size:contain;background-position:center;background-repeat:no-repeat;}.iksm-672 .iksm-term__image-container:hover{background-size:contain;background-position:center;background-repeat:no-repeat;}.iksm-672 .iksm-term__inner:hover .iksm-term__image-container{background-size:contain;background-position:center;background-repeat:no-repeat;}.iksm-672 .iksm-term__inner:focus .iksm-term__image-container{background-size:contain;background-position:center;background-repeat:no-repeat;}.iksm-672 .iksm-term--current > .iksm-term__inner .iksm-term__image-container{background-size:contain;background-position:center;background-repeat:no-repeat;}.iksm-672 .iksm-term--child .iksm-term__inner .iksm-term__image-container{background-size:contain;background-position:center;background-repeat:no-repeat;}.iksm-672 .iksm-term--child .iksm-term__inner .iksm-term__image-container:hover{background-size:contain;background-position:center;background-repeat:no-repeat;}.iksm-672 .iksm-term--child .iksm-term__inner .iksm-term__image-container:focus{background-size:contain;background-position:center;background-repeat:no-repeat;}.iksm-672 .iksm-term--child.iksm-term--current > .iksm-term__inner .iksm-term__image-container{background-size:contain;background-position:center;background-repeat:no-repeat;}.iksm-672  .iksm-term__text{flex: unset}.iksm-672 .iksm-term__posts-count{color:rgba(133,133,133,1);font-size:16px;margin-left:12px;font-weight:400;transition:all 400ms;}\";\n\t        \/\/ Removing this script\n            var this_script = document.getElementById(\"styles-copier-69ecf153b7b19\");\n            if (this_script) { \/\/ Cache plugins can remove tag\n\t            this_script.outerHTML = \"\";\n\t            if (this_script.parentNode) {\n\t                this_script.parentNode.removeChild(this_script);\n\t            }\n            }\n        <\/script>\n<\/div>\n\n\n\n<div class=\"wp-block-column\" style=\"flex-basis:40%\">\n<h3 class=\"wp-block-heading\"><strong>S\u00e5 fungerar det vid Afasif\u00f6rbundets<br>kongress och ordf\u00f6randem\u00f6te<\/strong><\/h3>\n\n\n\n<p><a href=\"http:\/\/www.afasi.se\/foreningshandbok\/kongress-och-ordforandemote\/sammanfattning-kongress-och-ordforandemote\/\"><strong>L\u00e4s sammanfattning<\/strong><\/a><\/p>\n\n\n\n<h3 class=\"wp-block-heading\"><strong>Kongressen<\/strong><\/h3>\n\n\n\n<p><strong>Kongressen best\u00e4mmer vad Afasif\u00f6rbundet ska<br>g\u00f6ra. Det \u00e4r kongress var tredje \u00e5r.<\/strong><\/p>\n\n\n\n<p>Till kongressen kommer ombud fr\u00e5n l\u00e4ns- och<br>regionf\u00f6reningarna. Ombuden har med sig fr\u00e5gor<br>och f\u00f6rslag fr\u00e5n medlemmarna till kongressen. De<br>representerar medlemmarna. Ombuden har r\u00f6str\u00e4tt.<br>Alla f\u00f6reningar f\u00e5r skicka ett ombud f\u00f6r varje p\u00e5b\u00f6rjat<br>hundratal medlemmar. Till exempel tv\u00e5 ombud om<br>f\u00f6reningen har 110 medlemmar.<br>F\u00f6reningens ordf\u00f6rande eller den som ers\u00e4tter<br>ordf\u00f6randen \u00e4r ocks\u00e5 med p\u00e5 kongressen.<\/p>\n\n\n\n<p>Det h\u00e4r best\u00e4mmer kongressen:<br>\u2022 Vilka personer som ska sitta i styrelsen.<br>\u2022 Vilken inriktning arbetet i Afasif\u00f6rbundet ska ha.<br>\u2022 En prognos f\u00f6r f\u00f6rbundets ekonomi fram till n\u00e4sta<br>kongress. Det \u00e4r en plan f\u00f6r hur ekonomin kommer att<br>se ut de kommande \u00e5ren.<\/p>\n\n\n\n<p><strong>Motioner till kongressen<\/strong><br>Alla medlemmar och lokalf\u00f6reningar kan skriva<br>motioner till kongressen. En motion \u00e4r en \u00e5sikt om<br>hur n\u00e5gonting \u00e4r i f\u00f6rbundet, eller f\u00f6rslag om hur<br>det borde vara. L\u00e4ns- och regionf\u00f6reningarna yttrar<br>sig om motionen, om de h\u00e5ller med eller inte h\u00e5ller<br>med. Yttrandet skickas ocks\u00e5 in till kongressen.<\/p>\n\n\n\n<p>Motioner ska vara skriftliga och skickas till<br>Afasif\u00f6rbundets styrelse senast den 30 april det<br>\u00e5ret som det \u00e4r kongress. Afasif\u00f6rbundets kansli<br>skickar ut information om hur motionerna ska skrivas.<\/p>\n\n\n\n<p><strong>F\u00f6resl\u00e5 personer till Afasif\u00f6rbundets styrelse<\/strong><br>Alla medlemmar kan f\u00f6resl\u00e5s till att f\u00e5 en plats i<br>Afasif\u00f6rbundets styrelse. Men inte de som arbetar<br>p\u00e5 lokalf\u00f6rening, l\u00e4ns- eller regionf\u00f6rening eller p\u00e5<br>Afasif\u00f6rbundet. Det kallas att nominera. De som blir<br>nominerade ska ha tackat ja innan nomineringen<br>skickas in till valberedningen. Afasif\u00f6rbundets<br>valberedning best\u00e4mmer vilket datum alla f\u00f6rslag p\u00e5<br>personer ska ha kommit in. Information finns i<br>Tidningen Afasi.<\/p>\n\n\n\n<p><strong>Afasif\u00f6rbundets valberedning<\/strong><br>I Afasif\u00f6rbundets valberedning finns det tre<br>ledam\u00f6ter. En av dem \u00e4r sammankallande och<br>best\u00e4mmer n\u00e4r det ska vara m\u00f6te. Alla medlemmar<br>kan f\u00f6resl\u00e5s att f\u00e5 en plats i valberedningen, utom<br>de som arbetar p\u00e5 Afasif\u00f6rbundet.<\/p>\n\n\n\n<p><strong>Dagordning vid kongress<\/strong><br>De h\u00e4r fr\u00e5gorna ska tas upp n\u00e4r Afasif\u00f6rbundet<br>har kongress. Det st\u00e5r i f\u00f6rbundets stadgar. Det \u00e4r<br>samma fr\u00e5gor varje kongress:<br>\u2022 Fastst\u00e4llande av r\u00f6stl\u00e4ngd<br>\u2022 Fr\u00e5ga om kallelse skett i beh\u00f6rig ordning<br>\u2022 Val av presidium<br>a) ordf\u00f6rande<br>b) sekreterare<br>\u2022 Val av<br>a) tv\u00e5 protokolljusterare<br>b) r\u00f6str\u00e4knare<br>\u2022 Fastst\u00e4llande av dag- och arbetsordning<br>\u2022 F\u00f6rbundsstyrelsens \u00e5rsredovisningar<br>(verksamhetsber\u00e4ttelser)<br>\u2022 Fastst\u00e4llande av resultat- och balansr\u00e4kning<br>\u2022 Revisorernas ber\u00e4ttelser<br>\u2022 F\u00f6rbundsstyrelsens ansvarsfrihet<br>\u2022 Behandling av motioner<br>\u2022 Behandling av f\u00f6rslag till verksamhetsinriktning<br>med ekonomisk prognos<br>\u2022 Behandling av \u00f6vriga f\u00f6rslag fr\u00e5n f\u00f6rbundsstyrelsen<br>\u2022 Fastst\u00e4llande av avgift till Afasif\u00f6rbundet<br>\u2022 Fastst\u00e4llande av arvode till styrelse och revisorer<br>\u2022 Val av f\u00f6rbundsordf\u00f6rande<br>\u2022 Val av vice f\u00f6rbundsordf\u00f6rande<br>\u2022 Val av sju ordinarie ledam\u00f6ter till f\u00f6rbundsstyrelsen<br>\u2022 Val av en revisor och en revisorsers\u00e4ttare<br>\u2022 Val av tre ledam\u00f6ter till valberedning, varav en<br>sammankallande<\/p>\n\n\n\n<p><strong>Ellenstipendiet<\/strong><br>P\u00e5 kongressen delas Ellenstipendiet ut. Ellenstipendiet<br>\u00e4r Afasif\u00f6rbundets pris till en person som gjort ett bra<br>arbete med fr\u00e5gor om afasi.<\/p>\n\n\n\n<p>Alla f\u00f6reningar kan ge f\u00f6rslag p\u00e5 vem som ska f\u00e5<br>Ellenstipendiet. Information finns i nyhetsbrevet Afasi.<\/p>\n\n\n\n<h3 class=\"wp-block-heading\"><strong>Ordf\u00f6randem\u00f6te<\/strong><\/h3>\n\n\n\n<p>P\u00e5 ordf\u00f6randem\u00f6tet tr\u00e4ffas ordf\u00f6randen i l\u00e4ns- och<br>regionf\u00f6reningarna. Ordf\u00f6randem\u00f6tet \u00e4r en g\u00e5ng<br>varje \u00e5r n\u00e4r det inte \u00e4r kongress. Ordf\u00f6randen beslutar<br>i fr\u00e5gor som handlar om Afasif\u00f6rbundet. Styrelsen i<br>Afasif\u00f6rbundet \u00e4r ocks\u00e5 med p\u00e5 ordf\u00f6randem\u00f6tet.<br>Styrelsen i Afasif\u00f6rbundet best\u00e4mmer var m\u00f6tet ska<br>vara. Kansliet skickar ut inbjudan till ordf\u00f6randem\u00f6tet.<br>Lokalf\u00f6reningarna f\u00e5r information om n\u00e4r det ska<br>vara ordf\u00f6randem\u00f6te.<\/p>\n\n\n\n<p>Ordf\u00f6randem\u00f6tet tar beslut om Afasif\u00f6rbundets<br>ekonomiska redovisning och verksamhetsber\u00e4ttelse<br>f\u00f6r \u00e5ret som har g\u00e5tt. Ordf\u00f6randem\u00f6tet best\u00e4mmer<br>ocks\u00e5 om styrelsen ska f\u00e5 ansvarsfrihet. Om allt \u00e4r<br>som det ska i f\u00f6rbundet s\u00e5 f\u00e5r styrelsen ansvarsfrihet.<\/p>\n\n\n\n<p>\u00a9 Afasif\u00f6rbundet i Sverige<\/p>\n<\/div>\n<\/div>\n<\/div><\/div>","protected":false},"excerpt":{"rendered":"<!-- RS_MODULE_CODE_2.4.4 --><div id=\"readspeaker_button71\" class=\"rs_skip rsbtn rs_preserve\"><a class=\"rsbtn_play\" title=\"Lyssna p&aring; sidans text med ReadSpeaker\" accesskey=\"L\" href=\"\/\/app-eu.readspeaker.com\/cgi-bin\/rsent?customerid=7782&amp;lang=sv_se&amp;readid=rspeak_read_71&amp;url=https%3A%2F%2Fwww.afasi.se%2Fforeningshandbok%2Fwp-json%2Fwp%2Fv2%2Fpages%2F71\">\n        <span class=\"rsbtn_left rsimg rspart\"><span class=\"rsbtn_text\"><span>Lyssna<\/span><\/span><\/span>\n        <span class=\"rsbtn_right rsimg rsplay rspart\"><\/span>\n        <\/a><\/div><div id=\"rspeak_read_71\"><div class=\"entry-summary\">\n S\u00e5 fungerar det vid Afasif\u00f6rbundetskongress och ordf\u00f6randem\u00f6te L\u00e4s sammanfattning Kongressen Kongressen best\u00e4mmer vad Afasif\u00f6rbundet skag\u00f6ra. Det \u00e4r kongress var tredje \u00e5r. Till kongressen kommer ombud fr\u00e5n l\u00e4ns- ochregionf\u00f6reningarna. Ombuden har med sig fr\u00e5goroch f\u00f6rslag fr\u00e5n medlemmarna till kongressen. Derepresenterar&hellip;\n<\/div>\n<div class=\"link-more-container\"><a href=\"https:\/\/www.afasi.se\/foreningshandbok\/foreningshandboken\/kongress-och-ordforandemote\/\" class=\"link-more\" aria-label=\"Continue reading Kongress och ordf\u00f6randem\u00f6te\">Continue reading&hellip;<\/a><\/div>\n<\/div>","protected":false},"author":4,"featured_media":0,"parent":41,"menu_order":0,"comment_status":"closed","ping_status":"closed","template":"","meta":{"footnotes":""},"class_list":["post-71","page","type-page","status-publish","hentry","entry","entry-type-page"],"_links":{"self":[{"href":"https:\/\/www.afasi.se\/foreningshandbok\/wp-json\/wp\/v2\/pages\/71","targetHints":{"allow":["GET"]}}],"collection":[{"href":"https:\/\/www.afasi.se\/foreningshandbok\/wp-json\/wp\/v2\/pages"}],"about":[{"href":"https:\/\/www.afasi.se\/foreningshandbok\/wp-json\/wp\/v2\/types\/page"}],"author":[{"embeddable":true,"href":"https:\/\/www.afasi.se\/foreningshandbok\/wp-json\/wp\/v2\/users\/4"}],"replies":[{"embeddable":true,"href":"https:\/\/www.afasi.se\/foreningshandbok\/wp-json\/wp\/v2\/comments?post=71"}],"version-history":[{"count":19,"href":"https:\/\/www.afasi.se\/foreningshandbok\/wp-json\/wp\/v2\/pages\/71\/revisions"}],"predecessor-version":[{"id":904,"href":"https:\/\/www.afasi.se\/foreningshandbok\/wp-json\/wp\/v2\/pages\/71\/revisions\/904"}],"up":[{"embeddable":true,"href":"https:\/\/www.afasi.se\/foreningshandbok\/wp-json\/wp\/v2\/pages\/41"}],"wp:attachment":[{"href":"https:\/\/www.afasi.se\/foreningshandbok\/wp-json\/wp\/v2\/media?parent=71"}],"curies":[{"name":"wp","href":"https:\/\/api.w.org\/{rel}","templated":true}]}}