{"id":73,"date":"2018-04-05T10:20:55","date_gmt":"2018-04-05T08:20:55","guid":{"rendered":"http:\/\/www.afasi.se\/foreningshandbok\/?page_id=73"},"modified":"2021-09-13T13:13:24","modified_gmt":"2021-09-13T11:13:24","slug":"stadgar-for-forbund-och-foreningar","status":"publish","type":"page","link":"https:\/\/www.afasi.se\/foreningshandbok\/bilda-forening\/stadgar-for-forbund-och-foreningar\/","title":{"rendered":"Stadgar"},"content":{"rendered":"<!-- RS_MODULE_CODE_2.4.4 --><div id=\"readspeaker_button73\" class=\"rs_skip rsbtn rs_preserve\"><a class=\"rsbtn_play\" title=\"Lyssna p&aring; sidans text med ReadSpeaker\" accesskey=\"L\" href=\"\/\/app-eu.readspeaker.com\/cgi-bin\/rsent?customerid=7782&amp;lang=sv_se&amp;readid=rspeak_read_73&amp;url=https%3A%2F%2Fwww.afasi.se%2Fforeningshandbok%2Fwp-json%2Fwp%2Fv2%2Fpages%2F73\">\n        <span class=\"rsbtn_left rsimg rspart\"><span class=\"rsbtn_text\"><span>Lyssna<\/span><\/span><\/span>\n        <span class=\"rsbtn_right rsimg rsplay rspart\"><\/span>\n        <\/a><\/div><div id=\"rspeak_read_73\"><div class=\"breadcrumbs align top-page-breadcrumb wp-block-bcn-breadcrumb-trail has-text-color has-background\" vocab=\"https:\/\/schema.org\/\" typeof=\"BreadcrumbList\">\n\t<span><\/span>\n\t<span class=\"breadcrumbs-title\">Du \u00e4r h\u00e4r: <\/span><span property=\"itemListElement\" typeof=\"ListItem\"><a property=\"item\" typeof=\"WebPage\" title=\"G\u00e5 till F\u00f6reningshandboken.\" href=\"https:\/\/www.afasi.se\/foreningshandbok\" class=\"home\" aria-current=\"page\"><span property=\"name\">F\u00f6reningshandboken<\/span><\/a><meta property=\"position\" content=\"1\"><\/span><\/div>\n\n\n<div class=\"alignwide-wrap\" data-block=\"columns\">\n<div class=\"wp-block-columns alignwide\">\n<div class=\"wp-block-column\" style=\"flex-basis:30%\"><div id='iksm-696' class='iksm iksm-696 iksm-container '  data-id='696' data-is-pro='0' data-source='menu'><div class='iksm-terms'><div class='iksm-terms-tree iksm-terms-tree--level-1 iksm-terms-tree--parents' style=''><div class=\"iksm-terms-tree__inner\">\n        <div class=\"iksm-term iksm-term--id-687 iksm-term--parent\" data-id=\"687\">\n            <div class=\"iksm-term__inner\" tabindex='0'>\n                <a class=\"iksm-term__link\" href='https:\/\/www.afasi.se\/foreningshandbok\/bilda-forening\/styrelsens-sammansattning\/' target='_self' tabindex='-1'>\n\t\t\t\t        <span class=\"iksm-term__text\">Styrelsen<\/span>\n\t\t            <\/a>\n\t\t\t        <\/div>\n\t\t        <\/div>\n\n\t\t\n        <div class=\"iksm-term iksm-term--id-688 iksm-term--parent\" data-id=\"688\">\n            <div class=\"iksm-term__inner\" tabindex='0'>\n                <a class=\"iksm-term__link\" href='https:\/\/www.afasi.se\/foreningshandbok\/bilda-forening\/valberedning\/' target='_self' tabindex='-1'>\n\t\t\t\t        <span class=\"iksm-term__text\">Valberedning<\/span>\n\t\t            <\/a>\n\t\t\t        <\/div>\n\t\t        <\/div>\n\n\t\t\n        <div class=\"iksm-term iksm-term--id-685 iksm-term--parent\" data-id=\"685\">\n            <div class=\"iksm-term__inner\" tabindex='0'>\n                <a class=\"iksm-term__link\" href='https:\/\/www.afasi.se\/foreningshandbok\/bilda-forening\/soka-bidrag-for-foreningen\/' target='_self' tabindex='-1'>\n\t\t\t\t        <span class=\"iksm-term__text\">S\u00f6ka bidrag<\/span>\n\t\t            <\/a>\n\t\t\t        <\/div>\n\t\t        <\/div>\n\n\t\t\n        <div class=\"iksm-term iksm-term--id-686 iksm-term--parent\" data-id=\"686\">\n            <div class=\"iksm-term__inner\" tabindex='0'>\n                <a class=\"iksm-term__link\" href='https:\/\/www.afasi.se\/foreningshandbok\/bilda-forening\/stadgar-for-forbund-och-foreningar\/' target='_self' tabindex='-1'>\n\t\t\t\t        <span class=\"iksm-term__text\">Stadgar<\/span>\n\t\t            <\/a>\n\t\t\t        <\/div>\n\t\t        <\/div>\n\n\t\t<\/div><\/div><\/div><div id=\"iksm_data_args\" class=\"data-args\"  data-collapse_children_terms='1' data-collapse_other_terms='1' data-collapse_animation_duration='400' data-expand_animation_duration='400'><\/div><\/div><script id=\"styles-copier-69f3fc5065344\">\n\t\t\t\/\/ Finding styles element\n\t        var element = document.getElementById(\"iksm-dynamic-style\");\n\t        if (!element) { \/\/ If no element (Cache plugins can remove tag), then creating a new one\n                element = document.createElement('style');\n                var head = document.getElementsByTagName(\"head\")\n                if (head && head[0]) {\n                \thead[0].appendChild(element);\n                } else {\n                  \tconsole.warn(\"Iks Menu | Error while printing styles. Please contact technical support.\");\n                }\n\t        }\n\t\t\t\/\/ Copying styles to <styles> tag\n\t        element.innerHTML += \".iksm-696 .iksm-terms{transition:all 400ms;animation:iks-fade-in 1000ms;}.iksm-696 .iksm-term__inner{background-color:rgba(255,255,255,1);min-height:44px;transition:all 400ms;}.iksm-696 .iksm-term__inner:hover{background-color:rgba(236,236,236,1);}.iksm-696 .iksm-term--current > .iksm-term__inner{background-color:rgba(212,212,212,1);}.iksm-696 .iksm-term__link{color:rgba(0,0,0,1);font-size:15px;line-height:15px;font-weight:400;text-decoration:none;padding-top:5px;padding-right:15px;padding-bottom:5px;padding-left:15px;transition:all 400ms;}.iksm-696 .iksm-term__inner:hover .iksm-term__link{color:rgba(50,50,50,1);}.iksm-696 .iksm-term__toggle__inner{transition:transform 400ms}.iksm-696 .iksm-term--expanded > .iksm-term__inner > .iksm-term__toggle > .iksm-term__toggle__inner{transform:rotate(180deg);}.iksm-696 .iksm-term__toggle{color:rgba(133,133,133,1);font-size:22px;align-self:stretch;height:unset;;width:40px;transition:all 400ms;}.iksm-696 .iksm-term__toggle:hover{color:rgba(0,0,0,1);}.iksm-696 .iksm-term__image-container{width:30px;min-width:30px;height:30px;min-height:30px;margin-right:15px;transition:all 400ms;}.iksm-696 .iksm-term__image{background-size:contain;background-position:center;background-repeat:no-repeat;}.iksm-696 .iksm-term__image-container:hover{background-size:contain;background-position:center;background-repeat:no-repeat;}.iksm-696 .iksm-term__inner:hover .iksm-term__image-container{background-size:contain;background-position:center;background-repeat:no-repeat;}.iksm-696 .iksm-term__inner:focus .iksm-term__image-container{background-size:contain;background-position:center;background-repeat:no-repeat;}.iksm-696 .iksm-term--current > .iksm-term__inner .iksm-term__image-container{background-size:contain;background-position:center;background-repeat:no-repeat;}.iksm-696 .iksm-term--child .iksm-term__inner .iksm-term__image-container{background-size:contain;background-position:center;background-repeat:no-repeat;}.iksm-696 .iksm-term--child .iksm-term__inner .iksm-term__image-container:hover{background-size:contain;background-position:center;background-repeat:no-repeat;}.iksm-696 .iksm-term--child .iksm-term__inner .iksm-term__image-container:focus{background-size:contain;background-position:center;background-repeat:no-repeat;}.iksm-696 .iksm-term--child.iksm-term--current > .iksm-term__inner .iksm-term__image-container{background-size:contain;background-position:center;background-repeat:no-repeat;}.iksm-696  .iksm-term__text{flex: unset}.iksm-696 .iksm-term__posts-count{color:rgba(133,133,133,1);font-size:16px;margin-left:12px;font-weight:400;transition:all 400ms;}\";\n\t        \/\/ Removing this script\n            var this_script = document.getElementById(\"styles-copier-69f3fc5065344\");\n            if (this_script) { \/\/ Cache plugins can remove tag\n\t            this_script.outerHTML = \"\";\n\t            if (this_script.parentNode) {\n\t                this_script.parentNode.removeChild(this_script);\n\t            }\n            }\n        <\/script>\n<\/div>\n\n\n\n<div class=\"wp-block-column\" style=\"flex-basis:40%\">\n<p><a href=\"http:\/\/www.afasi.se\/foreningshandbok\/driva-forening\/sammanfattning-stadgar\/\"><strong>L\u00e4s sammanfattning<\/strong><\/a><\/p>\n\n\n\n<p><strong>Stadgar \u00e4r alla regler som finns f\u00f6r f\u00f6rbund<br>och f\u00f6reningar. <\/strong><\/p>\n\n\n\n<p>I Afasif\u00f6rbundets stadgar st\u00e5r det h\u00e4r:<br>\u2022 Namnet<br>\u2022 Vad f\u00f6rbundet eller f\u00f6reningen arbetar med.<br>\u2022 Om de olika delarna i f\u00f6rbundet.<br>\u2022 Om att bli medlem.<br>\u2022 Om kongress och ordf\u00f6randem\u00f6te eller \u00e5rsm\u00f6te.<br>\u2022 Om styrelsen.<br>\u2022 Om vilka datum verksamhets\u00e5ret \u00e4r.<br>\u2022 Om revision, hur f\u00f6rbundet eller f\u00f6reningen<br>granskas.<br>\u2022 Om hur stadgarna \u00e4ndras.<br>\u2022 Om hur f\u00f6rbundet eller f\u00f6reningen avslutas.<\/p>\n\n\n\n<p>P\u00e5 Afasif\u00f6rbundets kongress kan det tas beslut<br>om \u00e4ndring av Afasif\u00f6rbundets stadgar. D\u00e5 kan<br>\u00e4ven f\u00f6rslaget p\u00e5 normalstadgar \u00e4ndras f\u00f6r l\u00e4ns-<br>och regionf\u00f6reningar och f\u00f6r lokalf\u00f6reningar.<\/p>\n\n\n\n<p>Normalstadgar \u00e4r en slags mall f\u00f6r vad som ska<br>st\u00e5 i f\u00f6reningarnas stadgar. Normalstadgarna g\u00f6r<br>det tydligt att f\u00f6reningarna och f\u00f6rbundet arbetar<br>p\u00e5 samma s\u00e4tt och med samma saker.<\/p>\n\n\n\n<p>Afasif\u00f6rbundets stadgar och f\u00f6rslaget p\u00e5<br>normalstadgar f\u00f6r f\u00f6reningar finns p\u00e5<br>Afasif\u00f6rbundets webbplats www.afasi.se.<\/p>\n\n\n\n<h3 class=\"wp-block-heading\"><strong>Meddela Afasif\u00f6rbundet n\u00e4r<br>f\u00f6reningen \u00e4ndrat eller tagit<br>nya stadgar<\/strong><\/h3>\n\n\n\n<p>Varje f\u00f6rening best\u00e4mmer sj\u00e4lva vad som ska st\u00e5 i<br>stadgarna. Det g\u00f6rs p\u00e5 \u00e5rsm\u00f6te. Om en f\u00f6rening<br>\u00e4ndrat eller skrivit helt nya stadgar ska de godk\u00e4nnas<br>av Afasif\u00f6rbundets styrelse. Har f\u00f6reningen anv\u00e4nt<br>normalstadgarna utan n\u00e5gra \u00e4ndringar s\u00e5 beh\u00f6ver<br>f\u00f6reningen inte skicka in stadgarna.<\/p>\n\n\n\n<p>\u00a9 Afasif\u00f6rbundet i Sverige<\/p>\n<\/div>\n<\/div>\n<\/div>\n\n\n<p><\/p>\n<\/div>","protected":false},"excerpt":{"rendered":"<!-- RS_MODULE_CODE_2.4.4 --><div id=\"readspeaker_button73\" class=\"rs_skip rsbtn rs_preserve\"><a class=\"rsbtn_play\" title=\"Lyssna p&aring; sidans text med ReadSpeaker\" accesskey=\"L\" href=\"\/\/app-eu.readspeaker.com\/cgi-bin\/rsent?customerid=7782&amp;lang=sv_se&amp;readid=rspeak_read_73&amp;url=https%3A%2F%2Fwww.afasi.se%2Fforeningshandbok%2Fwp-json%2Fwp%2Fv2%2Fpages%2F73\">\n        <span class=\"rsbtn_left rsimg rspart\"><span class=\"rsbtn_text\"><span>Lyssna<\/span><\/span><\/span>\n        <span class=\"rsbtn_right rsimg rsplay rspart\"><\/span>\n        <\/a><\/div><div id=\"rspeak_read_73\"><div class=\"entry-summary\">\n L\u00e4s sammanfattning Stadgar \u00e4r alla regler som finns f\u00f6r f\u00f6rbundoch f\u00f6reningar. I Afasif\u00f6rbundets stadgar st\u00e5r det h\u00e4r:\u2022 Namnet\u2022 Vad f\u00f6rbundet eller f\u00f6reningen arbetar med.\u2022 Om de olika delarna i f\u00f6rbundet.\u2022 Om att bli medlem.\u2022 Om kongress och ordf\u00f6randem\u00f6te eller&hellip;\n<\/div>\n<div class=\"link-more-container\"><a href=\"https:\/\/www.afasi.se\/foreningshandbok\/bilda-forening\/stadgar-for-forbund-och-foreningar\/\" class=\"link-more\" aria-label=\"Continue reading Stadgar\">Continue reading&hellip;<\/a><\/div>\n<\/div>","protected":false},"author":4,"featured_media":0,"parent":85,"menu_order":0,"comment_status":"closed","ping_status":"closed","template":"","meta":{"footnotes":""},"class_list":["post-73","page","type-page","status-publish","hentry","entry","entry-type-page"],"_links":{"self":[{"href":"https:\/\/www.afasi.se\/foreningshandbok\/wp-json\/wp\/v2\/pages\/73","targetHints":{"allow":["GET"]}}],"collection":[{"href":"https:\/\/www.afasi.se\/foreningshandbok\/wp-json\/wp\/v2\/pages"}],"about":[{"href":"https:\/\/www.afasi.se\/foreningshandbok\/wp-json\/wp\/v2\/types\/page"}],"author":[{"embeddable":true,"href":"https:\/\/www.afasi.se\/foreningshandbok\/wp-json\/wp\/v2\/users\/4"}],"replies":[{"embeddable":true,"href":"https:\/\/www.afasi.se\/foreningshandbok\/wp-json\/wp\/v2\/comments?post=73"}],"version-history":[{"count":14,"href":"https:\/\/www.afasi.se\/foreningshandbok\/wp-json\/wp\/v2\/pages\/73\/revisions"}],"predecessor-version":[{"id":845,"href":"https:\/\/www.afasi.se\/foreningshandbok\/wp-json\/wp\/v2\/pages\/73\/revisions\/845"}],"up":[{"embeddable":true,"href":"https:\/\/www.afasi.se\/foreningshandbok\/wp-json\/wp\/v2\/pages\/85"}],"wp:attachment":[{"href":"https:\/\/www.afasi.se\/foreningshandbok\/wp-json\/wp\/v2\/media?parent=73"}],"curies":[{"name":"wp","href":"https:\/\/api.w.org\/{rel}","templated":true}]}}