{"id":75,"date":"2018-04-05T10:21:16","date_gmt":"2018-04-05T08:21:16","guid":{"rendered":"http:\/\/www.afasi.se\/foreningshandbok\/?page_id=75"},"modified":"2021-09-14T20:15:55","modified_gmt":"2021-09-14T18:15:55","slug":"skanka-gava","status":"publish","type":"page","link":"https:\/\/www.afasi.se\/foreningshandbok\/foreningshandboken\/skanka-gava\/","title":{"rendered":"Sk\u00e4nka g\u00e5va"},"content":{"rendered":"<!-- RS_MODULE_CODE_2.4.4 --><div id=\"readspeaker_button75\" class=\"rs_skip rsbtn rs_preserve\"><a class=\"rsbtn_play\" title=\"Lyssna p&aring; sidans text med ReadSpeaker\" accesskey=\"L\" href=\"\/\/app-eu.readspeaker.com\/cgi-bin\/rsent?customerid=7782&amp;lang=sv_se&amp;readid=rspeak_read_75&amp;url=https%3A%2F%2Fwww.afasi.se%2Fforeningshandbok%2Fwp-json%2Fwp%2Fv2%2Fpages%2F75\">\n        <span class=\"rsbtn_left rsimg rspart\"><span class=\"rsbtn_text\"><span>Lyssna<\/span><\/span><\/span>\n        <span class=\"rsbtn_right rsimg rsplay rspart\"><\/span>\n        <\/a><\/div><div id=\"rspeak_read_75\"><div class=\"breadcrumbs align top-page-breadcrumb wp-block-bcn-breadcrumb-trail has-text-color has-background\" vocab=\"https:\/\/schema.org\/\" typeof=\"BreadcrumbList\">\n\t<span><\/span>\n\t<span class=\"breadcrumbs-title\">Du \u00e4r h\u00e4r: <\/span><span property=\"itemListElement\" typeof=\"ListItem\"><a property=\"item\" typeof=\"WebPage\" title=\"G\u00e5 till F\u00f6reningshandboken.\" href=\"https:\/\/www.afasi.se\/foreningshandbok\" class=\"home\" aria-current=\"page\"><span property=\"name\">F\u00f6reningshandboken<\/span><\/a><meta property=\"position\" content=\"1\"><\/span><\/div>\n\n\n<div class=\"alignwide-wrap\" data-block=\"columns\">\n<div class=\"wp-block-columns alignwide\">\n<div class=\"wp-block-column\" style=\"flex-basis:30%\"><div id='iksm-672' class='iksm iksm-672 iksm-container '  data-id='672' data-is-pro='0' data-source='menu'><div class='iksm-terms'><div class='iksm-terms-tree iksm-terms-tree--level-1 iksm-terms-tree--parents' style=''><div class=\"iksm-terms-tree__inner\">\n        <div class=\"iksm-term iksm-term--id-665 iksm-term--parent\" data-id=\"665\">\n            <div class=\"iksm-term__inner\" tabindex='0'>\n                <a class=\"iksm-term__link\" href='https:\/\/www.afasi.se\/foreningshandbok\/foreningshandboken\/afasiforbundets-historik\/' target='_self' tabindex='-1'>\n\t\t\t\t        <span class=\"iksm-term__text\">Historik<\/span>\n\t\t            <\/a>\n\t\t\t        <\/div>\n\t\t        <\/div>\n\n\t\t\n        <div class=\"iksm-term iksm-term--id-666 iksm-term--parent\" data-id=\"666\">\n            <div class=\"iksm-term__inner\" tabindex='0'>\n                <a class=\"iksm-term__link\" href='https:\/\/www.afasi.se\/foreningshandbok\/foreningshandboken\/kongress-och-ordforandemote\/' target='_self' tabindex='-1'>\n\t\t\t\t        <span class=\"iksm-term__text\">Kongress och ordf\u00f6randem\u00f6te<\/span>\n\t\t            <\/a>\n\t\t\t        <\/div>\n\t\t        <\/div>\n\n\t\t\n        <div class=\"iksm-term iksm-term--id-667 iksm-term--parent\" data-id=\"667\">\n            <div class=\"iksm-term__inner\" tabindex='0'>\n                <a class=\"iksm-term__link\" href='https:\/\/www.afasi.se\/foreningshandbok\/foreningshandboken\/pengarna-i-afasiforbundet\/' target='_self' tabindex='-1'>\n\t\t\t\t        <span class=\"iksm-term__text\">Pengarna i Afasif\u00f6rbundet<\/span>\n\t\t            <\/a>\n\t\t\t        <\/div>\n\t\t        <\/div>\n\n\t\t\n        <div class=\"iksm-term iksm-term--id-668 iksm-term--parent\" data-id=\"668\">\n            <div class=\"iksm-term__inner\" tabindex='0'>\n                <a class=\"iksm-term__link\" href='https:\/\/www.afasi.se\/foreningshandbok\/foreningshandboken\/samarbeten\/' target='_self' tabindex='-1'>\n\t\t\t\t        <span class=\"iksm-term__text\">Samarbeten<\/span>\n\t\t            <\/a>\n\t\t\t        <\/div>\n\t\t        <\/div>\n\n\t\t\n        <div class=\"iksm-term iksm-term--id-669 iksm-term--parent\" data-id=\"669\">\n            <div class=\"iksm-term__inner\" tabindex='0'>\n                <a class=\"iksm-term__link\" href='https:\/\/www.afasi.se\/foreningshandbok\/foreningshandboken\/skanka-gava\/' target='_self' tabindex='-1'>\n\t\t\t\t        <span class=\"iksm-term__text\">Sk\u00e4nka g\u00e5va<\/span>\n\t\t            <\/a>\n\t\t\t        <\/div>\n\t\t        <\/div>\n\n\t\t\n        <div class=\"iksm-term iksm-term--id-670 iksm-term--parent\" data-id=\"670\">\n            <div class=\"iksm-term__inner\" tabindex='0'>\n                <a class=\"iksm-term__link\" href='https:\/\/www.afasi.se\/foreningshandbok\/foreningshandboken\/sa-har-ar-afasiforbundet-uppbyggt\/' target='_self' tabindex='-1'>\n\t\t\t\t        <span class=\"iksm-term__text\">Uppbyggnad<\/span>\n\t\t            <\/a>\n\t\t\t        <\/div>\n\t\t        <\/div>\n\n\t\t\n        <div class=\"iksm-term iksm-term--id-671 iksm-term--parent\" data-id=\"671\">\n            <div class=\"iksm-term__inner\" tabindex='0'>\n                <a class=\"iksm-term__link\" href='https:\/\/www.afasi.se\/foreningshandbok\/foreningshandboken\/vardegrund-och-organisation\/' target='_self' tabindex='-1'>\n\t\t\t\t        <span class=\"iksm-term__text\">V\u00e4rdegrund<\/span>\n\t\t            <\/a>\n\t\t\t        <\/div>\n\t\t        <\/div>\n\n\t\t<\/div><\/div><\/div><div id=\"iksm_data_args\" class=\"data-args\"  data-collapse_children_terms='1' data-collapse_other_terms='1' data-collapse_animation_duration='400' data-expand_animation_duration='400'><\/div><\/div><script id=\"styles-copier-69ecf18947baf\">\n\t\t\t\/\/ Finding styles element\n\t        var element = document.getElementById(\"iksm-dynamic-style\");\n\t        if (!element) { \/\/ If no element (Cache plugins can remove tag), then creating a new one\n                element = document.createElement('style');\n                var head = document.getElementsByTagName(\"head\")\n                if (head && head[0]) {\n                \thead[0].appendChild(element);\n                } else {\n                  \tconsole.warn(\"Iks Menu | Error while printing styles. Please contact technical support.\");\n                }\n\t        }\n\t\t\t\/\/ Copying styles to <styles> tag\n\t        element.innerHTML += \".iksm-672 .iksm-terms{transition:all 400ms;animation:iks-fade-in 1000ms;}.iksm-672 .iksm-term__inner{background-color:rgba(255,255,255,1);min-height:44px;transition:all 400ms;}.iksm-672 .iksm-term__inner:hover{background-color:rgba(236,236,236,1);}.iksm-672 .iksm-term--current > .iksm-term__inner{background-color:rgba(212,212,212,1);}.iksm-672 .iksm-term__link{color:rgba(0,0,0,1);font-size:15px;line-height:15px;font-weight:400;text-decoration:none;padding-top:5px;padding-right:15px;padding-bottom:5px;padding-left:15px;transition:all 400ms;}.iksm-672 .iksm-term__inner:hover .iksm-term__link{color:rgba(50,50,50,1);}.iksm-672 .iksm-term__toggle__inner{transition:transform 400ms}.iksm-672 .iksm-term--expanded > .iksm-term__inner > .iksm-term__toggle > .iksm-term__toggle__inner{transform:rotate(180deg);}.iksm-672 .iksm-term__toggle{color:rgba(133,133,133,1);font-size:22px;align-self:stretch;height:unset;;width:40px;transition:all 400ms;}.iksm-672 .iksm-term__toggle:hover{color:rgba(0,0,0,1);}.iksm-672 .iksm-term__image-container{width:30px;min-width:30px;height:30px;min-height:30px;margin-right:15px;transition:all 400ms;}.iksm-672 .iksm-term__image{background-size:contain;background-position:center;background-repeat:no-repeat;}.iksm-672 .iksm-term__image-container:hover{background-size:contain;background-position:center;background-repeat:no-repeat;}.iksm-672 .iksm-term__inner:hover .iksm-term__image-container{background-size:contain;background-position:center;background-repeat:no-repeat;}.iksm-672 .iksm-term__inner:focus .iksm-term__image-container{background-size:contain;background-position:center;background-repeat:no-repeat;}.iksm-672 .iksm-term--current > .iksm-term__inner .iksm-term__image-container{background-size:contain;background-position:center;background-repeat:no-repeat;}.iksm-672 .iksm-term--child .iksm-term__inner .iksm-term__image-container{background-size:contain;background-position:center;background-repeat:no-repeat;}.iksm-672 .iksm-term--child .iksm-term__inner .iksm-term__image-container:hover{background-size:contain;background-position:center;background-repeat:no-repeat;}.iksm-672 .iksm-term--child .iksm-term__inner .iksm-term__image-container:focus{background-size:contain;background-position:center;background-repeat:no-repeat;}.iksm-672 .iksm-term--child.iksm-term--current > .iksm-term__inner .iksm-term__image-container{background-size:contain;background-position:center;background-repeat:no-repeat;}.iksm-672  .iksm-term__text{flex: unset}.iksm-672 .iksm-term__posts-count{color:rgba(133,133,133,1);font-size:16px;margin-left:12px;font-weight:400;transition:all 400ms;}\";\n\t        \/\/ Removing this script\n            var this_script = document.getElementById(\"styles-copier-69ecf18947baf\");\n            if (this_script) { \/\/ Cache plugins can remove tag\n\t            this_script.outerHTML = \"\";\n\t            if (this_script.parentNode) {\n\t                this_script.parentNode.removeChild(this_script);\n\t            }\n            }\n        <\/script>\n<\/div>\n\n\n\n<div class=\"wp-block-column\" style=\"flex-basis:40%\">\n<h3 class=\"wp-block-heading\"><strong>Ge g\u00e5va till Afasif\u00f6rbundet<\/strong><\/h3>\n\n\n\n<p><strong>Sammanfattning<\/strong><br>\u2022 Du kan ge pengar till Afasif\u00f6rbundets arbete.<\/p>\n\n\n\n<p>\u2022 Du kan ocks\u00e5 ge pengar till Afasifonden. Fonden ger<br>st\u00f6d till forskning om afasi.<\/p>\n\n\n\n<p>\u2022 Ge en g\u00e5va p\u00e5 Afasif\u00f6rbundets webbplats<br>www.afasi.se. Du kan ocks\u00e5 kontakta Afasif\u00f6rbundets<br>kansli.<\/p>\n\n\n\n<p>Du kan ge pengar som g\u00e5va till Afasif\u00f6rbundets<br>aktiviteter eller intressepolitiska arbete. Du kan<br>ocks\u00e5 sk\u00e4nka en g\u00e5va till Afasifonden. Afasifonden<br>ger st\u00f6d till m\u00e4nniskor med afasi och betalar pengar<br>till forskning.<\/p>\n\n\n\n<p>Det finns tv\u00e5 s\u00e4tt att ge en g\u00e5va till Afasif\u00f6rbundet<br>eller Afasifonden:<br>\u2022 G\u00e5 in p\u00e5 Afasif\u00f6rbundets webbplats www.afasi.se.<br>\u2022 Kontakta Afasif\u00f6rbundets kansli.<\/p>\n\n\n\n<p>Den som ger en g\u00e5va f\u00e5r ett tackkort med posten.<\/p>\n\n\n\n<p>Betala g\u00e5van till Bankgiro nummer 5666-8726 eller<br>Swishkonto nummer 123 576 32 7.<\/p>\n\n\n\n<p><strong>Afasifonden<\/strong><br>Afasifonden finns till f\u00f6r personer som har afasi.<br>Afasifonden ger st\u00f6d till m\u00e4nniskor med afasi.<br>Fonden betalar ocks\u00e5 pengar till forskning om metoder<br>som kan hj\u00e4lpa personer med afasi inom rehabilitering.<\/p>\n\n\n\n<p>Afasifonden har en styrelse. Styrelsen best\u00e4mmer hur<br>pengarna i fonden ska anv\u00e4ndas. Det \u00e4r tre personer i<br>styrelsen. Afasif\u00f6rbundets styrelse best\u00e4mmer vilka som<br>ska sitta i fondens styrelse.<\/p>\n\n\n\n<p><strong>S\u00f6k pengar fr\u00e5n Afasifonden<\/strong><br>Vill du s\u00f6ka pengar fr\u00e5n Afasifonden? Skriv ett brev<br>om varf\u00f6r och vad pengarna ska anv\u00e4ndas till. Skicka<br>det till Afasif\u00f6rbundets kansli.<\/p>\n\n\n\n<p>Det g\u00e5r att s\u00f6ka pengar fr\u00e5n Afasifonden under hela \u00e5ret.<\/p>\n\n\n\n<p>\u00a9 Afasif\u00f6rbundet i Sverige<\/p>\n<\/div>\n<\/div>\n<\/div><\/div>","protected":false},"excerpt":{"rendered":"<!-- RS_MODULE_CODE_2.4.4 --><div id=\"readspeaker_button75\" class=\"rs_skip rsbtn rs_preserve\"><a class=\"rsbtn_play\" title=\"Lyssna p&aring; sidans text med ReadSpeaker\" accesskey=\"L\" href=\"\/\/app-eu.readspeaker.com\/cgi-bin\/rsent?customerid=7782&amp;lang=sv_se&amp;readid=rspeak_read_75&amp;url=https%3A%2F%2Fwww.afasi.se%2Fforeningshandbok%2Fwp-json%2Fwp%2Fv2%2Fpages%2F75\">\n        <span class=\"rsbtn_left rsimg rspart\"><span class=\"rsbtn_text\"><span>Lyssna<\/span><\/span><\/span>\n        <span class=\"rsbtn_right rsimg rsplay rspart\"><\/span>\n        <\/a><\/div><div id=\"rspeak_read_75\"><div class=\"entry-summary\">\n Ge g\u00e5va till Afasif\u00f6rbundet Sammanfattning\u2022 Du kan ge pengar till Afasif\u00f6rbundets arbete. \u2022 Du kan ocks\u00e5 ge pengar till Afasifonden. Fonden gerst\u00f6d till forskning om afasi. \u2022 Ge en g\u00e5va p\u00e5 Afasif\u00f6rbundets webbplatswww.afasi.se. Du kan ocks\u00e5 kontakta Afasif\u00f6rbundetskansli. Du&hellip;\n<\/div>\n<div class=\"link-more-container\"><a href=\"https:\/\/www.afasi.se\/foreningshandbok\/foreningshandboken\/skanka-gava\/\" class=\"link-more\" aria-label=\"Continue reading Sk\u00e4nka g\u00e5va\">Continue reading&hellip;<\/a><\/div>\n<\/div>","protected":false},"author":4,"featured_media":0,"parent":41,"menu_order":0,"comment_status":"closed","ping_status":"closed","template":"","meta":{"footnotes":""},"class_list":["post-75","page","type-page","status-publish","hentry","entry","entry-type-page"],"_links":{"self":[{"href":"https:\/\/www.afasi.se\/foreningshandbok\/wp-json\/wp\/v2\/pages\/75","targetHints":{"allow":["GET"]}}],"collection":[{"href":"https:\/\/www.afasi.se\/foreningshandbok\/wp-json\/wp\/v2\/pages"}],"about":[{"href":"https:\/\/www.afasi.se\/foreningshandbok\/wp-json\/wp\/v2\/types\/page"}],"author":[{"embeddable":true,"href":"https:\/\/www.afasi.se\/foreningshandbok\/wp-json\/wp\/v2\/users\/4"}],"replies":[{"embeddable":true,"href":"https:\/\/www.afasi.se\/foreningshandbok\/wp-json\/wp\/v2\/comments?post=75"}],"version-history":[{"count":10,"href":"https:\/\/www.afasi.se\/foreningshandbok\/wp-json\/wp\/v2\/pages\/75\/revisions"}],"predecessor-version":[{"id":905,"href":"https:\/\/www.afasi.se\/foreningshandbok\/wp-json\/wp\/v2\/pages\/75\/revisions\/905"}],"up":[{"embeddable":true,"href":"https:\/\/www.afasi.se\/foreningshandbok\/wp-json\/wp\/v2\/pages\/41"}],"wp:attachment":[{"href":"https:\/\/www.afasi.se\/foreningshandbok\/wp-json\/wp\/v2\/media?parent=75"}],"curies":[{"name":"wp","href":"https:\/\/api.w.org\/{rel}","templated":true}]}}