{"id":79,"date":"2018-04-05T10:21:42","date_gmt":"2018-04-05T08:21:42","guid":{"rendered":"http:\/\/www.afasi.se\/foreningshandbok\/?page_id=79"},"modified":"2026-04-17T16:04:31","modified_gmt":"2026-04-17T14:04:31","slug":"afasidagen","status":"publish","type":"page","link":"https:\/\/www.afasi.se\/foreningshandbok\/driva-forening\/afasidagen\/","title":{"rendered":"Afasidagen"},"content":{"rendered":"<!-- RS_MODULE_CODE_2.4.4 --><div id=\"readspeaker_button79\" class=\"rs_skip rsbtn rs_preserve\"><a class=\"rsbtn_play\" title=\"Lyssna p&aring; sidans text med ReadSpeaker\" accesskey=\"L\" href=\"\/\/app-eu.readspeaker.com\/cgi-bin\/rsent?customerid=7782&amp;lang=sv_se&amp;readid=rspeak_read_79&amp;url=https%3A%2F%2Fwww.afasi.se%2Fforeningshandbok%2Fwp-json%2Fwp%2Fv2%2Fpages%2F79\">\n        <span class=\"rsbtn_left rsimg rspart\"><span class=\"rsbtn_text\"><span>Lyssna<\/span><\/span><\/span>\n        <span class=\"rsbtn_right rsimg rsplay rspart\"><\/span>\n        <\/a><\/div><div id=\"rspeak_read_79\"><div class=\"breadcrumbs align top-page-breadcrumb wp-block-bcn-breadcrumb-trail has-text-color has-background\" vocab=\"https:\/\/schema.org\/\" typeof=\"BreadcrumbList\">\n\t<span><\/span>\n\t<span class=\"breadcrumbs-title\">Du \u00e4r h\u00e4r: <\/span><span property=\"itemListElement\" typeof=\"ListItem\"><a property=\"item\" typeof=\"WebPage\" title=\"G\u00e5 till F\u00f6reningshandboken.\" href=\"https:\/\/www.afasi.se\/foreningshandbok\" class=\"home\" aria-current=\"page\"><span property=\"name\">F\u00f6reningshandboken<\/span><\/a><meta property=\"position\" content=\"1\"><\/span><\/div>\n\n\n<div class=\"alignwide-wrap\" data-block=\"columns\">\n<div class=\"wp-block-columns alignwide\">\n<div class=\"wp-block-column\" style=\"flex-basis:30%\"><div id='iksm-695' class='iksm iksm-695 iksm-container '  data-id='695' data-is-pro='0' data-source='menu'><div class='iksm-terms'><div class='iksm-terms-tree iksm-terms-tree--level-1 iksm-terms-tree--parents' style=''><div class=\"iksm-terms-tree__inner\">\n        <div class=\"iksm-term iksm-term--id-677 iksm-term--parent\" data-id=\"677\">\n            <div class=\"iksm-term__inner\" tabindex='0'>\n                <a class=\"iksm-term__link\" href='https:\/\/www.afasi.se\/foreningshandbok\/driva-forening\/arsmoten\/' target='_self' tabindex='-1'>\n\t\t\t\t        <span class=\"iksm-term__text\">\u00c5rsm\u00f6ten<\/span>\n\t\t            <\/a>\n\t\t\t        <\/div>\n\t\t        <\/div>\n\n\t\t\n        <div class=\"iksm-term iksm-term--id-678 iksm-term--parent\" data-id=\"678\">\n            <div class=\"iksm-term__inner\" tabindex='0'>\n                <a class=\"iksm-term__link\" href='https:\/\/www.afasi.se\/foreningshandbok\/driva-forening\/arssammanstallning\/' target='_self' tabindex='-1'>\n\t\t\t\t        <span class=\"iksm-term__text\">\u00c5rssammanst\u00e4llning<\/span>\n\t\t            <\/a>\n\t\t\t        <\/div>\n\t\t        <\/div>\n\n\t\t\n        <div class=\"iksm-term iksm-term--id-679 iksm-term--parent\" data-id=\"679\">\n            <div class=\"iksm-term__inner\" tabindex='0'>\n                <a class=\"iksm-term__link\" href='https:\/\/www.afasi.se\/foreningshandbok\/driva-forening\/avsluta-forening\/' target='_self' tabindex='-1'>\n\t\t\t\t        <span class=\"iksm-term__text\">Avsluta f\u00f6rening<\/span>\n\t\t            <\/a>\n\t\t\t        <\/div>\n\t\t        <\/div>\n\n\t\t\n        <div class=\"iksm-term iksm-term--id-683 iksm-term--parent\" data-id=\"683\">\n            <div class=\"iksm-term__inner\" tabindex='0'>\n                <a class=\"iksm-term__link\" href='https:\/\/www.afasi.se\/foreningshandbok\/driva-forening\/skapa-delaktighet\/' target='_self' tabindex='-1'>\n\t\t\t\t        <span class=\"iksm-term__text\">Skapa delaktighet<\/span>\n\t\t            <\/a>\n\t\t\t        <\/div>\n\t\t        <\/div>\n\n\t\t\n        <div class=\"iksm-term iksm-term--id-680 iksm-term--parent\" data-id=\"680\">\n            <div class=\"iksm-term__inner\" tabindex='0'>\n                <a class=\"iksm-term__link\" href='https:\/\/www.afasi.se\/foreningshandbok\/driva-forening\/fa-fler-medlemmar-och-behalla-de-som-finns\/' target='_self' tabindex='-1'>\n\t\t\t\t        <span class=\"iksm-term__text\">F\u00e5 fler medlemmar<\/span>\n\t\t            <\/a>\n\t\t\t        <\/div>\n\t\t        <\/div>\n\n\t\t\n        <div class=\"iksm-term iksm-term--id-682 iksm-term--parent\" data-id=\"682\">\n            <div class=\"iksm-term__inner\" tabindex='0'>\n                <a class=\"iksm-term__link\" href='https:\/\/www.afasi.se\/foreningshandbok\/driva-forening\/paverkan\/' target='_self' tabindex='-1'>\n\t\t\t\t        <span class=\"iksm-term__text\">P\u00e5verkan<\/span>\n\t\t            <\/a>\n\t\t\t        <\/div>\n\t\t        <\/div>\n\n\t\t\n        <div class=\"iksm-term iksm-term--id-676 iksm-term--parent\" data-id=\"676\">\n            <div class=\"iksm-term__inner\" tabindex='0'>\n                <a class=\"iksm-term__link\" href='https:\/\/www.afasi.se\/foreningshandbok\/driva-forening\/aktiviteter-for-medlemmar\/' target='_self' tabindex='-1'>\n\t\t\t\t        <span class=\"iksm-term__text\">Aktiviteter<\/span>\n\t\t            <\/a>\n\t\t\t        <\/div>\n\t\t        <\/div>\n\n\t\t\n        <div class=\"iksm-term iksm-term--id-675 iksm-term--parent\" data-id=\"675\">\n            <div class=\"iksm-term__inner\" tabindex='0'>\n                <a class=\"iksm-term__link\" href='https:\/\/www.afasi.se\/foreningshandbok\/driva-forening\/afasidagen\/' target='_self' tabindex='-1'>\n\t\t\t\t        <span class=\"iksm-term__text\">Afasidagen<\/span>\n\t\t            <\/a>\n\t\t\t        <\/div>\n\t\t        <\/div>\n\n\t\t\n        <div class=\"iksm-term iksm-term--id-681 iksm-term--parent\" data-id=\"681\">\n            <div class=\"iksm-term__inner\" tabindex='0'>\n                <a class=\"iksm-term__link\" href='https:\/\/www.afasi.se\/foreningshandbok\/driva-forening\/motesplats-afasi\/' target='_self' tabindex='-1'>\n\t\t\t\t        <span class=\"iksm-term__text\">M\u00f6tesplats Afasi<\/span>\n\t\t            <\/a>\n\t\t\t        <\/div>\n\t\t        <\/div>\n\n\t\t\n        <div class=\"iksm-term iksm-term--id-684 iksm-term--parent\" data-id=\"684\">\n            <div class=\"iksm-term__inner\" tabindex='0'>\n                <a class=\"iksm-term__link\" href='https:\/\/www.afasi.se\/foreningshandbok\/driva-forening\/talknuten\/' target='_self' tabindex='-1'>\n\t\t\t\t        <span class=\"iksm-term__text\">Talknuten<\/span>\n\t\t            <\/a>\n\t\t\t        <\/div>\n\t\t        <\/div>\n\n\t\t<\/div><\/div><\/div><div id=\"iksm_data_args\" class=\"data-args\"  data-collapse_children_terms='1' data-collapse_other_terms='1' data-collapse_animation_duration='400' data-expand_animation_duration='400'><\/div><\/div><script id=\"styles-copier-69ecf1543cb58\">\n\t\t\t\/\/ Finding styles element\n\t        var element = document.getElementById(\"iksm-dynamic-style\");\n\t        if (!element) { \/\/ If no element (Cache plugins can remove tag), then creating a new one\n                element = document.createElement('style');\n                var head = document.getElementsByTagName(\"head\")\n                if (head && head[0]) {\n                \thead[0].appendChild(element);\n                } else {\n                  \tconsole.warn(\"Iks Menu | Error while printing styles. Please contact technical support.\");\n                }\n\t        }\n\t\t\t\/\/ Copying styles to <styles> tag\n\t        element.innerHTML += \".iksm-695 .iksm-terms{transition:all 400ms;animation:iks-fade-in 1000ms;}.iksm-695 .iksm-term__inner{background-color:rgba(255,255,255,1);min-height:44px;transition:all 400ms;}.iksm-695 .iksm-term__inner:hover{background-color:rgba(236,236,236,1);}.iksm-695 .iksm-term--current > .iksm-term__inner{background-color:rgba(212,212,212,1);}.iksm-695 .iksm-term__link{color:rgba(0,0,0,1);font-size:15px;line-height:15px;font-weight:400;text-decoration:none;padding-top:5px;padding-right:15px;padding-bottom:5px;padding-left:15px;transition:all 400ms;}.iksm-695 .iksm-term__inner:hover .iksm-term__link{color:rgba(50,50,50,1);}.iksm-695 .iksm-term__toggle__inner{transition:transform 400ms}.iksm-695 .iksm-term--expanded > .iksm-term__inner > .iksm-term__toggle > .iksm-term__toggle__inner{transform:rotate(180deg);}.iksm-695 .iksm-term__toggle{color:rgba(133,133,133,1);font-size:22px;align-self:stretch;height:unset;;width:40px;transition:all 400ms;}.iksm-695 .iksm-term__toggle:hover{color:rgba(0,0,0,1);}.iksm-695 .iksm-term__image-container{width:30px;min-width:30px;height:30px;min-height:30px;margin-right:15px;transition:all 400ms;}.iksm-695 .iksm-term__image{background-size:contain;background-position:center;background-repeat:no-repeat;}.iksm-695 .iksm-term__image-container:hover{background-size:contain;background-position:center;background-repeat:no-repeat;}.iksm-695 .iksm-term__inner:hover .iksm-term__image-container{background-size:contain;background-position:center;background-repeat:no-repeat;}.iksm-695 .iksm-term__inner:focus .iksm-term__image-container{background-size:contain;background-position:center;background-repeat:no-repeat;}.iksm-695 .iksm-term--current > .iksm-term__inner .iksm-term__image-container{background-size:contain;background-position:center;background-repeat:no-repeat;}.iksm-695 .iksm-term--child .iksm-term__inner .iksm-term__image-container{background-size:contain;background-position:center;background-repeat:no-repeat;}.iksm-695 .iksm-term--child .iksm-term__inner .iksm-term__image-container:hover{background-size:contain;background-position:center;background-repeat:no-repeat;}.iksm-695 .iksm-term--child .iksm-term__inner .iksm-term__image-container:focus{background-size:contain;background-position:center;background-repeat:no-repeat;}.iksm-695 .iksm-term--child.iksm-term--current > .iksm-term__inner .iksm-term__image-container{background-size:contain;background-position:center;background-repeat:no-repeat;}.iksm-695  .iksm-term__text{flex: unset}.iksm-695 .iksm-term__posts-count{color:rgba(133,133,133,1);font-size:16px;margin-left:12px;font-weight:400;transition:all 400ms;}\";\n\t        \/\/ Removing this script\n            var this_script = document.getElementById(\"styles-copier-69ecf1543cb58\");\n            if (this_script) { \/\/ Cache plugins can remove tag\n\t            this_script.outerHTML = \"\";\n\t            if (this_script.parentNode) {\n\t                this_script.parentNode.removeChild(this_script);\n\t            }\n            }\n        <\/script>\n<\/div>\n\n\n\n<div class=\"wp-block-column\" style=\"flex-basis:40%\">\n<p><a href=\"http:\/\/www.afasi.se\/foreningshandbok\/driva-forening\/sammanfattning-afasidagen\/\"><strong>L\u00e4s sammanfattning<\/strong><\/a><\/p>\n\n\n\n<p><strong>Den 10 oktober varje \u00e5r \u00e4r det Afasidagen.<\/strong><br>D\u00e5 sprider Afasif\u00f6rbundet och f\u00f6reningarna<br>information om afasi. F\u00f6rbundet p\u00e5verkar ocks\u00e5<br>politiker i fr\u00e5gor som \u00e4r viktiga f\u00f6r personer med<br>afasi och deras anh\u00f6riga.<\/p>\n\n\n\n<p>Afasif\u00f6rbundets styrelse f\u00f6resl\u00e5r olika fr\u00e5gor eller<br>teman som f\u00f6reningarna kan arbeta med under<br>Afasidagen. Till exempel att kommunerna borde<br>anst\u00e4lla fler logopeder. Eller att st\u00f6det till anh\u00f6riga<br>borde bli b\u00e4ttre. Afasif\u00f6rbundet tar fram information<br>om de fr\u00e5gorna som f\u00f6reningarna kan anv\u00e4nda i<br>samband med Afasidagen.<\/p>\n\n\n\n<p>P\u00e5 Afasif\u00f6rbundets webbplats www.afasi.se finns text<br>och bilder om vad som har h\u00e4nt under Afasidagen i<br>hela Sverige. Information om Afasidagen finns ocks\u00e5<br>p\u00e5 sociala medier, till exempel Facebook, Instagram och LinkedIn.<\/p>\n\n\n\n<h3 class=\"wp-block-heading\"><strong>Pengar till afasif\u00f6reningarna f\u00f6r<br>Afasidagen<\/strong><\/h3>\n\n\n\n<p>Afasif\u00f6reningarna kan ans\u00f6ka om bidrag f\u00f6r<br>aktiviteter p\u00e5 Afasidagen. Afasif\u00f6rbundet skickar<br>ut information i nyhetsbrevet Afasi. Ans\u00f6kan<br>om att f\u00e5 bidrag ska vara inne hos Afasif\u00f6rbundet<br>f\u00f6re den 31 maj. Pengarna betalas ut f\u00f6re Afasidagen.<\/p>\n\n\n\n<h3 class=\"wp-block-heading\"><strong>Best\u00e4m vem som ska bli Afasiv\u00e4n<\/strong><\/h3>\n\n\n\n<p>N\u00e4r det \u00e4r Afasidagen kan afasif\u00f6reningarna<br>best\u00e4mma att n\u00e5gon person ska bli Afasiv\u00e4n.<br>Det kan vara en person som varit extra viktig i<br>afasif\u00f6reningen. Eller som har gjort n\u00e5got s\u00e4rskilt<br>f\u00f6r personer med afasi i f\u00f6reningen.<\/p>\n\n\n\n<p>Den som blivit vald till Afasiv\u00e4n f\u00e5r ett diplom.<br>Diplomet finns hos Afasif\u00f6rbundet. <br>Kontakta Afasif\u00f6rbundets kansli om du vill ha tillg\u00e5ng till diplom.<\/p>\n\n\n\n<p><a href=\"http:\/\/www.afasi.se\/vi-paverkar\/afasidagen\/\">L\u00e4nk till aktiviteter p\u00e5 Afasidagen&nbsp;<\/a><\/p>\n\n\n\n<p>\u00a9 Afasif\u00f6rbundet i Sverige<\/p>\n<\/div>\n<\/div>\n<\/div><\/div>","protected":false},"excerpt":{"rendered":"<!-- RS_MODULE_CODE_2.4.4 --><div id=\"readspeaker_button79\" class=\"rs_skip rsbtn rs_preserve\"><a class=\"rsbtn_play\" title=\"Lyssna p&aring; sidans text med ReadSpeaker\" accesskey=\"L\" href=\"\/\/app-eu.readspeaker.com\/cgi-bin\/rsent?customerid=7782&amp;lang=sv_se&amp;readid=rspeak_read_79&amp;url=https%3A%2F%2Fwww.afasi.se%2Fforeningshandbok%2Fwp-json%2Fwp%2Fv2%2Fpages%2F79\">\n        <span class=\"rsbtn_left rsimg rspart\"><span class=\"rsbtn_text\"><span>Lyssna<\/span><\/span><\/span>\n        <span class=\"rsbtn_right rsimg rsplay rspart\"><\/span>\n        <\/a><\/div><div id=\"rspeak_read_79\"><div class=\"entry-summary\">\n L\u00e4s sammanfattning Den 10 oktober varje \u00e5r \u00e4r det Afasidagen.D\u00e5 sprider Afasif\u00f6rbundet och f\u00f6reningarnainformation om afasi. F\u00f6rbundet p\u00e5verkar ocks\u00e5politiker i fr\u00e5gor som \u00e4r viktiga f\u00f6r personer medafasi och deras anh\u00f6riga. Afasif\u00f6rbundets styrelse f\u00f6resl\u00e5r olika fr\u00e5gor ellerteman som f\u00f6reningarna kan&hellip;\n<\/div>\n<div class=\"link-more-container\"><a href=\"https:\/\/www.afasi.se\/foreningshandbok\/driva-forening\/afasidagen\/\" class=\"link-more\" aria-label=\"Continue reading Afasidagen\">Continue reading&hellip;<\/a><\/div>\n<\/div>","protected":false},"author":4,"featured_media":0,"parent":106,"menu_order":0,"comment_status":"closed","ping_status":"closed","template":"","meta":{"footnotes":""},"class_list":["post-79","page","type-page","status-publish","hentry","entry","entry-type-page"],"_links":{"self":[{"href":"https:\/\/www.afasi.se\/foreningshandbok\/wp-json\/wp\/v2\/pages\/79","targetHints":{"allow":["GET"]}}],"collection":[{"href":"https:\/\/www.afasi.se\/foreningshandbok\/wp-json\/wp\/v2\/pages"}],"about":[{"href":"https:\/\/www.afasi.se\/foreningshandbok\/wp-json\/wp\/v2\/types\/page"}],"author":[{"embeddable":true,"href":"https:\/\/www.afasi.se\/foreningshandbok\/wp-json\/wp\/v2\/users\/4"}],"replies":[{"embeddable":true,"href":"https:\/\/www.afasi.se\/foreningshandbok\/wp-json\/wp\/v2\/comments?post=79"}],"version-history":[{"count":6,"href":"https:\/\/www.afasi.se\/foreningshandbok\/wp-json\/wp\/v2\/pages\/79\/revisions"}],"predecessor-version":[{"id":1007,"href":"https:\/\/www.afasi.se\/foreningshandbok\/wp-json\/wp\/v2\/pages\/79\/revisions\/1007"}],"up":[{"embeddable":true,"href":"https:\/\/www.afasi.se\/foreningshandbok\/wp-json\/wp\/v2\/pages\/106"}],"wp:attachment":[{"href":"https:\/\/www.afasi.se\/foreningshandbok\/wp-json\/wp\/v2\/media?parent=79"}],"curies":[{"name":"wp","href":"https:\/\/api.w.org\/{rel}","templated":true}]}}