{"id":81,"date":"2018-04-05T10:21:52","date_gmt":"2018-04-05T08:21:52","guid":{"rendered":"http:\/\/www.afasi.se\/foreningshandbok\/?page_id=81"},"modified":"2021-09-13T11:38:28","modified_gmt":"2021-09-13T09:38:28","slug":"arsmoten","status":"publish","type":"page","link":"https:\/\/www.afasi.se\/foreningshandbok\/driva-forening\/arsmoten\/","title":{"rendered":"\u00c5rsm\u00f6ten"},"content":{"rendered":"<!-- RS_MODULE_CODE_2.4.4 --><div id=\"readspeaker_button81\" class=\"rs_skip rsbtn rs_preserve\"><a class=\"rsbtn_play\" title=\"Lyssna p&aring; sidans text med ReadSpeaker\" accesskey=\"L\" href=\"\/\/app-eu.readspeaker.com\/cgi-bin\/rsent?customerid=7782&amp;lang=sv_se&amp;readid=rspeak_read_81&amp;url=https%3A%2F%2Fwww.afasi.se%2Fforeningshandbok%2Fwp-json%2Fwp%2Fv2%2Fpages%2F81\">\n        <span class=\"rsbtn_left rsimg rspart\"><span class=\"rsbtn_text\"><span>Lyssna<\/span><\/span><\/span>\n        <span class=\"rsbtn_right rsimg rsplay rspart\"><\/span>\n        <\/a><\/div><div id=\"rspeak_read_81\"><div class=\"breadcrumbs align top-page-breadcrumb wp-block-bcn-breadcrumb-trail has-text-color has-background\" vocab=\"https:\/\/schema.org\/\" typeof=\"BreadcrumbList\">\n\t<span><\/span>\n\t<span class=\"breadcrumbs-title\">Du \u00e4r h\u00e4r: <\/span><span property=\"itemListElement\" typeof=\"ListItem\"><a property=\"item\" typeof=\"WebPage\" title=\"G\u00e5 till F\u00f6reningshandboken.\" href=\"https:\/\/www.afasi.se\/foreningshandbok\" class=\"home\" aria-current=\"page\"><span property=\"name\">F\u00f6reningshandboken<\/span><\/a><meta property=\"position\" content=\"1\"><\/span><\/div>\n\n\n<div class=\"alignwide-wrap\" data-block=\"columns\">\n<div class=\"wp-block-columns alignwide\">\n<div class=\"wp-block-column\" style=\"flex-basis:30%\"><div id='iksm-695' class='iksm iksm-695 iksm-container '  data-id='695' data-is-pro='0' data-source='menu'><div class='iksm-terms'><div class='iksm-terms-tree iksm-terms-tree--level-1 iksm-terms-tree--parents' style=''><div class=\"iksm-terms-tree__inner\">\n        <div class=\"iksm-term iksm-term--id-677 iksm-term--parent\" data-id=\"677\">\n            <div class=\"iksm-term__inner\" tabindex='0'>\n                <a class=\"iksm-term__link\" href='https:\/\/www.afasi.se\/foreningshandbok\/driva-forening\/arsmoten\/' target='_self' tabindex='-1'>\n\t\t\t\t        <span class=\"iksm-term__text\">\u00c5rsm\u00f6ten<\/span>\n\t\t            <\/a>\n\t\t\t        <\/div>\n\t\t        <\/div>\n\n\t\t\n        <div class=\"iksm-term iksm-term--id-678 iksm-term--parent\" data-id=\"678\">\n            <div class=\"iksm-term__inner\" tabindex='0'>\n                <a class=\"iksm-term__link\" href='https:\/\/www.afasi.se\/foreningshandbok\/driva-forening\/arssammanstallning\/' target='_self' tabindex='-1'>\n\t\t\t\t        <span class=\"iksm-term__text\">\u00c5rssammanst\u00e4llning<\/span>\n\t\t            <\/a>\n\t\t\t        <\/div>\n\t\t        <\/div>\n\n\t\t\n        <div class=\"iksm-term iksm-term--id-679 iksm-term--parent\" data-id=\"679\">\n            <div class=\"iksm-term__inner\" tabindex='0'>\n                <a class=\"iksm-term__link\" href='https:\/\/www.afasi.se\/foreningshandbok\/driva-forening\/avsluta-forening\/' target='_self' tabindex='-1'>\n\t\t\t\t        <span class=\"iksm-term__text\">Avsluta f\u00f6rening<\/span>\n\t\t            <\/a>\n\t\t\t        <\/div>\n\t\t        <\/div>\n\n\t\t\n        <div class=\"iksm-term iksm-term--id-683 iksm-term--parent\" data-id=\"683\">\n            <div class=\"iksm-term__inner\" tabindex='0'>\n                <a class=\"iksm-term__link\" href='https:\/\/www.afasi.se\/foreningshandbok\/driva-forening\/skapa-delaktighet\/' target='_self' tabindex='-1'>\n\t\t\t\t        <span class=\"iksm-term__text\">Skapa delaktighet<\/span>\n\t\t            <\/a>\n\t\t\t        <\/div>\n\t\t        <\/div>\n\n\t\t\n        <div class=\"iksm-term iksm-term--id-680 iksm-term--parent\" data-id=\"680\">\n            <div class=\"iksm-term__inner\" tabindex='0'>\n                <a class=\"iksm-term__link\" href='https:\/\/www.afasi.se\/foreningshandbok\/driva-forening\/fa-fler-medlemmar-och-behalla-de-som-finns\/' target='_self' tabindex='-1'>\n\t\t\t\t        <span class=\"iksm-term__text\">F\u00e5 fler medlemmar<\/span>\n\t\t            <\/a>\n\t\t\t        <\/div>\n\t\t        <\/div>\n\n\t\t\n        <div class=\"iksm-term iksm-term--id-682 iksm-term--parent\" data-id=\"682\">\n            <div class=\"iksm-term__inner\" tabindex='0'>\n                <a class=\"iksm-term__link\" href='https:\/\/www.afasi.se\/foreningshandbok\/driva-forening\/paverkan\/' target='_self' tabindex='-1'>\n\t\t\t\t        <span class=\"iksm-term__text\">P\u00e5verkan<\/span>\n\t\t            <\/a>\n\t\t\t        <\/div>\n\t\t        <\/div>\n\n\t\t\n        <div class=\"iksm-term iksm-term--id-676 iksm-term--parent\" data-id=\"676\">\n            <div class=\"iksm-term__inner\" tabindex='0'>\n                <a class=\"iksm-term__link\" href='https:\/\/www.afasi.se\/foreningshandbok\/driva-forening\/aktiviteter-for-medlemmar\/' target='_self' tabindex='-1'>\n\t\t\t\t        <span class=\"iksm-term__text\">Aktiviteter<\/span>\n\t\t            <\/a>\n\t\t\t        <\/div>\n\t\t        <\/div>\n\n\t\t\n        <div class=\"iksm-term iksm-term--id-675 iksm-term--parent\" data-id=\"675\">\n            <div class=\"iksm-term__inner\" tabindex='0'>\n                <a class=\"iksm-term__link\" href='https:\/\/www.afasi.se\/foreningshandbok\/driva-forening\/afasidagen\/' target='_self' tabindex='-1'>\n\t\t\t\t        <span class=\"iksm-term__text\">Afasidagen<\/span>\n\t\t            <\/a>\n\t\t\t        <\/div>\n\t\t        <\/div>\n\n\t\t\n        <div class=\"iksm-term iksm-term--id-681 iksm-term--parent\" data-id=\"681\">\n            <div class=\"iksm-term__inner\" tabindex='0'>\n                <a class=\"iksm-term__link\" href='https:\/\/www.afasi.se\/foreningshandbok\/driva-forening\/motesplats-afasi\/' target='_self' tabindex='-1'>\n\t\t\t\t        <span class=\"iksm-term__text\">M\u00f6tesplats Afasi<\/span>\n\t\t            <\/a>\n\t\t\t        <\/div>\n\t\t        <\/div>\n\n\t\t\n        <div class=\"iksm-term iksm-term--id-684 iksm-term--parent\" data-id=\"684\">\n            <div class=\"iksm-term__inner\" tabindex='0'>\n                <a class=\"iksm-term__link\" href='https:\/\/www.afasi.se\/foreningshandbok\/driva-forening\/talknuten\/' target='_self' tabindex='-1'>\n\t\t\t\t        <span class=\"iksm-term__text\">Talknuten<\/span>\n\t\t            <\/a>\n\t\t\t        <\/div>\n\t\t        <\/div>\n\n\t\t<\/div><\/div><\/div><div id=\"iksm_data_args\" class=\"data-args\"  data-collapse_children_terms='1' data-collapse_other_terms='1' data-collapse_animation_duration='400' data-expand_animation_duration='400'><\/div><\/div><script id=\"styles-copier-69ecf1884d65d\">\n\t\t\t\/\/ Finding styles element\n\t        var element = document.getElementById(\"iksm-dynamic-style\");\n\t        if (!element) { \/\/ If no element (Cache plugins can remove tag), then creating a new one\n                element = document.createElement('style');\n                var head = document.getElementsByTagName(\"head\")\n                if (head && head[0]) {\n                \thead[0].appendChild(element);\n                } else {\n                  \tconsole.warn(\"Iks Menu | Error while printing styles. Please contact technical support.\");\n                }\n\t        }\n\t\t\t\/\/ Copying styles to <styles> tag\n\t        element.innerHTML += \".iksm-695 .iksm-terms{transition:all 400ms;animation:iks-fade-in 1000ms;}.iksm-695 .iksm-term__inner{background-color:rgba(255,255,255,1);min-height:44px;transition:all 400ms;}.iksm-695 .iksm-term__inner:hover{background-color:rgba(236,236,236,1);}.iksm-695 .iksm-term--current > .iksm-term__inner{background-color:rgba(212,212,212,1);}.iksm-695 .iksm-term__link{color:rgba(0,0,0,1);font-size:15px;line-height:15px;font-weight:400;text-decoration:none;padding-top:5px;padding-right:15px;padding-bottom:5px;padding-left:15px;transition:all 400ms;}.iksm-695 .iksm-term__inner:hover .iksm-term__link{color:rgba(50,50,50,1);}.iksm-695 .iksm-term__toggle__inner{transition:transform 400ms}.iksm-695 .iksm-term--expanded > .iksm-term__inner > .iksm-term__toggle > .iksm-term__toggle__inner{transform:rotate(180deg);}.iksm-695 .iksm-term__toggle{color:rgba(133,133,133,1);font-size:22px;align-self:stretch;height:unset;;width:40px;transition:all 400ms;}.iksm-695 .iksm-term__toggle:hover{color:rgba(0,0,0,1);}.iksm-695 .iksm-term__image-container{width:30px;min-width:30px;height:30px;min-height:30px;margin-right:15px;transition:all 400ms;}.iksm-695 .iksm-term__image{background-size:contain;background-position:center;background-repeat:no-repeat;}.iksm-695 .iksm-term__image-container:hover{background-size:contain;background-position:center;background-repeat:no-repeat;}.iksm-695 .iksm-term__inner:hover .iksm-term__image-container{background-size:contain;background-position:center;background-repeat:no-repeat;}.iksm-695 .iksm-term__inner:focus .iksm-term__image-container{background-size:contain;background-position:center;background-repeat:no-repeat;}.iksm-695 .iksm-term--current > .iksm-term__inner .iksm-term__image-container{background-size:contain;background-position:center;background-repeat:no-repeat;}.iksm-695 .iksm-term--child .iksm-term__inner .iksm-term__image-container{background-size:contain;background-position:center;background-repeat:no-repeat;}.iksm-695 .iksm-term--child .iksm-term__inner .iksm-term__image-container:hover{background-size:contain;background-position:center;background-repeat:no-repeat;}.iksm-695 .iksm-term--child .iksm-term__inner .iksm-term__image-container:focus{background-size:contain;background-position:center;background-repeat:no-repeat;}.iksm-695 .iksm-term--child.iksm-term--current > .iksm-term__inner .iksm-term__image-container{background-size:contain;background-position:center;background-repeat:no-repeat;}.iksm-695  .iksm-term__text{flex: unset}.iksm-695 .iksm-term__posts-count{color:rgba(133,133,133,1);font-size:16px;margin-left:12px;font-weight:400;transition:all 400ms;}\";\n\t        \/\/ Removing this script\n            var this_script = document.getElementById(\"styles-copier-69ecf1884d65d\");\n            if (this_script) { \/\/ Cache plugins can remove tag\n\t            this_script.outerHTML = \"\";\n\t            if (this_script.parentNode) {\n\t                this_script.parentNode.removeChild(this_script);\n\t            }\n            }\n        <\/script>\n<\/div>\n\n\n\n<div class=\"wp-block-column\" style=\"flex-basis:40%\">\n<p><strong><a href=\"http:\/\/www.afasi.se\/foreningshandbok\/driva-forening\/sammanfattning-arsmoten\/\">L\u00e4s sammanfattning<\/a><\/strong><\/p>\n\n\n\n<p><strong>P\u00e5 f\u00f6reningarnas \u00e5rsm\u00f6te best\u00e4mmer<br>medlemmarna vad som ska h\u00e4nda i f\u00f6reningen.<\/strong><br>\u00c5rsm\u00f6tet beslutar vad styrelsen ska g\u00f6ra under<br>\u00e5ret. Alla medlemmar f\u00e5r en inbjudan till \u00e5rsm\u00f6tet.<\/p>\n\n\n\n<p><strong>Det st\u00e5r i f\u00f6reningens stadgar vilka fr\u00e5gor som<br>ska tas upp p\u00e5 \u00e5rsm\u00f6tet.<\/strong><br>De h\u00e4r \u00e4r de viktigaste:<br>\u2022 Rapport fr\u00e5n styrelsen om vad som h\u00e4nt under \u00e5ret.<br>\u2022 F\u00f6rslag fr\u00e5n medlemmar. F\u00f6rslagen kallas motioner.<br>\u2022 Planering och budget f\u00f6r n\u00e4sta \u00e5r.<br>\u2022 Val av en ny styrelse.<\/p>\n\n\n\n<p>Det finns regler f\u00f6r hur mycket personerna som<br>kommer till \u00e5rsm\u00f6tet f\u00e5r best\u00e4mma:<\/p>\n\n\n\n<p><strong>Medlemmarna<\/strong> \u2013 har r\u00e4tt att s\u00e4ga vad de tycker om<br>olika f\u00f6rslag och att komma med egna f\u00f6rslag. De har<br>r\u00e4tt att r\u00f6sta p\u00e5 f\u00f6rslagen.<\/p>\n\n\n\n<p><strong>Styrelsen<\/strong> \u2013 f\u00e5r r\u00f6sta om n\u00e4stan allt. Men inte om<br>f\u00f6reningens rapport om vad som h\u00e4nt i verksamheten<br>och ekonomin under f\u00f6rra \u00e5ret. De f\u00e5r inte heller r\u00f6sta<br>p\u00e5 om de tycker att styrelsen gjort ett bra jobb f\u00f6rra<br>\u00e5ret. Den punkten heter ansvarsfrihet.<\/p>\n\n\n\n<p><strong>Revisorer och de som arbetar p\u00e5 f\u00f6reningens kansli<\/strong> \u2013<br>f\u00e5r s\u00e4ga vad de tycker och komma med egna f\u00f6rslag.<br>Men de f\u00e5r inte r\u00f6sta.<\/p>\n\n\n\n<p><strong>Alla andra<\/strong> \u2013 f\u00e5r s\u00e4ga vad de tycker. Men de f\u00e5r inte<br>komma med egna f\u00f6rslag och inte r\u00f6sta.<\/p>\n\n\n\n<p>Lokalf\u00f6reningarna ska ha \u00e5rsm\u00f6te f\u00f6re den 15 mars<br>varje \u00e5r. L\u00e4nsf\u00f6reningarna ska ha \u00e5rsm\u00f6te f\u00f6re den<br>30 april varje \u00e5r. Styrelsen best\u00e4mmer var \u00e5rsm\u00f6tet<br>ska vara n\u00e5gonstans.<\/p>\n\n\n\n<p>F\u00f6re eller efter \u00e5rsm\u00f6tet kan f\u00f6reningen g\u00f6ra n\u00e5got<br>trevligt med medlemmarna. Det kan vara en f\u00f6rel\u00e4sning,<br>middag eller underh\u00e5llning.<\/p>\n\n\n\n<p><strong>F\u00f6reningens verksamhets\u00e5r<\/strong><br>Verksamhets\u00e5ret f\u00f6r l\u00e4ns- eller regionf\u00f6reningarna och<br>lokalf\u00f6reningarna \u00e4r samma som ett vanligt \u00e5r, fr\u00e5n den<br>1 januari till den 31 december.<\/p>\n\n\n\n<p>\u00a9 Afasif\u00f6rbundet i Sverige<\/p>\n<\/div>\n<\/div>\n<\/div><\/div>","protected":false},"excerpt":{"rendered":"<!-- RS_MODULE_CODE_2.4.4 --><div id=\"readspeaker_button81\" class=\"rs_skip rsbtn rs_preserve\"><a class=\"rsbtn_play\" title=\"Lyssna p&aring; sidans text med ReadSpeaker\" accesskey=\"L\" href=\"\/\/app-eu.readspeaker.com\/cgi-bin\/rsent?customerid=7782&amp;lang=sv_se&amp;readid=rspeak_read_81&amp;url=https%3A%2F%2Fwww.afasi.se%2Fforeningshandbok%2Fwp-json%2Fwp%2Fv2%2Fpages%2F81\">\n        <span class=\"rsbtn_left rsimg rspart\"><span class=\"rsbtn_text\"><span>Lyssna<\/span><\/span><\/span>\n        <span class=\"rsbtn_right rsimg rsplay rspart\"><\/span>\n        <\/a><\/div><div id=\"rspeak_read_81\"><div class=\"entry-summary\">\n L\u00e4s sammanfattning P\u00e5 f\u00f6reningarnas \u00e5rsm\u00f6te best\u00e4mmermedlemmarna vad som ska h\u00e4nda i f\u00f6reningen.\u00c5rsm\u00f6tet beslutar vad styrelsen ska g\u00f6ra under\u00e5ret. Alla medlemmar f\u00e5r en inbjudan till \u00e5rsm\u00f6tet. Det st\u00e5r i f\u00f6reningens stadgar vilka fr\u00e5gor somska tas upp p\u00e5 \u00e5rsm\u00f6tet.De h\u00e4r \u00e4r&hellip;\n<\/div>\n<div class=\"link-more-container\"><a href=\"https:\/\/www.afasi.se\/foreningshandbok\/driva-forening\/arsmoten\/\" class=\"link-more\" aria-label=\"Continue reading \u00c5rsm\u00f6ten\">Continue reading&hellip;<\/a><\/div>\n<\/div>","protected":false},"author":4,"featured_media":0,"parent":106,"menu_order":0,"comment_status":"closed","ping_status":"closed","template":"","meta":{"footnotes":""},"class_list":["post-81","page","type-page","status-publish","hentry","entry","entry-type-page"],"_links":{"self":[{"href":"https:\/\/www.afasi.se\/foreningshandbok\/wp-json\/wp\/v2\/pages\/81","targetHints":{"allow":["GET"]}}],"collection":[{"href":"https:\/\/www.afasi.se\/foreningshandbok\/wp-json\/wp\/v2\/pages"}],"about":[{"href":"https:\/\/www.afasi.se\/foreningshandbok\/wp-json\/wp\/v2\/types\/page"}],"author":[{"embeddable":true,"href":"https:\/\/www.afasi.se\/foreningshandbok\/wp-json\/wp\/v2\/users\/4"}],"replies":[{"embeddable":true,"href":"https:\/\/www.afasi.se\/foreningshandbok\/wp-json\/wp\/v2\/comments?post=81"}],"version-history":[{"count":18,"href":"https:\/\/www.afasi.se\/foreningshandbok\/wp-json\/wp\/v2\/pages\/81\/revisions"}],"predecessor-version":[{"id":826,"href":"https:\/\/www.afasi.se\/foreningshandbok\/wp-json\/wp\/v2\/pages\/81\/revisions\/826"}],"up":[{"embeddable":true,"href":"https:\/\/www.afasi.se\/foreningshandbok\/wp-json\/wp\/v2\/pages\/106"}],"wp:attachment":[{"href":"https:\/\/www.afasi.se\/foreningshandbok\/wp-json\/wp\/v2\/media?parent=81"}],"curies":[{"name":"wp","href":"https:\/\/api.w.org\/{rel}","templated":true}]}}