{"id":85,"date":"2018-04-05T10:22:24","date_gmt":"2018-04-05T08:22:24","guid":{"rendered":"http:\/\/www.afasi.se\/foreningshandbok\/?page_id=85"},"modified":"2021-09-10T17:27:56","modified_gmt":"2021-09-10T15:27:56","slug":"bilda-forening","status":"publish","type":"page","link":"https:\/\/www.afasi.se\/foreningshandbok\/bilda-forening\/","title":{"rendered":"Bilda f\u00f6rening"},"content":{"rendered":"<!-- RS_MODULE_CODE_2.4.4 --><div id=\"readspeaker_button85\" class=\"rs_skip rsbtn rs_preserve\"><a class=\"rsbtn_play\" title=\"Lyssna p&aring; sidans text med ReadSpeaker\" accesskey=\"L\" href=\"\/\/app-eu.readspeaker.com\/cgi-bin\/rsent?customerid=7782&amp;lang=sv_se&amp;readid=rspeak_read_85&amp;url=https%3A%2F%2Fwww.afasi.se%2Fforeningshandbok%2Fwp-json%2Fwp%2Fv2%2Fpages%2F85\">\n        <span class=\"rsbtn_left rsimg rspart\"><span class=\"rsbtn_text\"><span>Lyssna<\/span><\/span><\/span>\n        <span class=\"rsbtn_right rsimg rsplay rspart\"><\/span>\n        <\/a><\/div><div id=\"rspeak_read_85\"><div class=\"breadcrumbs align top-page-breadcrumb wp-block-bcn-breadcrumb-trail has-text-color has-background\" vocab=\"https:\/\/schema.org\/\" typeof=\"BreadcrumbList\">\n\t<span><\/span>\n\t<span class=\"breadcrumbs-title\">Du \u00e4r h\u00e4r: <\/span><span property=\"itemListElement\" typeof=\"ListItem\"><a property=\"item\" typeof=\"WebPage\" title=\"G\u00e5 till F\u00f6reningshandboken.\" href=\"https:\/\/www.afasi.se\/foreningshandbok\" class=\"home\" aria-current=\"page\"><span property=\"name\">F\u00f6reningshandboken<\/span><\/a><meta property=\"position\" content=\"1\"><\/span><\/div>\n\n\n<div class=\"alignwide-wrap\" data-block=\"columns\">\n<div class=\"wp-block-columns alignwide\">\n<div class=\"wp-block-column\" style=\"flex-basis:30%\"><div id='iksm-696' class='iksm iksm-696 iksm-container '  data-id='696' data-is-pro='0' data-source='menu'><div class='iksm-terms'><div class='iksm-terms-tree iksm-terms-tree--level-1 iksm-terms-tree--parents' style=''><div class=\"iksm-terms-tree__inner\">\n        <div class=\"iksm-term iksm-term--id-687 iksm-term--parent\" data-id=\"687\">\n            <div class=\"iksm-term__inner\" tabindex='0'>\n                <a class=\"iksm-term__link\" href='https:\/\/www.afasi.se\/foreningshandbok\/bilda-forening\/styrelsens-sammansattning\/' target='_self' tabindex='-1'>\n\t\t\t\t        <span class=\"iksm-term__text\">Styrelsen<\/span>\n\t\t            <\/a>\n\t\t\t        <\/div>\n\t\t        <\/div>\n\n\t\t\n        <div class=\"iksm-term iksm-term--id-688 iksm-term--parent\" data-id=\"688\">\n            <div class=\"iksm-term__inner\" tabindex='0'>\n                <a class=\"iksm-term__link\" href='https:\/\/www.afasi.se\/foreningshandbok\/bilda-forening\/valberedning\/' target='_self' tabindex='-1'>\n\t\t\t\t        <span class=\"iksm-term__text\">Valberedning<\/span>\n\t\t            <\/a>\n\t\t\t        <\/div>\n\t\t        <\/div>\n\n\t\t\n        <div class=\"iksm-term iksm-term--id-685 iksm-term--parent\" data-id=\"685\">\n            <div class=\"iksm-term__inner\" tabindex='0'>\n                <a class=\"iksm-term__link\" href='https:\/\/www.afasi.se\/foreningshandbok\/bilda-forening\/soka-bidrag-for-foreningen\/' target='_self' tabindex='-1'>\n\t\t\t\t        <span class=\"iksm-term__text\">S\u00f6ka bidrag<\/span>\n\t\t            <\/a>\n\t\t\t        <\/div>\n\t\t        <\/div>\n\n\t\t\n        <div class=\"iksm-term iksm-term--id-686 iksm-term--parent\" data-id=\"686\">\n            <div class=\"iksm-term__inner\" tabindex='0'>\n                <a class=\"iksm-term__link\" href='https:\/\/www.afasi.se\/foreningshandbok\/bilda-forening\/stadgar-for-forbund-och-foreningar\/' target='_self' tabindex='-1'>\n\t\t\t\t        <span class=\"iksm-term__text\">Stadgar<\/span>\n\t\t            <\/a>\n\t\t\t        <\/div>\n\t\t        <\/div>\n\n\t\t<\/div><\/div><\/div><div id=\"iksm_data_args\" class=\"data-args\"  data-collapse_children_terms='1' data-collapse_other_terms='1' data-collapse_animation_duration='400' data-expand_animation_duration='400'><\/div><\/div><script id=\"styles-copier-69f3fd012174a\">\n\t\t\t\/\/ Finding styles element\n\t        var element = document.getElementById(\"iksm-dynamic-style\");\n\t        if (!element) { \/\/ If no element (Cache plugins can remove tag), then creating a new one\n                element = document.createElement('style');\n                var head = document.getElementsByTagName(\"head\")\n                if (head && head[0]) {\n                \thead[0].appendChild(element);\n                } else {\n                  \tconsole.warn(\"Iks Menu | Error while printing styles. Please contact technical support.\");\n                }\n\t        }\n\t\t\t\/\/ Copying styles to <styles> tag\n\t        element.innerHTML += \".iksm-696 .iksm-terms{transition:all 400ms;animation:iks-fade-in 1000ms;}.iksm-696 .iksm-term__inner{background-color:rgba(255,255,255,1);min-height:44px;transition:all 400ms;}.iksm-696 .iksm-term__inner:hover{background-color:rgba(236,236,236,1);}.iksm-696 .iksm-term--current > .iksm-term__inner{background-color:rgba(212,212,212,1);}.iksm-696 .iksm-term__link{color:rgba(0,0,0,1);font-size:15px;line-height:15px;font-weight:400;text-decoration:none;padding-top:5px;padding-right:15px;padding-bottom:5px;padding-left:15px;transition:all 400ms;}.iksm-696 .iksm-term__inner:hover .iksm-term__link{color:rgba(50,50,50,1);}.iksm-696 .iksm-term__toggle__inner{transition:transform 400ms}.iksm-696 .iksm-term--expanded > .iksm-term__inner > .iksm-term__toggle > .iksm-term__toggle__inner{transform:rotate(180deg);}.iksm-696 .iksm-term__toggle{color:rgba(133,133,133,1);font-size:22px;align-self:stretch;height:unset;;width:40px;transition:all 400ms;}.iksm-696 .iksm-term__toggle:hover{color:rgba(0,0,0,1);}.iksm-696 .iksm-term__image-container{width:30px;min-width:30px;height:30px;min-height:30px;margin-right:15px;transition:all 400ms;}.iksm-696 .iksm-term__image{background-size:contain;background-position:center;background-repeat:no-repeat;}.iksm-696 .iksm-term__image-container:hover{background-size:contain;background-position:center;background-repeat:no-repeat;}.iksm-696 .iksm-term__inner:hover .iksm-term__image-container{background-size:contain;background-position:center;background-repeat:no-repeat;}.iksm-696 .iksm-term__inner:focus .iksm-term__image-container{background-size:contain;background-position:center;background-repeat:no-repeat;}.iksm-696 .iksm-term--current > .iksm-term__inner .iksm-term__image-container{background-size:contain;background-position:center;background-repeat:no-repeat;}.iksm-696 .iksm-term--child .iksm-term__inner .iksm-term__image-container{background-size:contain;background-position:center;background-repeat:no-repeat;}.iksm-696 .iksm-term--child .iksm-term__inner .iksm-term__image-container:hover{background-size:contain;background-position:center;background-repeat:no-repeat;}.iksm-696 .iksm-term--child .iksm-term__inner .iksm-term__image-container:focus{background-size:contain;background-position:center;background-repeat:no-repeat;}.iksm-696 .iksm-term--child.iksm-term--current > .iksm-term__inner .iksm-term__image-container{background-size:contain;background-position:center;background-repeat:no-repeat;}.iksm-696  .iksm-term__text{flex: unset}.iksm-696 .iksm-term__posts-count{color:rgba(133,133,133,1);font-size:16px;margin-left:12px;font-weight:400;transition:all 400ms;}\";\n\t        \/\/ Removing this script\n            var this_script = document.getElementById(\"styles-copier-69f3fd012174a\");\n            if (this_script) { \/\/ Cache plugins can remove tag\n\t            this_script.outerHTML = \"\";\n\t            if (this_script.parentNode) {\n\t                this_script.parentNode.removeChild(this_script);\n\t            }\n            }\n        <\/script>\n<\/div>\n\n\n\n<div class=\"wp-block-column\" style=\"flex-basis:40%\">\n<p><a href=\"http:\/\/www.afasi.se\/foreningshandbok\/driva-forening\/sammanfattning-bilda-forening\/\"><strong>L\u00e4s sammanfattning<\/strong><\/a><\/p>\n\n\n\n<p><strong>F\u00f6rsta steget f\u00f6r att starta en f\u00f6rening \u00e4r att ha<br>ett m\u00f6te f\u00f6r alla som \u00e4r intresserade.<\/strong> Om de s\u00e4ger<br>ja s\u00e5 \u00e4r n\u00e4sta steg att bilda en interimsstyrelse. Det \u00e4r<br>en tillf\u00e4llig styrelse som finns fram till att den nya<br>f\u00f6reningen har sitt f\u00f6rsta \u00e5rsm\u00f6te eller f\u00f6rsta<br>medlemsm\u00f6te.<\/p>\n\n\n\n<p><strong>En f\u00f6rening ska vara \u00f6ppen f\u00f6r alla m\u00e4nniskor.<\/strong><br>F\u00f6reningen st\u00f6djer inte n\u00e5got enskilt parti eller<br>n\u00e5gon religion. Personer som \u00e4r intresserade av vad<br>f\u00f6reningen g\u00f6r kan bli medlemmar. De \u00e4r med p\u00e5<br>aktiviteter och p\u00e5verkar vad f\u00f6reningen ska arbeta<br>med. Arbetet i f\u00f6reningen riktar in sig p\u00e5 aktiviteter<br>och fr\u00e5gor som \u00e4r viktiga f\u00f6r medlemmarna oavsett<br>parti eller religion. Den som \u00e4r engagerad b\u00e5de i<br>Afasif\u00f6rbundet och ett parti f\u00e5r inte driva partipolitik<br>inom Afasif\u00f6rbundet.<\/p>\n\n\n\n<p>N\u00e4r den nya f\u00f6reningen har \u00e5rsm\u00f6te eller medlemsm\u00f6te<br>s\u00e5 v\u00e4ljer medlemmarna vilka som ska sitta i styrelsen<br>och vem som ska vara ordf\u00f6rande. Medlemmarna<br>best\u00e4mmer ocks\u00e5 vilka regler som f\u00f6reningen ska ha.<br>Reglerna kallas stadgar. Afasif\u00f6rbundet har ett f\u00f6rslag<br>p\u00e5 vad som ska st\u00e5 i stadgarna s\u00e5 det beh\u00f6ver<br>medlemmarna inte komma p\u00e5 sj\u00e4lva. Det kallas f\u00f6rslag<br>till normalstadgar.<\/p>\n\n\n\n<h3 class=\"wp-block-heading\"><strong>F\u00f6reningens styrelse<\/strong><\/h3>\n\n\n\n<p><strong>Styrelsen v\u00e4ljs p\u00e5 f\u00f6reningens \u00e5rsm\u00f6te.<\/strong> Det h\u00e4r g\u00f6r<br>styrelsen:<br>\u2022 Arbetar med att g\u00f6ra det som medlemmarna har<br>best\u00e4mt p\u00e5 \u00e5rsm\u00f6tet.<\/p>\n\n\n\n<p>\u2022 Best\u00e4mmer i f\u00f6reningen mellan \u00e5rsm\u00f6tena.<\/p>\n\n\n\n<p>\u2022 Ger f\u00f6rslag p\u00e5 vilka fr\u00e5gor som vara med p\u00e5 \u00e5rsm\u00f6tet<br>eller medlemsm\u00f6tet. Ger f\u00f6rslag p\u00e5 vilket beslut<br>medlemmarna ska ta i de olika fr\u00e5gorna.<\/p>\n\n\n\n<p>\u2022 Har ansvar f\u00f6r administrationen, att alla papper<br>sk\u00f6ts som de ska.<\/p>\n\n\n\n<p>I lokalf\u00f6reningens styrelse ska det vara en ordf\u00f6rande<br>och minst tv\u00e5 ledam\u00f6ter. I l\u00e4ns- eller regionf\u00f6reningens<br>styrelse ska det vara en ordf\u00f6rande och minst fyra<br>ledam\u00f6ter.<\/p>\n\n\n\n<p>Det \u00e4r viktigt att ha roligt i en styrelse. Styrelsen ska<br>g\u00f6ra det som medlemmarna har best\u00e4mt p\u00e5 \u00e5rsm\u00f6tet.<br>Men styrelsen m\u00e5ste ofta komma p\u00e5 hur det ska g\u00f6ras.<br>Om styrelsem\u00f6tena \u00e4r trevliga och ledam\u00f6terna kan<br>arbeta tillsammans s\u00e5 blir det b\u00e4ttre aktiviteter f\u00f6r<br>medlemmarna.<\/p>\n\n\n\n<h3 class=\"wp-block-heading\"><strong>F\u00f6reningen \u00e4r en juridisk person<\/strong><\/h3>\n\n\n\n<p><strong>En f\u00f6rening \u00e4r en s\u00e5 kallad juridisk person.<\/strong> Det<br>betyder att f\u00f6reningen sj\u00e4lv tar ansvar f\u00f6r allt den<br>\u00e4ger och f\u00f6r f\u00f6reningens skulder. Det betyder ocks\u00e5<br>att f\u00f6reningen kan skriva under avtal och f\u00f6ra sin<br>talan inf\u00f6r domstol eller myndighet.<\/p>\n\n\n\n<p>Medlemmarna beh\u00f6ver inte betala om f\u00f6reningen har<br>skulder eller om n\u00e5got annat h\u00e4nder. Det \u00e4r f\u00f6reningen<br>som juridisk person som har det ansvaret.<\/p>\n\n\n\n<p>Om f\u00f6reningen har startats av minst tre personer, har<br>stadgar och en vald styrelse s\u00e5 r\u00e4knas f\u00f6reningen som<br>juridisk person. F\u00f6reningen beh\u00f6ver inte vara registrerad<br>hos n\u00e5gon myndighet f\u00f6r att vara juridisk person.<\/p>\n\n\n\n<h3 class=\"wp-block-heading\"><strong>Konstituerande m\u00f6te och<br>firmatecknare<\/strong><\/h3>\n\n\n\n<p><strong>Efter \u00e5rsm\u00f6tet har styrelsen ett f\u00f6rsta m\u00f6te som<br>kallas konstituerande m\u00f6te.<\/strong> D\u00e5 best\u00e4mmer styrelsen<br>vilka arbetsuppgifter personerna i styrelsen ska ha.<br>Vem som ska vara kass\u00f6r och sekreterare till exempel.<br>Ordf\u00f6rande i styrelsen har medlemmarna p\u00e5 \u00e5rsm\u00f6tet<br>redan best\u00e4mt.<\/p>\n\n\n\n<p>P\u00e5 det konstituerande m\u00f6tet v\u00e4ljs ofta vilka personer<br>som ska vara firmatecknare i f\u00f6reningen. De f\u00e5r skriva<br>under papper och avtal i f\u00f6reningens namn, till banker<br>och myndigheter bland annat.<\/p>\n\n\n\n<p>Om styrelsen inte v\u00e4ljer vilka som ska vara firmatecknare<br>s\u00e5 ska alla personer i styrelsen skriva under alla papper.<\/p>\n\n\n\n<p>Firman kan tecknas tillsammans eller var f\u00f6r sig.<\/p>\n\n\n\n<p><strong>Tillsammans<\/strong> betyder att tv\u00e5 personer som \u00e4r<br>firmatecknare alltid ska skriva p\u00e5 alla papper<br>tillsammans.<\/p>\n\n\n\n<p><strong>Var f\u00f6r sig<\/strong> betyder att en av de tv\u00e5 firmatecknarna kan<br>skriva p\u00e5 sj\u00e4lva, utan att den andre \u00e4r med. Att v\u00e4lja tv\u00e5<br>\u201dtillsammans\u201d kan k\u00e4nnas lugnare och tryggare.<\/p>\n\n\n\n<p>Det \u00e4r viktigt att det finns ett protokoll fr\u00e5n det<br>konstituerande m\u00f6tet. Det h\u00e4r ska st\u00e5 i det protokollet:<br>\u2022 Vilka beslut som styrelsen har tagit.<br>\u2022 Vilka som \u00e4r med i styrelsen.<br>\u2022 Vilka som \u00e4r firmatecknare.<br>\u2022 Firmatecknarnas personnummer.<\/p>\n\n\n\n<p>Protokollet ska vara underskrivet av ordf\u00f6rande,<br>sekreterare och en justerare. Justeraren kontrollerar<br>att det som best\u00e4mdes p\u00e5 m\u00f6tet st\u00e5r i protokollet.<\/p>\n\n\n\n<h3 class=\"wp-block-heading\"><strong>Bankkonto och bankgiro<\/strong><\/h3>\n\n\n\n<p>F\u00f6reningen beh\u00f6ver ha ett bankkonto och ett bankgiro.<br>P\u00e5 bankkontot har f\u00f6reningen sina pengar. Bankgirot<br>anv\u00e4nds n\u00e4r f\u00f6reningen betalar ut eller f\u00e5r in pengar,<br>till exempel medlemsavgifter.<\/p>\n\n\n\n<p>N\u00e4r f\u00f6reningen skaffar bankgiro vill banken se<br>protokollet fr\u00e5n det konstituerande m\u00f6tet.<\/p>\n\n\n\n<h3 class=\"wp-block-heading\"><strong>Organisationsnummer<\/strong><\/h3>\n\n\n\n<p>Den nya f\u00f6reningen kan ans\u00f6ka om att f\u00e5 ett<br>organisationsnummer. Det \u00e4r inget krav men det \u00e4r<br>bra att ha n\u00e4r f\u00f6reningen hyr lokal eller ans\u00f6ker om<br>bidrag. Banker och myndigheter vill g\u00e4rna se det<br>numret. Organisationsnummer g\u00f6r ocks\u00e5 att andra f\u00e5r<br>reda p\u00e5 att f\u00f6reningen finns.<\/p>\n\n\n\n<p>Ans\u00f6k om organisationsnummer p\u00e5 Skatteverkets<br>webbplats www.skatteverket.se.<\/p>\n\n\n\n<p>\u00a9 Afasif\u00f6rbundet i Sverige<\/p>\n<\/div>\n<\/div>\n<\/div><\/div>","protected":false},"excerpt":{"rendered":"<!-- RS_MODULE_CODE_2.4.4 --><div id=\"readspeaker_button85\" class=\"rs_skip rsbtn rs_preserve\"><a class=\"rsbtn_play\" title=\"Lyssna p&aring; sidans text med ReadSpeaker\" accesskey=\"L\" href=\"\/\/app-eu.readspeaker.com\/cgi-bin\/rsent?customerid=7782&amp;lang=sv_se&amp;readid=rspeak_read_85&amp;url=https%3A%2F%2Fwww.afasi.se%2Fforeningshandbok%2Fwp-json%2Fwp%2Fv2%2Fpages%2F85\">\n        <span class=\"rsbtn_left rsimg rspart\"><span class=\"rsbtn_text\"><span>Lyssna<\/span><\/span><\/span>\n        <span class=\"rsbtn_right rsimg rsplay rspart\"><\/span>\n        <\/a><\/div><div id=\"rspeak_read_85\"><div class=\"entry-summary\">\n L\u00e4s sammanfattning F\u00f6rsta steget f\u00f6r att starta en f\u00f6rening \u00e4r att haett m\u00f6te f\u00f6r alla som \u00e4r intresserade. Om de s\u00e4gerja s\u00e5 \u00e4r n\u00e4sta steg att bilda en interimsstyrelse. Det \u00e4ren tillf\u00e4llig styrelse som finns fram till att den&hellip;\n<\/div>\n<div class=\"link-more-container\"><a href=\"https:\/\/www.afasi.se\/foreningshandbok\/bilda-forening\/\" class=\"link-more\" aria-label=\"Continue reading Bilda f\u00f6rening\">Continue reading&hellip;<\/a><\/div>\n<\/div>","protected":false},"author":4,"featured_media":0,"parent":0,"menu_order":0,"comment_status":"closed","ping_status":"closed","template":"","meta":{"footnotes":""},"class_list":["post-85","page","type-page","status-publish","hentry","entry","entry-type-page"],"_links":{"self":[{"href":"https:\/\/www.afasi.se\/foreningshandbok\/wp-json\/wp\/v2\/pages\/85","targetHints":{"allow":["GET"]}}],"collection":[{"href":"https:\/\/www.afasi.se\/foreningshandbok\/wp-json\/wp\/v2\/pages"}],"about":[{"href":"https:\/\/www.afasi.se\/foreningshandbok\/wp-json\/wp\/v2\/types\/page"}],"author":[{"embeddable":true,"href":"https:\/\/www.afasi.se\/foreningshandbok\/wp-json\/wp\/v2\/users\/4"}],"replies":[{"embeddable":true,"href":"https:\/\/www.afasi.se\/foreningshandbok\/wp-json\/wp\/v2\/comments?post=85"}],"version-history":[{"count":26,"href":"https:\/\/www.afasi.se\/foreningshandbok\/wp-json\/wp\/v2\/pages\/85\/revisions"}],"predecessor-version":[{"id":797,"href":"https:\/\/www.afasi.se\/foreningshandbok\/wp-json\/wp\/v2\/pages\/85\/revisions\/797"}],"wp:attachment":[{"href":"https:\/\/www.afasi.se\/foreningshandbok\/wp-json\/wp\/v2\/media?parent=85"}],"curies":[{"name":"wp","href":"https:\/\/api.w.org\/{rel}","templated":true}]}}