{"id":89,"date":"2018-04-05T10:23:05","date_gmt":"2018-04-05T08:23:05","guid":{"rendered":"http:\/\/www.afasi.se\/foreningshandbok\/?page_id=89"},"modified":"2021-09-13T11:44:31","modified_gmt":"2021-09-13T09:44:31","slug":"skapa-delaktighet","status":"publish","type":"page","link":"https:\/\/www.afasi.se\/foreningshandbok\/driva-forening\/skapa-delaktighet\/","title":{"rendered":"Skapa delaktighet"},"content":{"rendered":"<!-- RS_MODULE_CODE_2.4.4 --><div id=\"readspeaker_button89\" class=\"rs_skip rsbtn rs_preserve\"><a class=\"rsbtn_play\" title=\"Lyssna p&aring; sidans text med ReadSpeaker\" accesskey=\"L\" href=\"\/\/app-eu.readspeaker.com\/cgi-bin\/rsent?customerid=7782&amp;lang=sv_se&amp;readid=rspeak_read_89&amp;url=https%3A%2F%2Fwww.afasi.se%2Fforeningshandbok%2Fwp-json%2Fwp%2Fv2%2Fpages%2F89\">\n        <span class=\"rsbtn_left rsimg rspart\"><span class=\"rsbtn_text\"><span>Lyssna<\/span><\/span><\/span>\n        <span class=\"rsbtn_right rsimg rsplay rspart\"><\/span>\n        <\/a><\/div><div id=\"rspeak_read_89\"><div class=\"breadcrumbs align top-page-breadcrumb wp-block-bcn-breadcrumb-trail has-text-color has-background\" vocab=\"https:\/\/schema.org\/\" typeof=\"BreadcrumbList\">\n\t<span><\/span>\n\t<span class=\"breadcrumbs-title\">Du \u00e4r h\u00e4r: <\/span><span property=\"itemListElement\" typeof=\"ListItem\"><a property=\"item\" typeof=\"WebPage\" title=\"G\u00e5 till F\u00f6reningshandboken.\" href=\"https:\/\/www.afasi.se\/foreningshandbok\" class=\"home\" aria-current=\"page\"><span property=\"name\">F\u00f6reningshandboken<\/span><\/a><meta property=\"position\" content=\"1\"><\/span><\/div>\n\n\n<div class=\"alignwide-wrap\" data-block=\"columns\">\n<div class=\"wp-block-columns alignwide\">\n<div class=\"wp-block-column\" style=\"flex-basis:30%\"><div id='iksm-695' class='iksm iksm-695 iksm-container '  data-id='695' data-is-pro='0' data-source='menu'><div class='iksm-terms'><div class='iksm-terms-tree iksm-terms-tree--level-1 iksm-terms-tree--parents' style=''><div class=\"iksm-terms-tree__inner\">\n        <div class=\"iksm-term iksm-term--id-677 iksm-term--parent\" data-id=\"677\">\n            <div class=\"iksm-term__inner\" tabindex='0'>\n                <a class=\"iksm-term__link\" href='https:\/\/www.afasi.se\/foreningshandbok\/driva-forening\/arsmoten\/' target='_self' tabindex='-1'>\n\t\t\t\t        <span class=\"iksm-term__text\">\u00c5rsm\u00f6ten<\/span>\n\t\t            <\/a>\n\t\t\t        <\/div>\n\t\t        <\/div>\n\n\t\t\n        <div class=\"iksm-term iksm-term--id-678 iksm-term--parent\" data-id=\"678\">\n            <div class=\"iksm-term__inner\" tabindex='0'>\n                <a class=\"iksm-term__link\" href='https:\/\/www.afasi.se\/foreningshandbok\/driva-forening\/arssammanstallning\/' target='_self' tabindex='-1'>\n\t\t\t\t        <span class=\"iksm-term__text\">\u00c5rssammanst\u00e4llning<\/span>\n\t\t            <\/a>\n\t\t\t        <\/div>\n\t\t        <\/div>\n\n\t\t\n        <div class=\"iksm-term iksm-term--id-679 iksm-term--parent\" data-id=\"679\">\n            <div class=\"iksm-term__inner\" tabindex='0'>\n                <a class=\"iksm-term__link\" href='https:\/\/www.afasi.se\/foreningshandbok\/driva-forening\/avsluta-forening\/' target='_self' tabindex='-1'>\n\t\t\t\t        <span class=\"iksm-term__text\">Avsluta f\u00f6rening<\/span>\n\t\t            <\/a>\n\t\t\t        <\/div>\n\t\t        <\/div>\n\n\t\t\n        <div class=\"iksm-term iksm-term--id-683 iksm-term--parent\" data-id=\"683\">\n            <div class=\"iksm-term__inner\" tabindex='0'>\n                <a class=\"iksm-term__link\" href='https:\/\/www.afasi.se\/foreningshandbok\/driva-forening\/skapa-delaktighet\/' target='_self' tabindex='-1'>\n\t\t\t\t        <span class=\"iksm-term__text\">Skapa delaktighet<\/span>\n\t\t            <\/a>\n\t\t\t        <\/div>\n\t\t        <\/div>\n\n\t\t\n        <div class=\"iksm-term iksm-term--id-680 iksm-term--parent\" data-id=\"680\">\n            <div class=\"iksm-term__inner\" tabindex='0'>\n                <a class=\"iksm-term__link\" href='https:\/\/www.afasi.se\/foreningshandbok\/driva-forening\/fa-fler-medlemmar-och-behalla-de-som-finns\/' target='_self' tabindex='-1'>\n\t\t\t\t        <span class=\"iksm-term__text\">F\u00e5 fler medlemmar<\/span>\n\t\t            <\/a>\n\t\t\t        <\/div>\n\t\t        <\/div>\n\n\t\t\n        <div class=\"iksm-term iksm-term--id-682 iksm-term--parent\" data-id=\"682\">\n            <div class=\"iksm-term__inner\" tabindex='0'>\n                <a class=\"iksm-term__link\" href='https:\/\/www.afasi.se\/foreningshandbok\/driva-forening\/paverkan\/' target='_self' tabindex='-1'>\n\t\t\t\t        <span class=\"iksm-term__text\">P\u00e5verkan<\/span>\n\t\t            <\/a>\n\t\t\t        <\/div>\n\t\t        <\/div>\n\n\t\t\n        <div class=\"iksm-term iksm-term--id-676 iksm-term--parent\" data-id=\"676\">\n            <div class=\"iksm-term__inner\" tabindex='0'>\n                <a class=\"iksm-term__link\" href='https:\/\/www.afasi.se\/foreningshandbok\/driva-forening\/aktiviteter-for-medlemmar\/' target='_self' tabindex='-1'>\n\t\t\t\t        <span class=\"iksm-term__text\">Aktiviteter<\/span>\n\t\t            <\/a>\n\t\t\t        <\/div>\n\t\t        <\/div>\n\n\t\t\n        <div class=\"iksm-term iksm-term--id-675 iksm-term--parent\" data-id=\"675\">\n            <div class=\"iksm-term__inner\" tabindex='0'>\n                <a class=\"iksm-term__link\" href='https:\/\/www.afasi.se\/foreningshandbok\/driva-forening\/afasidagen\/' target='_self' tabindex='-1'>\n\t\t\t\t        <span class=\"iksm-term__text\">Afasidagen<\/span>\n\t\t            <\/a>\n\t\t\t        <\/div>\n\t\t        <\/div>\n\n\t\t\n        <div class=\"iksm-term iksm-term--id-681 iksm-term--parent\" data-id=\"681\">\n            <div class=\"iksm-term__inner\" tabindex='0'>\n                <a class=\"iksm-term__link\" href='https:\/\/www.afasi.se\/foreningshandbok\/driva-forening\/motesplats-afasi\/' target='_self' tabindex='-1'>\n\t\t\t\t        <span class=\"iksm-term__text\">M\u00f6tesplats Afasi<\/span>\n\t\t            <\/a>\n\t\t\t        <\/div>\n\t\t        <\/div>\n\n\t\t\n        <div class=\"iksm-term iksm-term--id-684 iksm-term--parent\" data-id=\"684\">\n            <div class=\"iksm-term__inner\" tabindex='0'>\n                <a class=\"iksm-term__link\" href='https:\/\/www.afasi.se\/foreningshandbok\/driva-forening\/talknuten\/' target='_self' tabindex='-1'>\n\t\t\t\t        <span class=\"iksm-term__text\">Talknuten<\/span>\n\t\t            <\/a>\n\t\t\t        <\/div>\n\t\t        <\/div>\n\n\t\t<\/div><\/div><\/div><div id=\"iksm_data_args\" class=\"data-args\"  data-collapse_children_terms='1' data-collapse_other_terms='1' data-collapse_animation_duration='400' data-expand_animation_duration='400'><\/div><\/div><script id=\"styles-copier-69ecf153a0c30\">\n\t\t\t\/\/ Finding styles element\n\t        var element = document.getElementById(\"iksm-dynamic-style\");\n\t        if (!element) { \/\/ If no element (Cache plugins can remove tag), then creating a new one\n                element = document.createElement('style');\n                var head = document.getElementsByTagName(\"head\")\n                if (head && head[0]) {\n                \thead[0].appendChild(element);\n                } else {\n                  \tconsole.warn(\"Iks Menu | Error while printing styles. Please contact technical support.\");\n                }\n\t        }\n\t\t\t\/\/ Copying styles to <styles> tag\n\t        element.innerHTML += \".iksm-695 .iksm-terms{transition:all 400ms;animation:iks-fade-in 1000ms;}.iksm-695 .iksm-term__inner{background-color:rgba(255,255,255,1);min-height:44px;transition:all 400ms;}.iksm-695 .iksm-term__inner:hover{background-color:rgba(236,236,236,1);}.iksm-695 .iksm-term--current > .iksm-term__inner{background-color:rgba(212,212,212,1);}.iksm-695 .iksm-term__link{color:rgba(0,0,0,1);font-size:15px;line-height:15px;font-weight:400;text-decoration:none;padding-top:5px;padding-right:15px;padding-bottom:5px;padding-left:15px;transition:all 400ms;}.iksm-695 .iksm-term__inner:hover .iksm-term__link{color:rgba(50,50,50,1);}.iksm-695 .iksm-term__toggle__inner{transition:transform 400ms}.iksm-695 .iksm-term--expanded > .iksm-term__inner > .iksm-term__toggle > .iksm-term__toggle__inner{transform:rotate(180deg);}.iksm-695 .iksm-term__toggle{color:rgba(133,133,133,1);font-size:22px;align-self:stretch;height:unset;;width:40px;transition:all 400ms;}.iksm-695 .iksm-term__toggle:hover{color:rgba(0,0,0,1);}.iksm-695 .iksm-term__image-container{width:30px;min-width:30px;height:30px;min-height:30px;margin-right:15px;transition:all 400ms;}.iksm-695 .iksm-term__image{background-size:contain;background-position:center;background-repeat:no-repeat;}.iksm-695 .iksm-term__image-container:hover{background-size:contain;background-position:center;background-repeat:no-repeat;}.iksm-695 .iksm-term__inner:hover .iksm-term__image-container{background-size:contain;background-position:center;background-repeat:no-repeat;}.iksm-695 .iksm-term__inner:focus .iksm-term__image-container{background-size:contain;background-position:center;background-repeat:no-repeat;}.iksm-695 .iksm-term--current > .iksm-term__inner .iksm-term__image-container{background-size:contain;background-position:center;background-repeat:no-repeat;}.iksm-695 .iksm-term--child .iksm-term__inner .iksm-term__image-container{background-size:contain;background-position:center;background-repeat:no-repeat;}.iksm-695 .iksm-term--child .iksm-term__inner .iksm-term__image-container:hover{background-size:contain;background-position:center;background-repeat:no-repeat;}.iksm-695 .iksm-term--child .iksm-term__inner .iksm-term__image-container:focus{background-size:contain;background-position:center;background-repeat:no-repeat;}.iksm-695 .iksm-term--child.iksm-term--current > .iksm-term__inner .iksm-term__image-container{background-size:contain;background-position:center;background-repeat:no-repeat;}.iksm-695  .iksm-term__text{flex: unset}.iksm-695 .iksm-term__posts-count{color:rgba(133,133,133,1);font-size:16px;margin-left:12px;font-weight:400;transition:all 400ms;}\";\n\t        \/\/ Removing this script\n            var this_script = document.getElementById(\"styles-copier-69ecf153a0c30\");\n            if (this_script) { \/\/ Cache plugins can remove tag\n\t            this_script.outerHTML = \"\";\n\t            if (this_script.parentNode) {\n\t                this_script.parentNode.removeChild(this_script);\n\t            }\n            }\n        <\/script>\n<\/div>\n\n\n\n<div class=\"wp-block-column\" style=\"flex-basis:40%\">\n<p><a href=\"http:\/\/www.afasi.se\/foreningshandbok\/driva-forening\/sammanfattning-skapa-delaktighet\/\">L\u00e4s sammanfattning<\/a><\/p>\n\n\n\n<p><strong>Alla medlemmar ska kunna vara delaktiga i<br>det som f\u00f6reningen g\u00f6r.<\/strong><\/p>\n\n\n\n<p>F\u00f6reningarna beh\u00f6ver t\u00e4nka p\u00e5 vad medlemmarna<br>beh\u00f6ver f\u00f6r att kunna vara med p\u00e5 sina villkor. Det<br>\u00e4r att visa respekt f\u00f6r varandra och att ta h\u00e4nsyn till<br>varandra. Det g\u00f6r ocks\u00e5 medlemmarna intresserade<br>av att vara med och forts\u00e4tta vara kvar i f\u00f6reningen.<\/p>\n\n\n\n<h3 class=\"wp-block-heading\"><strong>Skapa tillg\u00e4ngliga m\u00f6ten<\/strong><\/h3>\n\n\n\n<p>Om m\u00f6ten och aktiviteter \u00e4r tillg\u00e4ngliga s\u00e5 kan<br>medlemmarna vara delaktiga. Det \u00e4r extra viktigt att<br>t\u00e4nka p\u00e5 n\u00e4r det finns personer med afasi eller<br>spr\u00e5kst\u00f6rning i f\u00f6reningen. H\u00e4r \u00e4r n\u00e5gra tips \u2013<br>speciellt till dig som \u00e4r ordf\u00f6rande och h\u00e5ller i olika<br>slags m\u00f6ten.<\/p>\n\n\n\n<p><strong>Ge tid<\/strong><br>M\u00e5nga medlemmar kan beh\u00f6va mer tid f\u00f6r att uttrycka<br>sig och visa vad de vill s\u00e4ga eller g\u00f6ra. Se till att varje<br>medlem f\u00e5r utrymme och tid att f\u00f6ra fram sina tankar<br>och id\u00e9er.<\/p>\n\n\n\n<p><strong>L\u00e5t alla komma till tals<\/strong><br>Anv\u00e4nd en \u201dtalarpinne\u201d vid m\u00f6ten, till exempel<br>styrelsem\u00f6ten. En \u201dtalarpinne\u201d g\u00f6r att alla f\u00e5r prata<br>utan att bli avbrutna.<\/p>\n\n\n\n<p>Den som h\u00e5ller i \u201dtalarpinnen\u201d pratar och de andra<br>f\u00e5r inte avbryta. N\u00e4r personen \u00e4r klar s\u00e5 ger hen<br>\u201dtalarpinnen\u201d till n\u00e5gon annan. Alla ska h\u00e5lla i<br>\u201dtalarpinnen\u201d n\u00e5gon g\u00e5ng under m\u00f6tet. Ordf\u00f6raren<br>best\u00e4mmer i vilken ordning personerna ska prata.<\/p>\n\n\n\n<p><strong>Ta pauser<\/strong><br>Ta pauser under m\u00f6ten och f\u00f6rel\u00e4sningar. Det \u00e4r<br>m\u00e5nga som snabbt kan bli tr\u00f6tta. Efter 40 till 45<br>minuter \u00e4r det dags att ta en paus p\u00e5 fem till tio<br>minuter f\u00f6r att sedan forts\u00e4tta igen. Anv\u00e4nd ett<br>tidshj\u00e4lpmedel, till exempel \u201dtimstocken\u201d eller<br>\u201dtime timer\u201d, f\u00f6r att veta hur l\u00e5ng tid som har g\u00e5tt<br>och n\u00e4r det \u00e4r paus.<\/p>\n\n\n\n<p><strong>H\u00e5lla sig till \u00e4mnet<\/strong><br>Prata om det ni har best\u00e4mt att ni ska prata om.<br>Ha en plan f\u00f6r vad m\u00f6tet ska handla om. Det \u00e4r<br>sv\u00e5rt att h\u00e4nga med om n\u00e5gra b\u00f6rjar prata om<br>n\u00e5got annat. M\u00e5nga blir tr\u00f6tta och kanske inte<br>orkar vara med p\u00e5 hela m\u00f6tet.<\/p>\n\n\n\n<p><strong>F\u00f6rberedda dagordningar<\/strong><br>Skriv vad ni ska prata om vid varje punkt p\u00e5<br>dagordningen. D\u00e5 kan de som kommer p\u00e5 m\u00f6tet<br>f\u00f6rbereda sig p\u00e5 vad de vill s\u00e4ga. Texten \u00e4r ocks\u00e5<br>bra att ha n\u00e4r ni ska skriva protokoll.<\/p>\n\n\n\n<p><strong>G\u00f6ra sammanfattningar<\/strong><br>G\u00f6r <strong>muntliga<\/strong> sammanfattningar av vad ni har<br>best\u00e4mt p\u00e5 varje punkt p\u00e5 dagordningen. Om alla<br>\u00e4r \u00f6verens om vad ni best\u00e4mt s\u00e5 beh\u00f6ver det inte<br>bli n\u00e5gra missf\u00f6rst\u00e5nd efter\u00e5t.<\/p>\n\n\n\n<p>G\u00f6r <strong>skriftliga<\/strong> sammanfattningar om det \u00e4r l\u00e5nga<br>texter p\u00e5 m\u00f6tet. Skriv n\u00e5gra punkter om inneh\u00e5llet<br>i texten. Det \u00e4r bra f\u00f6r personer som har sv\u00e5rt att l\u00e4sa.<\/p>\n\n\n\n<p><strong>Se till att alla \u00e4r med<\/strong><br>Vet alla p\u00e5 m\u00f6tet vad ni pratar? Ett bra s\u00e4tt \u00e4r att<br>st\u00e4lla fr\u00e5gor s\u00e5 att deltagarna f\u00e5r ber\u00e4tta. Det g\u00f6r<br>ocks\u00e5 att personerna p\u00e5 m\u00f6tet k\u00e4nner sig sedda<br>och delaktiga.<\/p>\n\n\n\n<p><strong>H\u00e5lla tider<\/strong><br>H\u00e5ll tiderna p\u00e5 m\u00f6tet. B\u00f6rja och sluta m\u00f6tet den<br>tid som \u00e4r best\u00e4mt. Om m\u00f6tena ofta eller alltid<br>blir l\u00e4ngre \u00e4n vad ni best\u00e4mt vill deltagarna<br>kanske inte komma p\u00e5 n\u00e4sta m\u00f6te eller forts\u00e4tta<br>vara medlem i f\u00f6reningen.<\/p>\n\n\n\n<p><strong>Variera tider f\u00f6r m\u00f6ten och aktiviteter<\/strong><br>Ha m\u00f6ten eller aktiviteter i f\u00f6reningen p\u00e5 olika<br>tider s\u00e5 att alla medlemmar kan komma n\u00e5gon g\u00e5ng.<br>\u00c4ldre personer kan ha l\u00e4ttare att tr\u00e4ffas p\u00e5 dagarna.<br>De som arbetar kan ha l\u00e4ttare att tr\u00e4ffas p\u00e5 kv\u00e4llen<br>eller helgen.<\/p>\n\n\n\n<p>\u00a9 Afasif\u00f6rbundet i Sverige<\/p>\n<\/div>\n<\/div>\n<\/div>\n\n\n<p><\/p>\n<\/div>","protected":false},"excerpt":{"rendered":"<!-- RS_MODULE_CODE_2.4.4 --><div id=\"readspeaker_button89\" class=\"rs_skip rsbtn rs_preserve\"><a class=\"rsbtn_play\" title=\"Lyssna p&aring; sidans text med ReadSpeaker\" accesskey=\"L\" href=\"\/\/app-eu.readspeaker.com\/cgi-bin\/rsent?customerid=7782&amp;lang=sv_se&amp;readid=rspeak_read_89&amp;url=https%3A%2F%2Fwww.afasi.se%2Fforeningshandbok%2Fwp-json%2Fwp%2Fv2%2Fpages%2F89\">\n        <span class=\"rsbtn_left rsimg rspart\"><span class=\"rsbtn_text\"><span>Lyssna<\/span><\/span><\/span>\n        <span class=\"rsbtn_right rsimg rsplay rspart\"><\/span>\n        <\/a><\/div><div id=\"rspeak_read_89\"><div class=\"entry-summary\">\n L\u00e4s sammanfattning Alla medlemmar ska kunna vara delaktiga idet som f\u00f6reningen g\u00f6r. F\u00f6reningarna beh\u00f6ver t\u00e4nka p\u00e5 vad medlemmarnabeh\u00f6ver f\u00f6r att kunna vara med p\u00e5 sina villkor. Det\u00e4r att visa respekt f\u00f6r varandra och att ta h\u00e4nsyn tillvarandra. Det g\u00f6r&hellip;\n<\/div>\n<div class=\"link-more-container\"><a href=\"https:\/\/www.afasi.se\/foreningshandbok\/driva-forening\/skapa-delaktighet\/\" class=\"link-more\" aria-label=\"Continue reading Skapa delaktighet\">Continue reading&hellip;<\/a><\/div>\n<\/div>","protected":false},"author":4,"featured_media":0,"parent":106,"menu_order":0,"comment_status":"closed","ping_status":"closed","template":"","meta":{"footnotes":""},"class_list":["post-89","page","type-page","status-publish","hentry","entry","entry-type-page"],"_links":{"self":[{"href":"https:\/\/www.afasi.se\/foreningshandbok\/wp-json\/wp\/v2\/pages\/89","targetHints":{"allow":["GET"]}}],"collection":[{"href":"https:\/\/www.afasi.se\/foreningshandbok\/wp-json\/wp\/v2\/pages"}],"about":[{"href":"https:\/\/www.afasi.se\/foreningshandbok\/wp-json\/wp\/v2\/types\/page"}],"author":[{"embeddable":true,"href":"https:\/\/www.afasi.se\/foreningshandbok\/wp-json\/wp\/v2\/users\/4"}],"replies":[{"embeddable":true,"href":"https:\/\/www.afasi.se\/foreningshandbok\/wp-json\/wp\/v2\/comments?post=89"}],"version-history":[{"count":13,"href":"https:\/\/www.afasi.se\/foreningshandbok\/wp-json\/wp\/v2\/pages\/89\/revisions"}],"predecessor-version":[{"id":831,"href":"https:\/\/www.afasi.se\/foreningshandbok\/wp-json\/wp\/v2\/pages\/89\/revisions\/831"}],"up":[{"embeddable":true,"href":"https:\/\/www.afasi.se\/foreningshandbok\/wp-json\/wp\/v2\/pages\/106"}],"wp:attachment":[{"href":"https:\/\/www.afasi.se\/foreningshandbok\/wp-json\/wp\/v2\/media?parent=89"}],"curies":[{"name":"wp","href":"https:\/\/api.w.org\/{rel}","templated":true}]}}