{"id":91,"date":"2018-04-05T10:24:03","date_gmt":"2018-04-05T08:24:03","guid":{"rendered":"http:\/\/www.afasi.se\/foreningshandbok\/?page_id=91"},"modified":"2026-04-17T15:29:39","modified_gmt":"2026-04-17T13:29:39","slug":"fa-fler-medlemmar-och-behalla-de-som-finns","status":"publish","type":"page","link":"https:\/\/www.afasi.se\/foreningshandbok\/driva-forening\/fa-fler-medlemmar-och-behalla-de-som-finns\/","title":{"rendered":"F\u00e5 fler medlemmar"},"content":{"rendered":"<!-- RS_MODULE_CODE_2.4.4 --><div id=\"readspeaker_button91\" class=\"rs_skip rsbtn rs_preserve\"><a class=\"rsbtn_play\" title=\"Lyssna p&aring; sidans text med ReadSpeaker\" accesskey=\"L\" href=\"\/\/app-eu.readspeaker.com\/cgi-bin\/rsent?customerid=7782&amp;lang=sv_se&amp;readid=rspeak_read_91&amp;url=https%3A%2F%2Fwww.afasi.se%2Fforeningshandbok%2Fwp-json%2Fwp%2Fv2%2Fpages%2F91\">\n        <span class=\"rsbtn_left rsimg rspart\"><span class=\"rsbtn_text\"><span>Lyssna<\/span><\/span><\/span>\n        <span class=\"rsbtn_right rsimg rsplay rspart\"><\/span>\n        <\/a><\/div><div id=\"rspeak_read_91\"><div class=\"breadcrumbs align top-page-breadcrumb wp-block-bcn-breadcrumb-trail has-text-color has-background\" vocab=\"https:\/\/schema.org\/\" typeof=\"BreadcrumbList\">\n\t<span><\/span>\n\t<span class=\"breadcrumbs-title\">Du \u00e4r h\u00e4r: <\/span><span property=\"itemListElement\" typeof=\"ListItem\"><a property=\"item\" typeof=\"WebPage\" title=\"G\u00e5 till F\u00f6reningshandboken.\" href=\"https:\/\/www.afasi.se\/foreningshandbok\" class=\"home\" aria-current=\"page\"><span property=\"name\">F\u00f6reningshandboken<\/span><\/a><meta property=\"position\" content=\"1\"><\/span><\/div>\n\n\n<div class=\"alignwide-wrap\" data-block=\"columns\">\n<div class=\"wp-block-columns alignwide\">\n<div class=\"wp-block-column\" style=\"flex-basis:30%\"><div id='iksm-695' class='iksm iksm-695 iksm-container '  data-id='695' data-is-pro='0' data-source='menu'><div class='iksm-terms'><div class='iksm-terms-tree iksm-terms-tree--level-1 iksm-terms-tree--parents' style=''><div class=\"iksm-terms-tree__inner\">\n        <div class=\"iksm-term iksm-term--id-677 iksm-term--parent\" data-id=\"677\">\n            <div class=\"iksm-term__inner\" tabindex='0'>\n                <a class=\"iksm-term__link\" href='https:\/\/www.afasi.se\/foreningshandbok\/driva-forening\/arsmoten\/' target='_self' tabindex='-1'>\n\t\t\t\t        <span class=\"iksm-term__text\">\u00c5rsm\u00f6ten<\/span>\n\t\t            <\/a>\n\t\t\t        <\/div>\n\t\t        <\/div>\n\n\t\t\n        <div class=\"iksm-term iksm-term--id-678 iksm-term--parent\" data-id=\"678\">\n            <div class=\"iksm-term__inner\" tabindex='0'>\n                <a class=\"iksm-term__link\" href='https:\/\/www.afasi.se\/foreningshandbok\/driva-forening\/arssammanstallning\/' target='_self' tabindex='-1'>\n\t\t\t\t        <span class=\"iksm-term__text\">\u00c5rssammanst\u00e4llning<\/span>\n\t\t            <\/a>\n\t\t\t        <\/div>\n\t\t        <\/div>\n\n\t\t\n        <div class=\"iksm-term iksm-term--id-679 iksm-term--parent\" data-id=\"679\">\n            <div class=\"iksm-term__inner\" tabindex='0'>\n                <a class=\"iksm-term__link\" href='https:\/\/www.afasi.se\/foreningshandbok\/driva-forening\/avsluta-forening\/' target='_self' tabindex='-1'>\n\t\t\t\t        <span class=\"iksm-term__text\">Avsluta f\u00f6rening<\/span>\n\t\t            <\/a>\n\t\t\t        <\/div>\n\t\t        <\/div>\n\n\t\t\n        <div class=\"iksm-term iksm-term--id-683 iksm-term--parent\" data-id=\"683\">\n            <div class=\"iksm-term__inner\" tabindex='0'>\n                <a class=\"iksm-term__link\" href='https:\/\/www.afasi.se\/foreningshandbok\/driva-forening\/skapa-delaktighet\/' target='_self' tabindex='-1'>\n\t\t\t\t        <span class=\"iksm-term__text\">Skapa delaktighet<\/span>\n\t\t            <\/a>\n\t\t\t        <\/div>\n\t\t        <\/div>\n\n\t\t\n        <div class=\"iksm-term iksm-term--id-680 iksm-term--parent\" data-id=\"680\">\n            <div class=\"iksm-term__inner\" tabindex='0'>\n                <a class=\"iksm-term__link\" href='https:\/\/www.afasi.se\/foreningshandbok\/driva-forening\/fa-fler-medlemmar-och-behalla-de-som-finns\/' target='_self' tabindex='-1'>\n\t\t\t\t        <span class=\"iksm-term__text\">F\u00e5 fler medlemmar<\/span>\n\t\t            <\/a>\n\t\t\t        <\/div>\n\t\t        <\/div>\n\n\t\t\n        <div class=\"iksm-term iksm-term--id-682 iksm-term--parent\" data-id=\"682\">\n            <div class=\"iksm-term__inner\" tabindex='0'>\n                <a class=\"iksm-term__link\" href='https:\/\/www.afasi.se\/foreningshandbok\/driva-forening\/paverkan\/' target='_self' tabindex='-1'>\n\t\t\t\t        <span class=\"iksm-term__text\">P\u00e5verkan<\/span>\n\t\t            <\/a>\n\t\t\t        <\/div>\n\t\t        <\/div>\n\n\t\t\n        <div class=\"iksm-term iksm-term--id-676 iksm-term--parent\" data-id=\"676\">\n            <div class=\"iksm-term__inner\" tabindex='0'>\n                <a class=\"iksm-term__link\" href='https:\/\/www.afasi.se\/foreningshandbok\/driva-forening\/aktiviteter-for-medlemmar\/' target='_self' tabindex='-1'>\n\t\t\t\t        <span class=\"iksm-term__text\">Aktiviteter<\/span>\n\t\t            <\/a>\n\t\t\t        <\/div>\n\t\t        <\/div>\n\n\t\t\n        <div class=\"iksm-term iksm-term--id-675 iksm-term--parent\" data-id=\"675\">\n            <div class=\"iksm-term__inner\" tabindex='0'>\n                <a class=\"iksm-term__link\" href='https:\/\/www.afasi.se\/foreningshandbok\/driva-forening\/afasidagen\/' target='_self' tabindex='-1'>\n\t\t\t\t        <span class=\"iksm-term__text\">Afasidagen<\/span>\n\t\t            <\/a>\n\t\t\t        <\/div>\n\t\t        <\/div>\n\n\t\t\n        <div class=\"iksm-term iksm-term--id-681 iksm-term--parent\" data-id=\"681\">\n            <div class=\"iksm-term__inner\" tabindex='0'>\n                <a class=\"iksm-term__link\" href='https:\/\/www.afasi.se\/foreningshandbok\/driva-forening\/motesplats-afasi\/' target='_self' tabindex='-1'>\n\t\t\t\t        <span class=\"iksm-term__text\">M\u00f6tesplats Afasi<\/span>\n\t\t            <\/a>\n\t\t\t        <\/div>\n\t\t        <\/div>\n\n\t\t\n        <div class=\"iksm-term iksm-term--id-684 iksm-term--parent\" data-id=\"684\">\n            <div class=\"iksm-term__inner\" tabindex='0'>\n                <a class=\"iksm-term__link\" href='https:\/\/www.afasi.se\/foreningshandbok\/driva-forening\/talknuten\/' target='_self' tabindex='-1'>\n\t\t\t\t        <span class=\"iksm-term__text\">Talknuten<\/span>\n\t\t            <\/a>\n\t\t\t        <\/div>\n\t\t        <\/div>\n\n\t\t<\/div><\/div><\/div><div id=\"iksm_data_args\" class=\"data-args\"  data-collapse_children_terms='1' data-collapse_other_terms='1' data-collapse_animation_duration='400' data-expand_animation_duration='400'><\/div><\/div><script id=\"styles-copier-69ecf1ac54ea6\">\n\t\t\t\/\/ Finding styles element\n\t        var element = document.getElementById(\"iksm-dynamic-style\");\n\t        if (!element) { \/\/ If no element (Cache plugins can remove tag), then creating a new one\n                element = document.createElement('style');\n                var head = document.getElementsByTagName(\"head\")\n                if (head && head[0]) {\n                \thead[0].appendChild(element);\n                } else {\n                  \tconsole.warn(\"Iks Menu | Error while printing styles. Please contact technical support.\");\n                }\n\t        }\n\t\t\t\/\/ Copying styles to <styles> tag\n\t        element.innerHTML += \".iksm-695 .iksm-terms{transition:all 400ms;animation:iks-fade-in 1000ms;}.iksm-695 .iksm-term__inner{background-color:rgba(255,255,255,1);min-height:44px;transition:all 400ms;}.iksm-695 .iksm-term__inner:hover{background-color:rgba(236,236,236,1);}.iksm-695 .iksm-term--current > .iksm-term__inner{background-color:rgba(212,212,212,1);}.iksm-695 .iksm-term__link{color:rgba(0,0,0,1);font-size:15px;line-height:15px;font-weight:400;text-decoration:none;padding-top:5px;padding-right:15px;padding-bottom:5px;padding-left:15px;transition:all 400ms;}.iksm-695 .iksm-term__inner:hover .iksm-term__link{color:rgba(50,50,50,1);}.iksm-695 .iksm-term__toggle__inner{transition:transform 400ms}.iksm-695 .iksm-term--expanded > .iksm-term__inner > .iksm-term__toggle > .iksm-term__toggle__inner{transform:rotate(180deg);}.iksm-695 .iksm-term__toggle{color:rgba(133,133,133,1);font-size:22px;align-self:stretch;height:unset;;width:40px;transition:all 400ms;}.iksm-695 .iksm-term__toggle:hover{color:rgba(0,0,0,1);}.iksm-695 .iksm-term__image-container{width:30px;min-width:30px;height:30px;min-height:30px;margin-right:15px;transition:all 400ms;}.iksm-695 .iksm-term__image{background-size:contain;background-position:center;background-repeat:no-repeat;}.iksm-695 .iksm-term__image-container:hover{background-size:contain;background-position:center;background-repeat:no-repeat;}.iksm-695 .iksm-term__inner:hover .iksm-term__image-container{background-size:contain;background-position:center;background-repeat:no-repeat;}.iksm-695 .iksm-term__inner:focus .iksm-term__image-container{background-size:contain;background-position:center;background-repeat:no-repeat;}.iksm-695 .iksm-term--current > .iksm-term__inner .iksm-term__image-container{background-size:contain;background-position:center;background-repeat:no-repeat;}.iksm-695 .iksm-term--child .iksm-term__inner .iksm-term__image-container{background-size:contain;background-position:center;background-repeat:no-repeat;}.iksm-695 .iksm-term--child .iksm-term__inner .iksm-term__image-container:hover{background-size:contain;background-position:center;background-repeat:no-repeat;}.iksm-695 .iksm-term--child .iksm-term__inner .iksm-term__image-container:focus{background-size:contain;background-position:center;background-repeat:no-repeat;}.iksm-695 .iksm-term--child.iksm-term--current > .iksm-term__inner .iksm-term__image-container{background-size:contain;background-position:center;background-repeat:no-repeat;}.iksm-695  .iksm-term__text{flex: unset}.iksm-695 .iksm-term__posts-count{color:rgba(133,133,133,1);font-size:16px;margin-left:12px;font-weight:400;transition:all 400ms;}\";\n\t        \/\/ Removing this script\n            var this_script = document.getElementById(\"styles-copier-69ecf1ac54ea6\");\n            if (this_script) { \/\/ Cache plugins can remove tag\n\t            this_script.outerHTML = \"\";\n\t            if (this_script.parentNode) {\n\t                this_script.parentNode.removeChild(this_script);\n\t            }\n            }\n        <\/script>\n<\/div>\n\n\n\n<div class=\"wp-block-column\" style=\"flex-basis:40%\">\n<h3 class=\"wp-block-heading\"><strong>F\u00e5 fler medlemmar och<br>beh\u00e5lla de som finns<\/strong><\/h3>\n\n\n\n<p><strong><a href=\"http:\/\/www.afasi.se\/foreningshandbok\/driva-forening\/sammanfattning-fa-fler-medlemmar\/\">L\u00e4s sammanfattning<\/a><\/strong><\/p>\n\n\n\n<p><strong>Det \u00e4r medlemmarna som tillsammans<br>\u00e4r Afasif\u00f6rbundet. Utan medlemmarna<br>skulle inte Afasif\u00f6rbundet finnas.<\/strong><\/p>\n\n\n\n<p>Det \u00e4r viktigt att det hela tiden kommer nya<br>medlemmar till f\u00f6rbundet. D\u00e5 kommer<br>Afasif\u00f6rbundet att leva vidare och forts\u00e4tta<br>vara ett st\u00f6d f\u00f6r personer med afasi och<br>DLD\/spr\u00e5kst\u00f6rning och f\u00f6r deras anh\u00f6riga.<\/p>\n\n\n\n<p>F\u00f6reningarna m\u00e5ste visa att de vill ha nya<br>medlemmar. Det \u00e4r viktigt att vara intresserad<br>av nya id\u00e9er och tankar s\u00e5 att personer blir<br>intresserade av att bli medlemmar. N\u00e4r \u00e4ldre<br>medlemmar d\u00f6r s\u00e5 blir det f\u00e4rre medlemmar<br>i Afasif\u00f6rbundet.<\/p>\n\n\n\n<h3 class=\"wp-block-heading\"><strong>Det ideella engagemanget<\/strong><\/h3>\n\n\n\n<p>Ungef\u00e4r h\u00e4lften av alla som bor i Sverige arbetar<br>ideellt i n\u00e5gon f\u00f6rening. Ideellt betyder utan att f\u00e5<br>l\u00f6n. Det \u00e4r lika stor del som i b\u00f6rjan av 1990-talet.<br>Intresset f\u00f6r att vara med och arbeta i en f\u00f6rening<br>har inte minskat, visar unders\u00f6kningar.<\/p>\n\n\n\n<p>Men m\u00e5nga f\u00f6reningar i Afasif\u00f6rbundet tycker att<br>det \u00e4r sv\u00e5rt att hitta personer som vill sitta i styrelsen<br>eller som vill vara medlemmar i f\u00f6reningen. Det \u00e4r<br>sv\u00e5rt att veta vad det beror p\u00e5. Internet och sociala<br>medier har f\u00f6r\u00e4ndrat samh\u00e4llet. Idag m\u00e5ste<br>f\u00f6reningar jobba h\u00e5rt f\u00f6r att vara synliga bland alla<br>andra f\u00f6reningar och all annan information.<\/p>\n\n\n\n<h3 class=\"wp-block-heading\"><strong>Vilka medlemmar finns i f\u00f6reningen<\/strong><\/h3>\n\n\n\n<p>Vilka \u00e4r medlemmar i f\u00f6reningen? \u00c4r det en viss typ<br>av m\u00e4nniskor som hittar till f\u00f6reningen och som blir<br>aktiva medlemmar? Eller \u00e4r det en blandning av<br>m\u00e4nniskor med exempelvis olika intressen, etniskt<br>ursprung, samh\u00e4llsklass, k\u00f6n och \u00e5lder?<\/p>\n\n\n\n<p>Det \u00e4r bra att prata om vilka som \u00e4r medlemmar i<br>f\u00f6reningen med j\u00e4mna mellanrum. D\u00e5 blir det<br>tydligt vilka som vet om f\u00f6reningen och \u00e4r<br>intresserade av den. Om det finns en blandning av<br>m\u00e4nniskor, en m\u00e5ngfald, i f\u00f6reningen kan det bli<br>l\u00e4ttare att intressera fler att bli medlemmar.<\/p>\n\n\n\n<p>Det \u00e4r ocks\u00e5 bra att prata om vilka som alltid g\u00f6r<br>vissa uppgifter i f\u00f6reningen. \u00c4r det samma person<br>som g\u00f6r fika och diskar? G\u00f6r bara kvinnor en del<br>uppgifter och bara m\u00e4n andra uppgifter? Varf\u00f6r \u00e4r<br>det s\u00e5? Ett tips \u00e4r att g\u00f6ra ett schema d\u00e4r olika<br>personer g\u00f6r olika saker varje g\u00e5ng.<\/p>\n\n\n\n<h3 class=\"wp-block-heading\"><strong>F\u00f6reningens erbjudande<\/strong><\/h3>\n\n\n\n<p>M\u00e5nga olika slags aktiviteter g\u00f6r att f\u00f6reningen<br>blir intressant f\u00f6r m\u00e5nga olika slags m\u00e4nniskor.<br>Det blir m\u00e5ngfald bland medlemmarna.<\/p>\n\n\n\n<p>En del medlemmar vill tr\u00e4na sitt spr\u00e5k. Andra vill<br>kanske \u00e5ka p\u00e5 resan som anordnas varje \u00e5r. N\u00e5gra<br>vill p\u00e5verka politiker i kommunen i en aktuell fr\u00e5ga.<br>En del vill ha m\u00f6ten p\u00e5 dagtid. Andra p\u00e5 kv\u00e4llstid.<\/p>\n\n\n\n<p>Medlemmar vill att f\u00f6reningen ska ha intressanta<br>aktiviteter. De vill ocks\u00e5 bli m\u00f6tta p\u00e5 ett bra s\u00e4tt,<br>med respekt, och k\u00e4nna att andra lyssnar p\u00e5 dem.<br>Annars kanske medlemmen slutar i f\u00f6reningen.<\/p>\n\n\n\n<h3 class=\"wp-block-heading\"><strong>F\u00f6rest\u00e4llningar om vad som \u00e4r normalt<\/strong><\/h3>\n\n\n\n<p>Vad \u00e4r normalt? Vad anses inte vara normalt? Det<br>finns m\u00e5nga f\u00f6rest\u00e4llningar, normer, om personer<br>med funktionsneds\u00e4ttning. Personer som har en<br>funktionsneds\u00e4ttning anses ofta vara en grupp d\u00e4r<br>alla \u00e4r lika. S\u00e5 \u00e4r det f\u00f6rst\u00e5s inte. M\u00e4nniskor med<br>olika funktionsneds\u00e4ttningar har olika behov.<br>Dessutom \u00e4r alla m\u00e4nniskor olika.<\/p>\n\n\n\n<p>Det \u00e4r bra att fundera \u00f6ver egna och f\u00f6reningens<br>f\u00f6rest\u00e4llningar och normer. H\u00e4r \u00e4r n\u00e5gra exempel:<br>\u2022 Tror vi att alla medlemmar har r\u00e5d att betala f\u00f6r<br>att vara med p\u00e5 en aktivitet?<br>\u2022 Tror vi att alla medlemmar kan lyssna p\u00e5 en<br>f\u00f6rel\u00e4sning eller m\u00f6te utan att det \u00e4r paus?<br>\u2022 Tror vi att alla medlemmar kan \u00e4ta allt? Vi ska<br>nog fr\u00e5ga om n\u00e5gon har allergi och behov av<br>anpassad kost.<\/p>\n\n\n\n<p><strong>Om f\u00f6reningen visar att den \u00e4r \u00f6ppen f\u00f6r att<br>m\u00e4nniskor \u00e4r olika och beh\u00f6ver olika saker f\u00f6r<br>att fungera bra s\u00e5 kan det bli l\u00e4ttare att f\u00e5nga<br>upp nya och beh\u00e5lla de medlemmar som finns.<\/strong><\/p>\n\n\n\n<p>\u00a9 Afasif\u00f6rbundet i Sverige<\/p>\n<\/div>\n<\/div>\n<\/div>\n\n\n<p><\/p>\n<\/div>","protected":false},"excerpt":{"rendered":"<!-- RS_MODULE_CODE_2.4.4 --><div id=\"readspeaker_button91\" class=\"rs_skip rsbtn rs_preserve\"><a class=\"rsbtn_play\" title=\"Lyssna p&aring; sidans text med ReadSpeaker\" accesskey=\"L\" href=\"\/\/app-eu.readspeaker.com\/cgi-bin\/rsent?customerid=7782&amp;lang=sv_se&amp;readid=rspeak_read_91&amp;url=https%3A%2F%2Fwww.afasi.se%2Fforeningshandbok%2Fwp-json%2Fwp%2Fv2%2Fpages%2F91\">\n        <span class=\"rsbtn_left rsimg rspart\"><span class=\"rsbtn_text\"><span>Lyssna<\/span><\/span><\/span>\n        <span class=\"rsbtn_right rsimg rsplay rspart\"><\/span>\n        <\/a><\/div><div id=\"rspeak_read_91\"><div class=\"entry-summary\">\n F\u00e5 fler medlemmar ochbeh\u00e5lla de som finns L\u00e4s sammanfattning Det \u00e4r medlemmarna som tillsammans\u00e4r Afasif\u00f6rbundet. Utan medlemmarnaskulle inte Afasif\u00f6rbundet finnas. Det \u00e4r viktigt att det hela tiden kommer nyamedlemmar till f\u00f6rbundet. D\u00e5 kommerAfasif\u00f6rbundet att leva vidare och forts\u00e4ttavara ett&hellip;\n<\/div>\n<div class=\"link-more-container\"><a href=\"https:\/\/www.afasi.se\/foreningshandbok\/driva-forening\/fa-fler-medlemmar-och-behalla-de-som-finns\/\" class=\"link-more\" aria-label=\"Continue reading F\u00e5 fler medlemmar\">Continue reading&hellip;<\/a><\/div>\n<\/div>","protected":false},"author":4,"featured_media":0,"parent":106,"menu_order":0,"comment_status":"closed","ping_status":"closed","template":"","meta":{"footnotes":""},"class_list":["post-91","page","type-page","status-publish","hentry","entry","entry-type-page"],"_links":{"self":[{"href":"https:\/\/www.afasi.se\/foreningshandbok\/wp-json\/wp\/v2\/pages\/91","targetHints":{"allow":["GET"]}}],"collection":[{"href":"https:\/\/www.afasi.se\/foreningshandbok\/wp-json\/wp\/v2\/pages"}],"about":[{"href":"https:\/\/www.afasi.se\/foreningshandbok\/wp-json\/wp\/v2\/types\/page"}],"author":[{"embeddable":true,"href":"https:\/\/www.afasi.se\/foreningshandbok\/wp-json\/wp\/v2\/users\/4"}],"replies":[{"embeddable":true,"href":"https:\/\/www.afasi.se\/foreningshandbok\/wp-json\/wp\/v2\/comments?post=91"}],"version-history":[{"count":6,"href":"https:\/\/www.afasi.se\/foreningshandbok\/wp-json\/wp\/v2\/pages\/91\/revisions"}],"predecessor-version":[{"id":1003,"href":"https:\/\/www.afasi.se\/foreningshandbok\/wp-json\/wp\/v2\/pages\/91\/revisions\/1003"}],"up":[{"embeddable":true,"href":"https:\/\/www.afasi.se\/foreningshandbok\/wp-json\/wp\/v2\/pages\/106"}],"wp:attachment":[{"href":"https:\/\/www.afasi.se\/foreningshandbok\/wp-json\/wp\/v2\/media?parent=91"}],"curies":[{"name":"wp","href":"https:\/\/api.w.org\/{rel}","templated":true}]}}